{"id":107,"date":"2022-02-25T14:46:57","date_gmt":"2022-02-25T14:46:57","guid":{"rendered":"https:\/\/articles.alpha.canada.ca\/cds-intranet-employee-guide\/?page_id=107"},"modified":"2025-09-25T14:28:58","modified_gmt":"2025-09-25T14:28:58","slug":"a-propos-du-snc","status":"publish","type":"page","link":"https:\/\/articles.alpha.canada.ca\/cds-intranet-employee-guide\/fr\/a-propos-du-snc\/","title":{"rendered":"\u00c0 propos du SNC"},"content":{"rendered":"\n<p><strong>Sur cette page:<\/strong><\/p>\n\n\n\n<ul class=\"wp-block-list\">\n<li><a href=\"#h-qui-nous-sommes\">Qui nous sommes<\/a><\/li>\n\n\n\n<li><a href=\"#h-notre-mission\">Notre mission<\/a><\/li>\n\n\n\n<li><a href=\"#nos-valeurs\">Nos valeurs<\/a><\/li>\n\n\n\n<li><a href=\"#h-nos-principes\">Nos principes<\/a><\/li>\n\n\n\n<li><a href=\"#h-nos-prestations\">Nos prestations<\/a><\/li>\n\n\n\n<li><a href=\"#h-reunions-du-snc\">R\u00e9unions du SNC<\/a><\/li>\n<\/ul>\n\n\n\n<p class=\"has-grey-background-color has-background\"><strong>Vous ne trouvez pas ce que vous cherchez ?&nbsp;<a href=\"https:\/\/forms-formulaires.alpha.canada.ca\/fr\/id\/clmjirh4s00jcyl6580mmz63h\">Partager vos commentaires<\/a>&nbsp;ou&nbsp;<a href=\"https:\/\/gcdigital.slack.com\/archives\/C5HNME1QC\" target=\"_blank\" rel=\"noreferrer noopener\">envoyez-nous un message sur Slack<\/a>&nbsp;\ud83d\udd12 \u2197\ufe0f<\/strong>&nbsp;<strong>et nous nous occuperons de l\u2019ajouter.<\/strong><\/p>\n\n\n\n<h3 class=\"wp-block-heading\" id=\"h-qui-nous-sommes-nbsp\"><strong>Qui nous sommes:&nbsp;<\/strong><\/h3>\n\n\n\n<p>Le Service num\u00e9rique canadien a \u00e9t\u00e9 cr\u00e9\u00e9 en 2017 pour changer la fa\u00e7on dont le gouvernement con\u00e7oit et fournit des services aux Canadiens.<\/p>\n\n\n\n<p>\u00c0 partir d&rsquo;une petite \u00e9quipe de dix-neuf employ\u00e9s, l&rsquo;organisation a grandi en taille et en influence depuis sa fondation, repr\u00e9sentant aujourd&rsquo;hui une \u00e9quipe de plus de 200 employ\u00e9s, avec un financement permanent annonc\u00e9 dans le budget f\u00e9d\u00e9ral (printemps 2021).&nbsp;&nbsp;<\/p>\n\n\n\n<p>Pour en savoir plus sur nos \u00e9quipes :&nbsp;<\/p>\n\n\n\n<ul class=\"wp-block-list\">\n<li><a href=\"https:\/\/articles.alpha.canada.ca\/cds-intranet-employee-guide\/fr\/a-propos-du-snc\/les-organigrammes-du-snc-la-suite\/\" target=\"_blank\" rel=\"noreferrer noopener\">Les organigrammes du SNC : la suite<\/a> \u2197\ufe0f<\/li>\n\n\n\n<li><a href=\"https:\/\/docs.google.com\/presentation\/d\/11mYBPXslI1vZgnI-GaunnXIW_Ky4cPa8e-UtEnI3Fco\/edit?usp=share_link\" target=\"_blank\" rel=\"noreferrer noopener\">Historique des rapports hi\u00e9rarchiques et du financement du SNC<\/a>&nbsp;(chronologie visuelle)\ud83d\udd12 \u2197\ufe0f<\/li>\n<\/ul>\n\n\n\n<h3 class=\"wp-block-heading\" id=\"h-notre-mission-nbsp\"><strong>Notre mission:<\/strong>&nbsp;<\/h3>\n\n\n\n<p id=\"nos-valeurs\">Changer le gouvernement pour mieux servir les gens. Nous collaborons avec des partenaires f\u00e9d\u00e9raux afin de cr\u00e9er des services am\u00e9lior\u00e9s pour le public et aider les fonctionnaires \u00e0 r\u00e9aliser ce travail important.<br><br><strong>Nos valeurs:<br><\/strong>Nous nous effor\u00e7ons d\u2019int\u00e9grer ces valeurs dans toutes les activit\u00e9s du SNC. Ces valeurs fa\u00e7onnent nos d\u00e9cisions, nos comportements et notre recrutement. <br><br><img loading=\"lazy\" decoding=\"async\" width=\"82\" height=\"81\" class=\"wp-image-278\" style=\"width: 41px\" src=\"https:\/\/articles.alpha.canada.ca\/uploads\/sites\/5\/2022\/03\/Screen-Shot-2022-03-16-at-3.39.48-PM.png\" alt=\"\">Placer les gens au c\u0153ur de toutes nos activit\u00e9s<\/p>\n\n\n\n<p><img loading=\"lazy\" decoding=\"async\" width=\"85\" height=\"84\" class=\"wp-image-280\" style=\"width: 41px\" src=\"https:\/\/articles.alpha.canada.ca\/uploads\/sites\/5\/2022\/03\/Screen-Shot-2022-03-16-at-3.40.04-PM.png\" alt=\"\">Obtenir des r\u00e9sultats mesurables<\/p>\n\n\n\n<p><img loading=\"lazy\" decoding=\"async\" width=\"82\" height=\"82\" class=\"wp-image-282\" style=\"width: 41px\" src=\"https:\/\/articles.alpha.canada.ca\/uploads\/sites\/5\/2022\/03\/Screen-Shot-2022-03-16-at-3.40.16-PM.png\" alt=\"\">S\u2019attaquer au travail difficile pour faciliter les choses<\/p>\n\n\n\n<p><img loading=\"lazy\" decoding=\"async\" width=\"81\" height=\"80\" class=\"wp-image-284\" style=\"width: 41px\" src=\"https:\/\/articles.alpha.canada.ca\/uploads\/sites\/5\/2022\/03\/Screen-Shot-2022-03-16-at-3.40.29-PM.png\" alt=\"\">Cr\u00e9er avec l\u2019intention d\u2019apprendre et d\u2019it\u00e9rer&nbsp;<\/p>\n\n\n\n<p><img loading=\"lazy\" decoding=\"async\" width=\"81\" height=\"82\" class=\"wp-image-288\" style=\"width: 41px\" src=\"https:\/\/articles.alpha.canada.ca\/uploads\/sites\/5\/2022\/03\/Screen-Shot-2022-03-16-at-3.40.47-PM.png\" alt=\"\">Travailler ouvertement de fa\u00e7on \u00e0 ouvrir la voie<\/p>\n\n\n\n<p><img loading=\"lazy\" decoding=\"async\" width=\"79\" height=\"83\" class=\"wp-image-286\" style=\"width: 41px\" src=\"https:\/\/articles.alpha.canada.ca\/uploads\/sites\/5\/2022\/03\/Screen-Shot-2022-03-16-at-3.40.38-PM.png\" alt=\"\">Prendre soin les uns des autres<\/p>\n\n\n\n<p><strong>Liens associ\u00e9s:<\/strong><\/p>\n\n\n\n<ul class=\"wp-block-list\">\n<li><a href=\"https:\/\/articles.alpha.canada.ca\/cds-intranet-employee-guide\/wp-admin\/post.php?post=2145&amp;action=edit&amp;lang=fr\" target=\"_blank\" rel=\"noreferrer noopener\">Napperon SNC &laquo; 101 &raquo;<\/a> \u2197\ufe0f<\/li>\n\n\n\n<li><a href=\"https:\/\/docs.google.com\/presentation\/d\/1x4dpreJZldth7WlkgRHkYgwG0hH0CUnFeIbosfgCZao\/edit?usp=sharing\" target=\"_blank\" rel=\"noreferrer noopener\">Code de conduite<\/a> \ud83d\udd12 \u2197\ufe0f<\/li>\n\n\n\n<li><a href=\"https:\/\/docs.google.com\/document\/d\/1cMJ_Kf_cipbFVaggAXfkb71EI97UqNSTFSDhp2WP-NU\/edit?usp=sharing\" target=\"_blank\" rel=\"noreferrer noopener\">Engagement des employ\u00e9s du SNC<\/a> \ud83d\udd12 \u2197\ufe0f<\/li>\n\n\n\n<li><a href=\"https:\/\/docs.google.com\/document\/d\/1JW-RwqfKtP26sh3wUaNAFdq1meihMAIy5hHYUSYNb7Y\/edit?usp=sharing\" target=\"_blank\" rel=\"noreferrer noopener\">Ligne de conduite en cas de conflit<\/a> \ud83d\udd12 \u2197\ufe0f<\/li>\n\n\n\n<li><a href=\"https:\/\/docs.google.com\/document\/d\/1W71CSM2IagtGf_6lM7aWfKDKXhR2t5RlLZwlA06glNE\/edit?usp=sharing\" target=\"_blank\" rel=\"noreferrer noopener\">Guide pour mieux s\u2019excuser <\/a> \ud83d\udd12 \u2197\ufe0f<\/li>\n\n\n\n<li><a href=\"https:\/\/docs.google.com\/spreadsheets\/d\/1sV6l0JaEsqWOv98PsU-ogvD60qDS3tDnsZmFWe0AA-w\/edit#gid=0\" target=\"_blank\" rel=\"noreferrer noopener\">Glossaire bilingue du SNC<\/a> \ud83d\udd12 \u2197\ufe0f<\/li>\n<\/ul>\n\n\n\n<h3 class=\"wp-block-heading\" id=\"h-nos-principes\">Nos principes<\/h3>\n\n\n\n<p>Nous entretenons des principes communs, que nous d\u00e9veloppions des produits pour nous-m\u00eames ou que nous conseillions d\u2019autres minist\u00e8res en mati\u00e8re de prestation de services.<\/p>\n\n\n\n<ul class=\"wp-block-list\">\n<li>Travailler en petites \u00e9quipes ind\u00e9pendantes et interdisciplinaires qui brisent les silos traditionnels.<\/li>\n\n\n\n<li>\u00c9changer directement avec les personnes vou\u00e9es \u00e0 utiliser le service, et ce, \u00e0 chaque \u00e9tape.<\/li>\n\n\n\n<li>Apporter aux produits de petites modifications progressives, continuellement.<\/li>\n\n\n\n<li>Cr\u00e9er des services accessibles et inclusifs compatibles avec n\u2019importe quel appareil ou \u00e9cran.<\/li>\n\n\n\n<li>Faciliter la t\u00e2che aux autres minist\u00e8res<br>en leur permettant de travailler de mani\u00e8re similaire.<\/li>\n<\/ul>\n\n\n\n<p>Nous avons appliqu\u00e9 nos principes num\u00e9riques pour aider, pendant cette pand\u00e9mie, les Canadiens, les anciens combattants et leurs familles, les personnes qui fuient l\u2019Afghanistan, les entrepreneurs qui s\u2019attaquent \u00e0 de grands d\u00e9fis publics, les victimes de la cybercriminalit\u00e9 et de la fraude, entre autres.<\/p>\n\n\n\n<h3 class=\"wp-block-heading\" id=\"h-nos-prestations\">Nos prestations <\/h3>\n\n\n\n<ul class=\"wp-block-list\">\n<li><strong>Partenariats<\/strong><br>Nous fournissons des conseils, un encadrement et des ressources pour aider les minist\u00e8res et les organismes \u00e0 am\u00e9liorer la fa\u00e7on dont ils con\u00e7oivent, mettent en place et fournissent leurs services publics.&nbsp;<\/li>\n\n\n\n<li><strong>Plateformes<\/strong><br>Nous construisons des composants communs pour les \u00e9tapes de service communes que n\u2019importe quel service peut utiliser pour rendre plus facile et moins co\u00fbteux la prestation de services meilleurs et plus coh\u00e9rents.<\/li>\n\n\n\n<li><strong>Travailler ouvertement <\/strong><br>Nous partageons le code, les ressources, les travaux en cours, la communaut\u00e9 et les le\u00e7ons, afin que d\u2019autres puissent contribuer, critiquer et apprendre de notre travail.<\/li>\n\n\n\n<li><strong>Lever les obstacles<\/strong><br>Nous plaidons en faveur de changements de politique, reposant sur l\u2019exp\u00e9rience de la mise en \u0153uvre, qui permettent aux minist\u00e8res d\u2019adopter plus facilement des pratiques agiles et ax\u00e9es sur les personnes.&nbsp;<\/li>\n<\/ul>\n\n\n\n<h3 class=\"wp-block-heading\" id=\"h-reunions-du-snc\"><br><strong>R\u00e9unions du SNC<\/strong><\/h3>\n\n\n\n<p>En savoir plus sur les r\u00e9unions et \u00e9v\u00e9nements relatifs \u00e0 l&rsquo;organisation sur <a href=\"https:\/\/articles.alpha.canada.ca\/cds-intranet-employee-guide\/fr\/reunions-et-rituels-dequipe\/\">la page d\u00e9di\u00e9e<\/a>.<\/p>\n","protected":false},"excerpt":{"rendered":"<p>Sur cette page: Vous ne trouvez pas ce que vous cherchez ?&nbsp;Partager vos commentaires&nbsp;ou&nbsp;envoyez-nous un message sur Slack&nbsp;\ud83d\udd12 \u2197\ufe0f&nbsp;et nous nous occuperons de l\u2019ajouter. Qui nous sommes:&nbsp; Le Service num\u00e9rique canadien a \u00e9t\u00e9 cr\u00e9\u00e9 en 2017 pour changer la fa\u00e7on dont le gouvernement con\u00e7oit et fournit des services aux Canadiens. \u00c0 partir d&rsquo;une petite \u00e9quipe\u2026 <a class=\"read-more\" href=\"https:\/\/articles.alpha.canada.ca\/cds-intranet-employee-guide\/fr\/a-propos-du-snc\/\">Read more<span class=\"wb-sl\"> of \u00c0 propos du SNC<\/span><\/a><\/p>\n","protected":false},"author":6,"featured_media":0,"parent":0,"menu_order":0,"comment_status":"closed","ping_status":"closed","template":"","meta":{"footnotes":""},"class_list":["post-107","page","type-page","status-publish","hentry"],"slug_en":"about-us","slug_fr":"a-propos-du-snc","id_en":87,"id_fr":107,"lang":"fr","_links":{"self":[{"href":"https:\/\/articles.alpha.canada.ca\/cds-intranet-employee-guide\/fr\/wp-json\/wp\/v2\/pages\/107","targetHints":{"allow":["GET"]}}],"collection":[{"href":"https:\/\/articles.alpha.canada.ca\/cds-intranet-employee-guide\/fr\/wp-json\/wp\/v2\/pages"}],"about":[{"href":"https:\/\/articles.alpha.canada.ca\/cds-intranet-employee-guide\/fr\/wp-json\/wp\/v2\/types\/page"}],"author":[{"embeddable":true,"href":"https:\/\/articles.alpha.canada.ca\/cds-intranet-employee-guide\/fr\/wp-json\/wp\/v2\/users\/6"}],"replies":[{"embeddable":true,"href":"https:\/\/articles.alpha.canada.ca\/cds-intranet-employee-guide\/fr\/wp-json\/wp\/v2\/comments?post=107"}],"version-history":[{"count":46,"href":"https:\/\/articles.alpha.canada.ca\/cds-intranet-employee-guide\/fr\/wp-json\/wp\/v2\/pages\/107\/revisions"}],"predecessor-version":[{"id":2268,"href":"https:\/\/articles.alpha.canada.ca\/cds-intranet-employee-guide\/fr\/wp-json\/wp\/v2\/pages\/107\/revisions\/2268"}],"wp:attachment":[{"href":"https:\/\/articles.alpha.canada.ca\/cds-intranet-employee-guide\/fr\/wp-json\/wp\/v2\/media?parent=107"}],"curies":[{"name":"wp","href":"https:\/\/api.w.org\/{rel}","templated":true}]}}