{"id":1099,"date":"2022-08-12T13:35:12","date_gmt":"2022-08-12T13:35:12","guid":{"rendered":"https:\/\/articles.alpha.canada.ca\/cds-intranet-employee-guide\/?page_id=1099"},"modified":"2023-12-05T21:14:09","modified_gmt":"2023-12-05T21:14:09","slug":"les-equipes-du-snc-2","status":"publish","type":"page","link":"https:\/\/articles.alpha.canada.ca\/cds-intranet-employee-guide\/fr\/les-equipes-du-snc-2\/","title":{"rendered":"Les \u00e9quipes du SNC"},"content":{"rendered":"\n<p>Voici un espace o\u00f9 les \u00e9quipes peuvent partager des documents de travail, des ressources et des renseignements \u00e0 travers l&rsquo;organisme.&nbsp;&nbsp;<\/p>\n\n\n\n<p>Vous voulez en savoir plus sur la fa\u00e7on dont votre \u00e9quipe peut ajouter du contenu \u00e0 l&rsquo;Intranet? Consultez <a href=\"https:\/\/docs.google.com\/document\/d\/15EopMqfMp87TzXk17jsisBNmvvDz5qbj5npK8T2zR8I\/edit?usp=sharing\">les directives relatives au contenu<\/a>, ou envoyez-nous <a href=\"https:\/\/gcdigital.slack.com\/archives\/C5HNME1QC\" target=\"_blank\" rel=\"noreferrer noopener\">un message sur Slack<\/a> pour organiser une discussion!<\/p>\n\n\n\n<p><strong>L&rsquo;Experience Client<\/strong><\/p>\n\n\n\n<ul class=\"wp-block-list\">\n<li><a href=\"https:\/\/docs.google.com\/presentation\/d\/1pUwKH_r9nHFiJK7n7WwioIWDEqU2eCXG_7irB-D-56I\/edit#slide=id.g101c13ff337_0_0\" target=\"_blank\" rel=\"noreferrer noopener\">Introduction \u00e0 l&rsquo;exp\u00e9rience client<\/a> \ud83d\udd12 \u2197\ufe0f (en anglais seulement)&nbsp;<\/li>\n<\/ul>\n\n\n\n<p><strong><a href=\"https:\/\/articles.alpha.canada.ca\/cds-intranet-employee-guide\/fr\/ingenierie-de-fiabilite-des-sites-ifs-et-operations-des-ti\/\">Ing\u00e9nierie de fiabilit\u00e9 des sites (IFS) et op\u00e9rations des TI<\/a><\/strong><\/p>\n\n\n\n<p><strong>Partenariats <\/strong><\/p>\n\n\n\n<p><strong>Plateformes <\/strong><\/p>\n\n\n\n<ul class=\"wp-block-list\">\n<li><a href=\"https:\/\/systeme-design.alpha.canada.ca\/fr\/\">Site web Syst\u00e8me de Design GC<\/a><\/li>\n\n\n\n<li><a href=\"https:\/\/github.com\/cds-snc\/gcds-components\">R\u00e9f\u00e9rentiel Syst\u00e8me de Design GC<\/a> (en anglais seulement)<\/li>\n\n\n\n<li><a href=\"https:\/\/www.figma.com\/file\/mh2maMG2NBtk41k1O1UGHV\/Canadian-Digital-Service%E2%80%A8---GC-Design-System?type=design&amp;node-id=4%3A1006&amp;mode=design&amp;t=lGah5PQ7YfztYRI4-1\">Bibilioth\u00e8que Figma Syst\u00e8me de Design GC<\/a><\/li>\n<\/ul>\n\n\n\n<p><strong>Infrastructure, s\u00e9curit\u00e9 et support technique de la plateforme <\/strong>(ISTS)&nbsp;<\/p>\n\n\n\n<ul class=\"wp-block-list\">\n<li><a href=\"https:\/\/cds-snc.github.io\/technical-playbook-manuel-technique\/fr\/\" target=\"_blank\" rel=\"noreferrer noopener\">Manuel technique du SNC<\/a>  \u2197\ufe0f<\/li>\n\n\n\n<li><a href=\"https:\/\/github.com\/cds-snc\/platform-sre-security-support\/wiki\" target=\"_blank\" rel=\"noreferrer noopener\">SRE, Security Support Wiki <\/a>(travaux en cours\/ en anglais seulement) \ud83d\udd12 \u2197\ufe0f<\/li>\n<\/ul>\n\n\n\n<p><strong>Politique<\/strong><\/p>\n\n\n\n<ul class=\"wp-block-list\">\n<li><a href=\"https:\/\/docs.google.com\/presentation\/d\/1P3A7tA4deXaGmDICz0Gk5sk7-kLbcnpk\/edit?usp=sharing&amp;ouid=101844627531492583631&amp;rtpof=true&amp;sd=true\" target=\"_blank\" rel=\"noreferrer noopener\">L&rsquo;\u00e9quipe des politiques du SNC 101<\/a> \ud83d\udd12 \u2197\ufe0f<\/li>\n\n\n\n<li><a href=\"https:\/\/docs.google.com\/document\/d\/1klINmS2b7ddmGfAcBC9iTD4hL9GMqg4sbxb0eum1--4\/\" target=\"_blank\" rel=\"noreferrer noopener\">Principes des r\u00e9unions de l\u2019\u00e9quipe des politiques 1.0<\/a> \ud83d\udd12 \u2197\ufe0f<\/li>\n\n\n\n<li><a href=\"https:\/\/docs.google.com\/document\/d\/1IY5YiG6OWFfgi8JmU6ACHIJsCmBCu-6IpEwbx2cSE_8\/edit?usp=sharing\" target=\"_blank\" rel=\"noreferrer noopener\">Guide du travail politique sur Notification GC<\/a> \ud83d\udd12 \u2197\ufe0f (en anglais seulement)&nbsp;<\/li>\n\n\n\n<li><a href=\"https:\/\/docs.google.com\/document\/d\/1bvXNuNJvpY3Yp2kgFFGqPNwCvt1rAfhgDRaNFqOZXoA\/edit#\" target=\"_blank\" rel=\"noreferrer noopener\">Guide de travail politique sur GCFormes<\/a> \ud83d\udd12 \u2197\ufe0f (en anglais seulement)&nbsp;<\/li>\n\n\n\n<li><a href=\"https:\/\/docs.google.com\/document\/d\/1A5-dlEILt84DIr0pOQLeFjYI-yz16-M8l1aJFVuF9Mk\/edit#heading=h.11u0zetpugt7\" target=\"_blank\" rel=\"noreferrer noopener\">Guide du travail politique sur Articles GC et les Listes GC<\/a> \ud83d\udd12 \u2197\ufe0f (en anglais seulement)&nbsp;<\/li>\n\n\n\n<li><a href=\"https:\/\/cds-snc.github.io\/policy-politique\/fr\/\" target=\"_blank\" rel=\"noreferrer noopener\">D\u00e9p\u00f4t de l\u2019\u00e9quipe politique SNC<\/a> \u2197\ufe0f<\/li>\n\n\n\n<li><a href=\"https:\/\/articles.alpha.canada.ca\/cds-intranet-employee-guide\/fr\/les-equipes-du-snc\/services-aux-cours-et-aux-tribunaux\/\">Directives politiques du SNC <\/a><\/li>\n<\/ul>\n\n\n\n<p><strong>Talents<\/strong><\/p>\n\n\n\n<ul class=\"wp-block-list\">\n<li><a href=\"https:\/\/docs.google.com\/document\/d\/1XJ5St2Bitqi5Ln84GU5Tr3moGmpk-rxpObwHnqEcDp8\/edit#heading=h.gjdgxs\" target=\"_blank\" rel=\"noreferrer noopener\">Guide de recrutement pour les gestionnaires et \u00e9quipes d\u2019embauche au SNC<\/a> \ud83d\udd12 \u2197\ufe0f<\/li>\n\n\n\n<li><a href=\"https:\/\/docs.google.com\/document\/d\/1dwaDmeo2qsIJ_9yiuiDuOzd_WAvHTqO98tfhZxZFDOY\/edit#\" target=\"_blank\" rel=\"noreferrer noopener\">Guide pour recruteur\u00b7se<\/a> \ud83d\udd12 \u2197\ufe0f<\/li>\n<\/ul>\n","protected":false},"excerpt":{"rendered":"<p>Voici un espace o\u00f9 les \u00e9quipes peuvent partager des documents de travail, des ressources et des renseignements \u00e0 travers l&rsquo;organisme.&nbsp;&nbsp; Vous voulez en savoir plus sur la fa\u00e7on dont votre \u00e9quipe peut ajouter du contenu \u00e0 l&rsquo;Intranet? Consultez les directives relatives au contenu, ou envoyez-nous un message sur Slack pour organiser une discussion! L&rsquo;Experience Client\u2026 <a class=\"read-more\" href=\"https:\/\/articles.alpha.canada.ca\/cds-intranet-employee-guide\/fr\/les-equipes-du-snc-2\/\">Read more<span class=\"wb-sl\"> of Les \u00e9quipes du SNC<\/span><\/a><\/p>\n","protected":false},"author":6,"featured_media":0,"parent":0,"menu_order":0,"comment_status":"closed","ping_status":"closed","template":"","meta":{"footnotes":""},"class_list":["post-1099","page","type-page","status-publish","hentry"],"slug_en":"cds-teams","slug_fr":"les-equipes-du-snc-2","id_en":656,"id_fr":1099,"lang":"fr","_links":{"self":[{"href":"https:\/\/articles.alpha.canada.ca\/cds-intranet-employee-guide\/fr\/wp-json\/wp\/v2\/pages\/1099","targetHints":{"allow":["GET"]}}],"collection":[{"href":"https:\/\/articles.alpha.canada.ca\/cds-intranet-employee-guide\/fr\/wp-json\/wp\/v2\/pages"}],"about":[{"href":"https:\/\/articles.alpha.canada.ca\/cds-intranet-employee-guide\/fr\/wp-json\/wp\/v2\/types\/page"}],"author":[{"embeddable":true,"href":"https:\/\/articles.alpha.canada.ca\/cds-intranet-employee-guide\/fr\/wp-json\/wp\/v2\/users\/6"}],"replies":[{"embeddable":true,"href":"https:\/\/articles.alpha.canada.ca\/cds-intranet-employee-guide\/fr\/wp-json\/wp\/v2\/comments?post=1099"}],"version-history":[{"count":10,"href":"https:\/\/articles.alpha.canada.ca\/cds-intranet-employee-guide\/fr\/wp-json\/wp\/v2\/pages\/1099\/revisions"}],"predecessor-version":[{"id":1744,"href":"https:\/\/articles.alpha.canada.ca\/cds-intranet-employee-guide\/fr\/wp-json\/wp\/v2\/pages\/1099\/revisions\/1744"}],"wp:attachment":[{"href":"https:\/\/articles.alpha.canada.ca\/cds-intranet-employee-guide\/fr\/wp-json\/wp\/v2\/media?parent=1099"}],"curies":[{"name":"wp","href":"https:\/\/api.w.org\/{rel}","templated":true}]}}