{"id":1964,"date":"2024-07-10T16:09:48","date_gmt":"2024-07-10T16:09:48","guid":{"rendered":"https:\/\/articles.alpha.canada.ca\/cds-intranet-employee-guide\/?page_id=1964"},"modified":"2025-06-12T17:41:24","modified_gmt":"2025-06-12T17:41:24","slug":"ambassadrices-et-ambassadeurs-du-changement","status":"publish","type":"page","link":"https:\/\/articles.alpha.canada.ca\/cds-intranet-employee-guide\/fr\/ambassadrices-et-ambassadeurs-du-changement\/","title":{"rendered":"Ambassadrices et ambassadeurs du changement"},"content":{"rendered":"\n<p><strong>Parcourir par th\u00e8me :<\/strong><\/p>\n\n\n\n<ul class=\"wp-block-list\">\n<li>Liens rapides\n<ul class=\"wp-block-list\">\n<li><a href=\"https:\/\/numerique.canada.ca\/rapports\/strategie-2024.pdf\" target=\"_blank\" rel=\"noreferrer noopener\">Vision strat\u00e9gique du SNC pour 2024\u20132027 (SNC&nbsp;: la suite)<\/a> \u2197\ufe0f<\/li>\n\n\n\n<li><a href=\"https:\/\/numerique.canada.ca\/rapports\/plan-tactique-2024.pdf\" target=\"_blank\" rel=\"noreferrer noopener\">Plan tactique pour 2024\u20132025<\/a> \u2197\ufe0f<\/li>\n\n\n\n<li><a href=\"https:\/\/numerique.canada.ca\/rapports\/rapport-annuel-2023.pdf\" target=\"_blank\" rel=\"noreferrer noopener\">Rapport annuel pour 2023\u20132024<\/a> \u2197\ufe0f<\/li>\n\n\n\n<li><a href=\"https:\/\/docs.google.com\/document\/d\/11cBNWF7p7wH7cka-IL9mTqadodr2uqwR4zRVANWYPBQ\/edit?usp=sharing\" target=\"_blank\" rel=\"noreferrer noopener\">Questions fr\u00e9quentes<\/a> \ud83d\udd12 \u2197\ufe0f<\/li>\n<\/ul>\n<\/li>\n\n\n\n<li><a href=\"#h-le-changement-c-est-difficile\">Le changement, c\u2019est difficile<\/a><\/li>\n\n\n\n<li><a href=\"#h-ambassadeur-rice-s-du-changement\">Ambassadeur\u00b7rice\u00b7s du changement<\/a><\/li>\n<\/ul>\n\n\n\n<p class=\"has-grey-background-color has-background\">Vous ne trouvez pas ce que vous cherchez? <strong><a href=\"mailto:info@cds-snc.ca\" target=\"_blank\" rel=\"noreferrer noopener\">Envoyez-nous vos commentaires<\/a><\/strong>, et nous t\u00e2cherons d\u2019ajouter ce qui manque. \ud83d\udd12 \u2197\ufe0f<\/p>\n\n\n\n<p>Depuis f\u00e9vrier, la haute direction travaille sur la <strong>Vision strat\u00e9gique du SNC pour 2024\u20132027<\/strong>, aussi appel\u00e9e <strong>SNC&nbsp;: la suite<\/strong>. Cette vision d\u00e9crit nos missions collectives et ce que nous pr\u00e9voyons de r\u00e9aliser ensemble. Nos priorit\u00e9s collectives et nos travaux quotidiens devront refl\u00e9ter la vision, aussi voulons-nous nous assurer que tout le monde a l\u2019occasion de poser des questions et d\u2019obtenir des r\u00e9ponses claires et utiles.<\/p>\n\n\n\n<h3 class=\"wp-block-heading\" id=\"h-le-changement-c-est-difficile\"><strong>Le changement, c\u2019est difficile<\/strong><\/h3>\n\n\n\n<p>Que vous fassiez partie du SNC depuis longtemps ou que vous l\u2019ayez r\u00e9cemment rejoint, nous vivons cette suite ensemble. Et ensemble, nous pouvons cr\u00e9er une organisation encore plus forte et influente. Cela ne va pas sans dire que les difficult\u00e9s li\u00e9es \u00e0 la croissance ne disparaissent pas du jour au lendemain. C\u2019est pourquoi il est n\u00e9cessaire, pour notre r\u00e9ussite future, d\u2019offrir des occasions de clarifier les choses et de recueillir vos commentaires.<\/p>\n\n\n\n<p>Pour faciliter la circulation d\u2019informations sur <em>SNC&nbsp;: la suite<\/em>, nous avons form\u00e9 une \u00e9quipe d\u2019ambassadrices et d\u2019ambassadeurs du changement qui repr\u00e9sentent chaque \u00e9quipe du SNC. La voix de tout un chacun est importante. Cette initiative est essentielle pour donner aux membres du SNC l\u2019occasion de faire part de leurs pr\u00e9occupations, de poser des questions et de fournir leurs commentaires. Nous voulons que tout le monde puisse pousser dans la m\u00eame direction et que tout le monde participe. N\u2019h\u00e9sitez pas \u00e0 entrer en contact avec les ambassadeur\u00b7rice\u00b7s qui suivent.<\/p>\n\n\n\n<h3 class=\"wp-block-heading\" id=\"h-ambassadeur-rice-s-du-changement\"><strong>Ambassadeur\u00b7rice\u00b7s du changement<\/strong><\/h3>\n\n\n\n<p><strong>Produits composables<\/strong> : Mario Garneau, Jesse Burcsik<br><strong>Produits d&rsquo;entreprise<\/strong> : Kevin Herman, Peng Wei<br><strong>Acc\u00e9l\u00e9ration d&rsquo;activit\u00e9s et services<\/strong> : Denis Tsui, Katharine Lamarca<br><strong>Op\u00e9rations<\/strong> : Rashi Khilnani, Cheyenne Arrowsmith, Emily Christie<br><strong>Bureau de la transformation num\u00e9rique<\/strong> : Tracy McKenney<\/p>\n\n\n\n<p>Nous sommes enthousiastes \u00e0 l\u2019id\u00e9e de travailler ensemble et de faire honneur aux principes du SNC ainsi qu\u2019\u00e0 notre mission commune&nbsp;: mieux servir les gens. Ensemble, tout est possible.<\/p>\n","protected":false},"excerpt":{"rendered":"<p>Parcourir par th\u00e8me : Vous ne trouvez pas ce que vous cherchez? Envoyez-nous vos commentaires, et nous t\u00e2cherons d\u2019ajouter ce qui manque. \ud83d\udd12 \u2197\ufe0f Depuis f\u00e9vrier, la haute direction travaille sur la Vision strat\u00e9gique du SNC pour 2024\u20132027, aussi appel\u00e9e SNC&nbsp;: la suite. Cette vision d\u00e9crit nos missions collectives et ce que nous pr\u00e9voyons de\u2026 <a class=\"read-more\" href=\"https:\/\/articles.alpha.canada.ca\/cds-intranet-employee-guide\/fr\/ambassadrices-et-ambassadeurs-du-changement\/\">Read more<span class=\"wb-sl\"> of Ambassadrices et ambassadeurs du changement<\/span><\/a><\/p>\n","protected":false},"author":185,"featured_media":0,"parent":0,"menu_order":0,"comment_status":"closed","ping_status":"closed","template":"","meta":{"footnotes":""},"class_list":["post-1964","page","type-page","status-publish","hentry"],"slug_en":"change-ambassadors","slug_fr":"ambassadrices-et-ambassadeurs-du-changement","id_en":1909,"id_fr":1964,"lang":"fr","_links":{"self":[{"href":"https:\/\/articles.alpha.canada.ca\/cds-intranet-employee-guide\/fr\/wp-json\/wp\/v2\/pages\/1964","targetHints":{"allow":["GET"]}}],"collection":[{"href":"https:\/\/articles.alpha.canada.ca\/cds-intranet-employee-guide\/fr\/wp-json\/wp\/v2\/pages"}],"about":[{"href":"https:\/\/articles.alpha.canada.ca\/cds-intranet-employee-guide\/fr\/wp-json\/wp\/v2\/types\/page"}],"author":[{"embeddable":true,"href":"https:\/\/articles.alpha.canada.ca\/cds-intranet-employee-guide\/fr\/wp-json\/wp\/v2\/users\/185"}],"replies":[{"embeddable":true,"href":"https:\/\/articles.alpha.canada.ca\/cds-intranet-employee-guide\/fr\/wp-json\/wp\/v2\/comments?post=1964"}],"version-history":[{"count":11,"href":"https:\/\/articles.alpha.canada.ca\/cds-intranet-employee-guide\/fr\/wp-json\/wp\/v2\/pages\/1964\/revisions"}],"predecessor-version":[{"id":2207,"href":"https:\/\/articles.alpha.canada.ca\/cds-intranet-employee-guide\/fr\/wp-json\/wp\/v2\/pages\/1964\/revisions\/2207"}],"wp:attachment":[{"href":"https:\/\/articles.alpha.canada.ca\/cds-intranet-employee-guide\/fr\/wp-json\/wp\/v2\/media?parent=1964"}],"curies":[{"name":"wp","href":"https:\/\/api.w.org\/{rel}","templated":true}]}}