{"id":2145,"date":"2025-03-28T18:22:00","date_gmt":"2025-03-28T18:22:00","guid":{"rendered":"https:\/\/articles.alpha.canada.ca\/cds-intranet-employee-guide\/?page_id=2145"},"modified":"2025-08-12T13:28:41","modified_gmt":"2025-08-12T13:28:41","slug":"napperon-snc-101","status":"publish","type":"page","link":"https:\/\/articles.alpha.canada.ca\/cds-intranet-employee-guide\/fr\/napperon-snc-101\/","title":{"rendered":"Napperon SNC &laquo; 101 &raquo;"},"content":{"rendered":"\n<div style=\"height:40px\" aria-hidden=\"true\" class=\"wp-block-spacer\"><\/div>\n\n\n\n<figure class=\"wp-block-image size-full\"><a href=\"https:\/\/drive.google.com\/file\/d\/1T60UfvgOZhMuXi0Pv2a5P-OaEwhoSRgP\/view?usp=sharing\" target=\"_blank\" rel=\" noreferrer noopener\"><img loading=\"lazy\" decoding=\"async\" width=\"1024\" height=\"663\" src=\"https:\/\/articles.alpha.canada.ca\/uploads\/sites\/5\/2025\/03\/SNC_CDS-Napperon-11X17-mars-2025_FR-2.jpg\" alt=\"An 11x17 snapshot of CDS products and services, significant organizational milestones, and statistics. (last updated: March 2028)\" class=\"wp-image-2146\" title=\"Napperon SNC 101\" srcset=\"https:\/\/articles.alpha.canada.ca\/uploads\/sites\/5\/2025\/03\/SNC_CDS-Napperon-11X17-mars-2025_FR-2.jpg 1024w, https:\/\/articles.alpha.canada.ca\/uploads\/sites\/5\/2025\/03\/SNC_CDS-Napperon-11X17-mars-2025_FR-2-300x194.jpg 300w, https:\/\/articles.alpha.canada.ca\/uploads\/sites\/5\/2025\/03\/SNC_CDS-Napperon-11X17-mars-2025_FR-2-768x497.jpg 768w\" sizes=\"auto, (max-width: 1024px) 100vw, 1024px\" \/><\/a><\/figure>\n\n\n\n<div style=\"height:40px\" aria-hidden=\"true\" class=\"wp-block-spacer\"><\/div>\n\n\n\n<p><strong>Napperon SNC &laquo; 101 &raquo; :<\/strong> Un aper\u00e7u de 11&#215;17 des produits et services du SNC, des \u00e9tapes organisationnelles importantes et des statistiques. (derni\u00e8re mise \u00e0 jour : mars 2025)<\/p>\n","protected":false},"excerpt":{"rendered":"<p>Napperon SNC &laquo; 101 &raquo; : Un aper\u00e7u de 11&#215;17 des produits et services du SNC, des \u00e9tapes organisationnelles importantes et des statistiques. (derni\u00e8re mise \u00e0 jour : mars 2025)<\/p>\n","protected":false},"author":185,"featured_media":0,"parent":0,"menu_order":0,"comment_status":"closed","ping_status":"closed","template":"","meta":{"footnotes":""},"class_list":["post-2145","page","type-page","status-publish","hentry"],"slug_en":null,"slug_fr":"napperon-snc-101","id_en":null,"id_fr":2145,"lang":"fr","_links":{"self":[{"href":"https:\/\/articles.alpha.canada.ca\/cds-intranet-employee-guide\/fr\/wp-json\/wp\/v2\/pages\/2145","targetHints":{"allow":["GET"]}}],"collection":[{"href":"https:\/\/articles.alpha.canada.ca\/cds-intranet-employee-guide\/fr\/wp-json\/wp\/v2\/pages"}],"about":[{"href":"https:\/\/articles.alpha.canada.ca\/cds-intranet-employee-guide\/fr\/wp-json\/wp\/v2\/types\/page"}],"author":[{"embeddable":true,"href":"https:\/\/articles.alpha.canada.ca\/cds-intranet-employee-guide\/fr\/wp-json\/wp\/v2\/users\/185"}],"replies":[{"embeddable":true,"href":"https:\/\/articles.alpha.canada.ca\/cds-intranet-employee-guide\/fr\/wp-json\/wp\/v2\/comments?post=2145"}],"version-history":[{"count":3,"href":"https:\/\/articles.alpha.canada.ca\/cds-intranet-employee-guide\/fr\/wp-json\/wp\/v2\/pages\/2145\/revisions"}],"predecessor-version":[{"id":2220,"href":"https:\/\/articles.alpha.canada.ca\/cds-intranet-employee-guide\/fr\/wp-json\/wp\/v2\/pages\/2145\/revisions\/2220"}],"wp:attachment":[{"href":"https:\/\/articles.alpha.canada.ca\/cds-intranet-employee-guide\/fr\/wp-json\/wp\/v2\/media?parent=2145"}],"curies":[{"name":"wp","href":"https:\/\/api.w.org\/{rel}","templated":true}]}}