{"id":2243,"date":"2025-09-25T13:17:17","date_gmt":"2025-09-25T13:17:17","guid":{"rendered":"https:\/\/articles.alpha.canada.ca\/cds-intranet-employee-guide\/?page_id=2243"},"modified":"2026-01-15T21:19:29","modified_gmt":"2026-01-15T21:19:29","slug":"les-organigrammes-du-snc-la-suite","status":"publish","type":"page","link":"https:\/\/articles.alpha.canada.ca\/cds-intranet-employee-guide\/fr\/a-propos-du-snc\/les-organigrammes-du-snc-la-suite\/","title":{"rendered":"Les organigrammes du SNC : la suite"},"content":{"rendered":"\n<p>Mise \u00e0 jour : septembre 2025<\/p>\n\n\n\n<p><strong>D\u00e9couvrez comment le SNC est structur\u00e9<\/strong><br>Vous \u00eates-vous d\u00e9j\u00e0 demand\u00e9 comment est-ce que toutes les pi\u00e8ces du&nbsp;puzzle du SNC s\u2019assemblent? Nous avons pr\u00e9par\u00e9 plusieurs organigrammes pour vous donner une vue globale. Vous y trouverez une vue d\u2019ensemble du SNC, un organigramme du Bureau du President-directeur g\u00e9n\u00e9ral (PDG), ainsi que les organigrammes de chacune de nos cinq unit\u00e9s op\u00e9rationnelles. C\u2019est une fa\u00e7on simple de voir comment les \u00e9quipes sont reli\u00e9es et qui travaille o\u00f9.<\/p>\n\n\n\n<ul class=\"wp-block-list\">\n<li><a href=\"https:\/\/drive.google.com\/file\/d\/1wxOzD9o2wsV6EJ2JT7mN4T-Xmvdfhbw9\/view?usp=drive_link\">Vue d\u2019ensemble<\/a><\/li>\n\n\n\n<li><a href=\"https:\/\/drive.google.com\/file\/d\/1mCWbAVlud5VJ8boxX4BG72NYVc5BwXBQ\/view?usp=drive_link\">Bureau du President-directeur g\u00e9n\u00e9ral (PDG)<\/a><\/li>\n\n\n\n<li><a href=\"https:\/\/drive.google.com\/file\/d\/1z0v8da6HtntI5fgeNXI2hs3w9Q-KHn_J\/view?usp=drive_link\">Plateforme<\/a><\/li>\n\n\n\n<li><a href=\"https:\/\/drive.google.com\/file\/d\/1qAQlQ4ABe2uVlg4N7ry_J-zSh-iXGS-E\/view?usp=drive_link\">Programme de justificatifs num\u00e9riques d\u2019entreprise unit\u00e9 d\u2019op\u00e9ration (PJNE)<\/a><\/li>\n\n\n\n<li><a href=\"https:\/\/drive.google.com\/file\/d\/1MF-ccamCNDDVJ4qZJEtnbZRXMxlARM6Z\/view?usp=drive_link\">L\u2019acc\u00e9l\u00e9ration d\u2019activit\u00e9s et les Services<\/a><\/li>\n\n\n\n<li><a href=\"https:\/\/drive.google.com\/file\/d\/1f8QHrTRhXy4T_twMzNLXm2i_UBqlzC__\/view?usp=drive_link\">Op\u00e9rations<\/a><\/li>\n<\/ul>\n\n\n\n<p>Les organigrammes sont mis \u00e0 jour chaque trimestre et incluent uniquement les employ\u00e9s actifs et ceux en cong\u00e9.<\/p>\n","protected":false},"excerpt":{"rendered":"<p>Mise \u00e0 jour : septembre 2025 D\u00e9couvrez comment le SNC est structur\u00e9Vous \u00eates-vous d\u00e9j\u00e0 demand\u00e9 comment est-ce que toutes les pi\u00e8ces du&nbsp;puzzle du SNC s\u2019assemblent? Nous avons pr\u00e9par\u00e9 plusieurs organigrammes pour vous donner une vue globale. Vous y trouverez une vue d\u2019ensemble du SNC, un organigramme du Bureau du President-directeur g\u00e9n\u00e9ral (PDG), ainsi que les\u2026 <a class=\"read-more\" href=\"https:\/\/articles.alpha.canada.ca\/cds-intranet-employee-guide\/fr\/a-propos-du-snc\/les-organigrammes-du-snc-la-suite\/\">Read more<span class=\"wb-sl\"> of Les organigrammes du SNC : la suite<\/span><\/a><\/p>\n","protected":false},"author":185,"featured_media":0,"parent":107,"menu_order":0,"comment_status":"closed","ping_status":"closed","template":"","meta":{"footnotes":""},"class_list":["post-2243","page","type-page","status-publish","hentry"],"slug_en":"cds-next-organizational-charts","slug_fr":"les-organigrammes-du-snc-la-suite","id_en":2241,"id_fr":2243,"lang":"fr","_links":{"self":[{"href":"https:\/\/articles.alpha.canada.ca\/cds-intranet-employee-guide\/fr\/wp-json\/wp\/v2\/pages\/2243","targetHints":{"allow":["GET"]}}],"collection":[{"href":"https:\/\/articles.alpha.canada.ca\/cds-intranet-employee-guide\/fr\/wp-json\/wp\/v2\/pages"}],"about":[{"href":"https:\/\/articles.alpha.canada.ca\/cds-intranet-employee-guide\/fr\/wp-json\/wp\/v2\/types\/page"}],"author":[{"embeddable":true,"href":"https:\/\/articles.alpha.canada.ca\/cds-intranet-employee-guide\/fr\/wp-json\/wp\/v2\/users\/185"}],"replies":[{"embeddable":true,"href":"https:\/\/articles.alpha.canada.ca\/cds-intranet-employee-guide\/fr\/wp-json\/wp\/v2\/comments?post=2243"}],"version-history":[{"count":12,"href":"https:\/\/articles.alpha.canada.ca\/cds-intranet-employee-guide\/fr\/wp-json\/wp\/v2\/pages\/2243\/revisions"}],"predecessor-version":[{"id":2301,"href":"https:\/\/articles.alpha.canada.ca\/cds-intranet-employee-guide\/fr\/wp-json\/wp\/v2\/pages\/2243\/revisions\/2301"}],"up":[{"embeddable":true,"href":"https:\/\/articles.alpha.canada.ca\/cds-intranet-employee-guide\/fr\/wp-json\/wp\/v2\/pages\/107"}],"wp:attachment":[{"href":"https:\/\/articles.alpha.canada.ca\/cds-intranet-employee-guide\/fr\/wp-json\/wp\/v2\/media?parent=2243"}],"curies":[{"name":"wp","href":"https:\/\/api.w.org\/{rel}","templated":true}]}}