{"id":320,"date":"2022-03-21T18:12:59","date_gmt":"2022-03-21T18:12:59","guid":{"rendered":"https:\/\/articles.alpha.canada.ca\/cds-intranet-employee-guide\/?page_id=320"},"modified":"2024-10-02T13:41:55","modified_gmt":"2024-10-02T13:41:55","slug":"outils-et-liens-utiles","status":"publish","type":"page","link":"https:\/\/articles.alpha.canada.ca\/cds-intranet-employee-guide\/fr\/votre-carriere-au-snc\/outils-et-liens-utiles\/","title":{"rendered":"Outils et liens utiles"},"content":{"rendered":"\n<p><strong>Sur cette page:<\/strong><\/p>\n\n\n\n<ul class=\"wp-block-list\">\n<li><a href=\"#h-mais-comment-faire\">Mais comment faire?<\/a><\/li>\n\n\n\n<li><a href=\"#h-liens-utiles\">Liens utiles<\/a><\/li>\n\n\n\n<li><a href=\"#h-chaines-slack-utiles\">Cha\u00eenes Slack utiles&nbsp;<\/a><\/li>\n\n\n\n<li><a href=\"#h-numeros-de-telephone-utiles\">Num\u00e9ros de t\u00e9l\u00e9phone utiles<\/a><\/li>\n<\/ul>\n\n\n\n<h3 class=\"wp-block-heading\" id=\"h-mais-comment-faire\"><strong><em>Mais comment faire?<\/em><\/strong><\/h3>\n\n\n\n<figure class=\"wp-block-table\"><table><tbody><tr><td><strong>Programme<\/strong><\/td><td><strong>Utilit\u00e9<\/strong><\/td><td><strong>Appareil<\/strong><\/td><td><strong>Renseignements d\u2019ouverture de session<\/strong><\/td><\/tr><tr><td><a href=\"https:\/\/www.csps-efpc.gc.ca\/platform\/about-fra.aspx\" target=\"_blank\" rel=\"noreferrer noopener\">Plateform d\u2019apprentissage de l\u2019\u00c9cole de la fonction publique du Canada<\/a><\/td><td>Plateform d\u2019apprentissage de l\u2019\u00c9cole de la fonction publique du Canada&nbsp;(\u00c9FPC)<\/td><td>Macbook ou tablette&nbsp;<\/td><td><strong>Pour s\u2019inscrire:<\/strong> @tbs-sct.gc.ca et code d\u2019identification de dossier personnel&nbsp;(CIDP)<br><strong>Pour ouvrir une session:<\/strong> @tbs-sct.gc.ca et mot de passe<\/td><\/tr><tr><td>G&nbsp;Suite<\/td><td>Services non prot\u00e9g\u00e9s, comme le courriel, le calendrier, le clavardage, les outils de r\u00e9union et de productivit\u00e9 (feuilles de calcul, documents et diapositives)&nbsp;<\/td><td>MacBook ou tablette<\/td><td>Vos renseignements de G&nbsp;Suite et votre cl\u00e9&nbsp;YubiKey&nbsp;<\/td><\/tr><tr><td>HRG-SVP<\/td><td>Syst\u00e8me de voyage<\/td><td>MacBook (recommand\u00e9) ou tablette<\/td><td>Num\u00e9ro d\u2019identification de voyageur&nbsp;(NIV ou \u00ab&nbsp;TIN&nbsp;\u00bb en anglais)<\/td><\/tr><tr><td>PeopleSoft<\/td><td>Demandes de cong\u00e9<\/td><td>Tablette du SCT seulement (Infosite du SCT)&nbsp;<\/td><td>Nom d\u2019utilisateur et mot de passe PeopleSoft<\/td><\/tr><tr><td>Ph\u00e9nix&nbsp;\u2013 application Web de la r\u00e9mun\u00e9ration (AWR)<\/td><td>R\u00e9mun\u00e9ration et avantages<\/td><td>Tablette du SCT seulement (Infosite du SCT)&nbsp;<\/td><td>maCL\u00c9 et CIDP<\/td><\/tr><tr><td>Gestion du rendement de la fonction publique&nbsp;(GRFP)<\/td><td>Gestion du rendement de l\u2019employ\u00e9&nbsp;(EGR)<\/td><td>Tablette du SCT seulement (Infosite du SCT)&nbsp;<\/td><td>maCL\u00c9 et CIDP<\/td><\/tr><\/tbody><\/table><\/figure>\n\n\n\n<h3 class=\"wp-block-heading\" id=\"h-liens-utiles\">Liens utiles:<\/h3>\n\n\n\n<ul class=\"wp-block-list\">\n<li><a href=\"https:\/\/www.canada.ca\/fr\/sante-canada\/services\/sante-environnement-milieu-travail\/sante-securite-travail\/service-aide-employes\/programme-aide-employes.html\" target=\"_blank\" rel=\"noreferrer noopener\">Programme d\u2019aide aux employ\u00e9s<\/a>&nbsp;(PAE)\n<ul class=\"wp-block-list\">\n<li><a href=\"https:\/\/www.linkedin.com\/posts\/benren-goc_liste-des-th%C3%A9rapeutes-noirs-activity-6932019052135501824-a3bV\/\" target=\"_blank\" rel=\"noreferrer noopener\">Liste de th\u00e9rapeutes noirs<\/a> du R\u00e9seau des ex\u00e9cutifs noirs<\/li>\n\n\n\n<li><a href=\"https:\/\/www.healingincolour.com\/directory\" target=\"_blank\" rel=\"noreferrer noopener\">Liste de th\u00e9rapeutes PANDC<\/a> de Healing in Colour (en anglais)<\/li>\n<\/ul>\n<\/li>\n\n\n\n<li><a href=\"https:\/\/www.canada.ca\/fr\/gouvernement\/fonctionpublique\/mieux-etre-inclusion-diversite-fonction-publique\/diversite-equite-matiere-emploi\/travailler-gouvernement-canada-obligation-prendre-mesures-adaptation-votre-droit-non-discrimination.html\" target=\"_blank\" rel=\"noreferrer noopener\">Travailler au gouvernement du Canada : L&rsquo;obligation de prendre des mesures d&rsquo;adaptation et votre droit \u00e0 la non-discrimination<\/a>&nbsp;<\/li>\n\n\n\n<li><a href=\"https:\/\/www.canada.ca\/fr\/gouvernement\/fonctionpublique\/valeurs.html\" target=\"_blank\" rel=\"noreferrer noopener\">Valeurs et ethique de la fonction publique<\/a>&nbsp;<\/li>\n\n\n\n<li><a href=\"https:\/\/articles.alpha.canada.ca\/cds-intranet-employee-guide\/fr\/a-propos-du-snc\/\">Valeurs du SNC<\/a><\/li>\n\n\n\n<li><a href=\"https:\/\/docs.google.com\/document\/d\/1cMJ_Kf_cipbFVaggAXfkb71EI97UqNSTFSDhp2WP-NU\/edit\" target=\"_blank\" rel=\"noreferrer noopener\">Engagement des employ\u00e9s du SNC<\/a><\/li>\n\n\n\n<li><a href=\"https:\/\/docs.google.com\/document\/d\/19Mf-6ycJW6-TiYyclr3e0VCegQ7hoPNyTBahTceegzY\/edit?usp=sharing\" target=\"_blank\" rel=\"noreferrer noopener\">Communiquer avec la direction<\/a> <strong>\ud83d\udd12 \u2197\ufe0f<\/strong> <\/li>\n<\/ul>\n\n\n\n<h3 class=\"wp-block-heading\" id=\"h-chaines-slack-utiles\"><strong>Cha\u00eenes Slack utiles<\/strong><\/h3>\n\n\n\n<ul class=\"wp-block-list\">\n<li><a href=\"https:\/\/gcdigital.slack.com\/archives\/C2G47TBA4\" target=\"_blank\" rel=\"noreferrer noopener\">#general<\/a><\/li>\n\n\n\n<li><a href=\"https:\/\/gcdigital.slack.com\/archives\/C028P4DMTMH\" target=\"_blank\" rel=\"noreferrer noopener\">#annonces-announcements<\/a> : les annonces internes de haut niveau, qui sont aussi envoy\u00e9es par courriel<\/li>\n\n\n\n<li><a href=\"https:\/\/gcdigital.slack.com\/archives\/CAG3312TD\" target=\"_blank\" rel=\"noreferrer noopener\">#diversity-inclusion<\/a> : Liens et chats sur les pratiques DEI<\/li>\n\n\n\n<li><a href=\"https:\/\/app.slack.com\/client\/T2G2S06PM\/C85KD77ED\">#newcomers<\/a>&nbsp;<\/li>\n\n\n\n<li><a href=\"https:\/\/app.slack.com\/client\/T2G2S06PM\/C7PQPK5EU\">#overheard<\/a><\/li>\n\n\n\n<li>Votre responsable vous fera \u00e9galement part des canaux que vous devrez rejoindre pour votre travail. Il existe \u00e9galement une multitude de canaux que vous pouvez rejoindre pour apprendre ou pour vous socialiser. Parcourez tous les canaux pour trouver ceux qui pourraient vous int\u00e9resser !&nbsp;<\/li>\n<\/ul>\n\n\n\n<figure class=\"wp-block-image size-full\"><img loading=\"lazy\" decoding=\"async\" width=\"440\" height=\"274\" src=\"https:\/\/articles.alpha.canada.ca\/uploads\/sites\/5\/2022\/11\/parcourir-les-canaux.png\" alt=\"capture d'\u00e9cran parcourir canaux Slack\" class=\"wp-image-1423\" srcset=\"https:\/\/articles.alpha.canada.ca\/uploads\/sites\/5\/2022\/11\/parcourir-les-canaux.png 440w, https:\/\/articles.alpha.canada.ca\/uploads\/sites\/5\/2022\/11\/parcourir-les-canaux-300x187.png 300w\" sizes=\"auto, (max-width: 440px) 100vw, 440px\" \/><\/figure>\n\n\n\n<h3 class=\"wp-block-heading\" id=\"h-numeros-de-telephone-utiles\"><strong>Num\u00e9ros de t\u00e9l\u00e9phone utiles<\/strong><\/h3>\n\n\n\n<ul class=\"wp-block-list\">\n<li><strong>InfoService national<\/strong> 1-800-268-0408<\/li>\n\n\n\n<li><strong>Centre des services de paye de la fonction publique<\/strong> 1-855-686-4729<\/li>\n\n\n\n<li><strong>Le Centre des pensions<\/strong> 1-800-561-7930<\/li>\n\n\n\n<li><strong>La Compagnie d\u2019Assurance du Canada sur la Vie (RSDFP, anciennement La Great-West)<\/strong> 1-855-415-4414<\/li>\n\n\n\n<li><strong>Programme d\u2019aide aux employ\u00e9s<\/strong> 1-800-268-7708, ou 1-800-567-5803 (service num\u00e9rique pour les personnes sourdes ou malentendantes). Par clavardage :\u00a0<a href=\"https:\/\/sante.canada.ca\/fr\/sante-canada\/services\/sante-environnement-milieu-travail\/sante-securite-travail\/service-aide-employes\/pour-nous-joindre\/clavardage-etape-1-3.html\" target=\"_blank\" rel=\"noreferrer noopener\">Service de clavardage du PAE<\/a>\u00a0(mot de passe :\u00a0<strong>canada<\/strong>)<\/li>\n<\/ul>\n\n\n\n<p><\/p>\n\n\n\n<p><\/p>\n\n\n\n<p><\/p>\n\n\n\n<p><\/p>\n\n\n\n<p><\/p>\n\n\n\n<p><\/p>\n","protected":false},"excerpt":{"rendered":"<p>Sur cette page: Mais comment faire? Programme Utilit\u00e9 Appareil Renseignements d\u2019ouverture de session Plateform d\u2019apprentissage de l\u2019\u00c9cole de la fonction publique du Canada Plateform d\u2019apprentissage de l\u2019\u00c9cole de la fonction publique du Canada&nbsp;(\u00c9FPC) Macbook ou tablette&nbsp; Pour s\u2019inscrire: @tbs-sct.gc.ca et code d\u2019identification de dossier personnel&nbsp;(CIDP)Pour ouvrir une session: @tbs-sct.gc.ca et mot de passe G&nbsp;Suite Services\u2026 <a class=\"read-more\" href=\"https:\/\/articles.alpha.canada.ca\/cds-intranet-employee-guide\/fr\/votre-carriere-au-snc\/outils-et-liens-utiles\/\">Read more<span class=\"wb-sl\"> of Outils et liens utiles<\/span><\/a><\/p>\n","protected":false},"author":6,"featured_media":0,"parent":650,"menu_order":1,"comment_status":"closed","ping_status":"closed","template":"","meta":{"footnotes":""},"class_list":["post-320","page","type-page","status-publish","hentry"],"slug_en":"tools-and-helpful-links","slug_fr":"outils-et-liens-utiles","id_en":316,"id_fr":320,"lang":"fr","_links":{"self":[{"href":"https:\/\/articles.alpha.canada.ca\/cds-intranet-employee-guide\/fr\/wp-json\/wp\/v2\/pages\/320","targetHints":{"allow":["GET"]}}],"collection":[{"href":"https:\/\/articles.alpha.canada.ca\/cds-intranet-employee-guide\/fr\/wp-json\/wp\/v2\/pages"}],"about":[{"href":"https:\/\/articles.alpha.canada.ca\/cds-intranet-employee-guide\/fr\/wp-json\/wp\/v2\/types\/page"}],"author":[{"embeddable":true,"href":"https:\/\/articles.alpha.canada.ca\/cds-intranet-employee-guide\/fr\/wp-json\/wp\/v2\/users\/6"}],"replies":[{"embeddable":true,"href":"https:\/\/articles.alpha.canada.ca\/cds-intranet-employee-guide\/fr\/wp-json\/wp\/v2\/comments?post=320"}],"version-history":[{"count":12,"href":"https:\/\/articles.alpha.canada.ca\/cds-intranet-employee-guide\/fr\/wp-json\/wp\/v2\/pages\/320\/revisions"}],"predecessor-version":[{"id":2019,"href":"https:\/\/articles.alpha.canada.ca\/cds-intranet-employee-guide\/fr\/wp-json\/wp\/v2\/pages\/320\/revisions\/2019"}],"up":[{"embeddable":true,"href":"https:\/\/articles.alpha.canada.ca\/cds-intranet-employee-guide\/fr\/wp-json\/wp\/v2\/pages\/650"}],"wp:attachment":[{"href":"https:\/\/articles.alpha.canada.ca\/cds-intranet-employee-guide\/fr\/wp-json\/wp\/v2\/media?parent=320"}],"curies":[{"name":"wp","href":"https:\/\/api.w.org\/{rel}","templated":true}]}}