{"id":332,"date":"2022-03-21T20:22:48","date_gmt":"2022-03-21T20:22:48","guid":{"rendered":"https:\/\/articles.alpha.canada.ca\/cds-intranet-employee-guide\/?page_id=332"},"modified":"2024-10-11T13:18:39","modified_gmt":"2024-10-11T13:18:39","slug":"outils-de-communication","status":"publish","type":"page","link":"https:\/\/articles.alpha.canada.ca\/cds-intranet-employee-guide\/fr\/outils-de-communication\/","title":{"rendered":"Comment raconter nos histoires"},"content":{"rendered":"\n<p>L\u2019\u00e9quipe de Communication et marketing est l\u00e0 pour vous aider \u00e0 rendre visible votre travail aupr\u00e8s des fonctionnaires, des parties prenantes et du public.\u00a0<\/p>\n\n\n\n<p>Vous trouverez ci-dessous quelques ressources qui vous aideront dans cette d\u00e9marche.<\/p>\n\n\n\n<p class=\"has-grey-background-color has-background\"><strong>Vous ne trouvez pas ce que vous cherchez ?\u00a0<a href=\"https:\/\/forms-formulaires.alpha.canada.ca\/fr\/id\/clmjirh4s00jcyl6580mmz63h\">Partager vos commentaires<\/a>\u00a0ou\u00a0<a href=\"https:\/\/gcdigital.slack.com\/archives\/C5HNME1QC\" target=\"_blank\" rel=\"noreferrer noopener\">envoyez-nous un message sur Slack<\/a>\u00a0\ud83d\udd12 \u2197\ufe0f<\/strong>\u00a0<strong>et nous nous occuperons de l\u2019ajouter.<\/strong><\/p>\n\n\n\n<p>\u269c\ufe0f<strong> Services linguistiques<\/strong><\/p>\n\n\n\n<ul class=\"wp-block-list\">\n<li><a href=\"https:\/\/docs.google.com\/forms\/d\/e\/1FAIpQLSeU4FmZ9PUjemagx7HpWXnLk8xFQ_u59BvAK1NhwbeNKZFBXA\/viewform\" target=\"_blank\" rel=\"noreferrer noopener\">Formulaire de demande de traduction<\/a>&nbsp;: remplir ce formulaire pour faire traduire un document. \ud83d\udd12 \u2197\ufe0f<\/li>\n<\/ul>\n\n\n\n<p>\ud83e\udde9 <strong>Communication au sein du SNC<\/strong><\/p>\n\n\n\n<ul class=\"wp-block-list\">\n<li><a href=\"https:\/\/docs.google.com\/document\/d\/15EopMqfMp87TzXk17jsisBNmvvDz5qbj5npK8T2zR8I\/edit#\" target=\"_blank\" rel=\"noreferrer noopener\">Ajout de contenu dans l\u2019intranet<\/a> : apprendre comment vous ou votre \u00e9quipe pouvez contribuer \u00e0 l\u2019am\u00e9lioration du contenu de l\u2019intranet. \ud83d\udd12 \u2197\ufe0f<\/li>\n\n\n\n<li><a href=\"https:\/\/articles.alpha.canada.ca\/cds-intranet-employee-guide\/fr\/lignes-directrices-en-matiere-de-communication-du-snc\/\" target=\"_blank\" rel=\"noreferrer noopener\">Lignes directrices en mati\u00e8re de communication<\/a> : apprendre \u00e0 utiliser plus efficacement Slack, Google Calendar, Google Hangouts et d\u2019autres outils pour am\u00e9liorer les communications internes, dans un environnement de travail d\u00e9centralis\u00e9 (BETA).<\/li>\n<\/ul>\n\n\n\n<p><strong>\ud83d\uddbc <\/strong><strong>Guides et mod\u00e8les du SNC&nbsp;:<\/strong><\/p>\n\n\n\n<ul class=\"wp-block-list\">\n<li><a href=\"https:\/\/docs.google.com\/document\/d\/1yCPqLPC7helzgsnSaxAvid7X_RhxVp_Wh4lEX3vlPfg\/edit#heading=h.ttoem6kmf09\" target=\"_blank\" rel=\"noreferrer noopener\">Guide de style<\/a> : assurer l\u2019uniformit\u00e9 des communications au SNC. \ud83d\udd12 \u2197\ufe0f<\/li>\n\n\n\n<li><a href=\"https:\/\/docs.google.com\/presentation\/u\/0\/?ftv=1&amp;tgif=d\" target=\"_blank\" rel=\"noreferrer noopener\">Mod\u00e8les de pr\u00e9sentation<\/a> : utiliser ces mod\u00e8les pour cr\u00e9er des pr\u00e9sentations conformes \u00e0 l\u2019image de marque du SNC. \ud83d\udd12 \u2197\ufe0f<\/li>\n\n\n\n<li><a href=\"https:\/\/docs.google.com\/forms\/d\/e\/1FAIpQLSczs5n014H8yofcpVMtvffdrJ3zle-Osj1TevjDXfMOdZxDqQ\/viewform\" target=\"_blank\" rel=\"noreferrer noopener\">Demandes relatives au site Web<\/a> : sugg\u00e9rer une modification, signaler un bogue ou donner votre avis sur le site Web du SNC. \ud83d\udd12 \u2197\ufe0f<\/li>\n\n\n\n<li><a href=\"https:\/\/docs.google.com\/document\/d\/1ZQro0MyDLYLc9pVgQJId7ADD3OCvfbsWztSqQAe2gTU\/edit\" target=\"_blank\" rel=\"noreferrer noopener\">Messages cl\u00e9s<\/a> : r\u00e9utiliser des contenus pour parler du travail que nous faisons. \ud83d\udd12 \u2197\ufe0f<\/li>\n\n\n\n<li><a href=\"https:\/\/docs.google.com\/document\/d\/1raUtWVVRWNGbYsSFyfe-RSqd6oINtdCcuSsLnw0mH10\/edit?usp=sharing\" target=\"_blank\" rel=\"noreferrer noopener\">Principes du SNC pour travailler ouvertement<\/a>. \ud83d\udd12 \u2197\ufe0f<\/li>\n<\/ul>\n\n\n\n<p>\ud83c\udf0e <strong>Travail ouvert<\/strong><\/p>\n\n\n\n<ul class=\"wp-block-list\">\n<li>Si vous avez une id\u00e9e pour un blogue, <a href=\"https:\/\/docs.google.com\/document\/d\/1uTIN5SeNz7De7NvaVr4U6Fu6AHseRyVhgz2eL4iK8bs\/edit\" target=\"_blank\" rel=\"noreferrer noopener\">utilisez ce guide<\/a> et travaillez de concert avec nos narrateur\u00b7rice\u00b7s pour r\u00e9diger votre r\u00e9cit. \ud83d\udd12 \u2197\ufe0f<\/li>\n\n\n\n<li><a href=\"https:\/\/docs.google.com\/document\/d\/1ph9AGPzRc7yr50M_ZaBhwG7g1JdadTGYCCGhCtgT6VU\/edit#\" target=\"_blank\" rel=\"noreferrer noopener\">Principes de r\u00e9daction des billets de blogue<\/a> \ud83d\udd12 \u2197\ufe0f<\/li>\n\n\n\n<li><a href=\"https:\/\/docs.google.com\/document\/d\/1VKIO6ahxUSJ3kwk4fQ17spVZhsruBSWFQvukRuRdOgM\/edit?usp=sharing\" target=\"_blank\" rel=\"noreferrer noopener\">Que faire si les m\u00e9dias vous approchent<\/a> \ud83d\udd12 \u2197\ufe0f<\/li>\n\n\n\n<li><a href=\"https:\/\/docs.google.com\/document\/d\/1WffI2VKMFmn08rxcqe-eSvgvugUtjVvtSG-9qlkefWk\/edit?usp=sharing\" target=\"_blank\" rel=\"noreferrer noopener\">Lignes directrices sur les m\u00e9dias sociaux pour les fonctionnaires<\/a> : apprendre ce que l\u2019\u00e9quipe de Communication et marketing peut faire pour vous aider \u00e0 travailler ouvertement tout en respectant les meilleures pratiques adress\u00e9es aux fonctionnaires, et ce, autant en ce qui concerne les publications du SNC que les publications personnelles. \ud83d\udd12 \u2197\ufe0f\n<ul class=\"wp-block-list\">\n<li><a href=\"https:\/\/docs.google.com\/document\/d\/1D38Jsm_sqBYebpyDuooIDmc95B2_pLOdUam7kSdjwAg\/edit?usp=sharing\" target=\"_blank\" rel=\"noreferrer noopener\">Lignes directrices sur la publication dans les m\u00e9dias sociaux et sur les blogues personnels pendant une \u00e9lection<\/a> : s\u2019appuyer sur ces informations pour r\u00e9diger les publications en p\u00e9riode d\u2019\u00e9lection. \ud83d\udd12 \u2197\ufe0f<\/li>\n<\/ul>\n<\/li>\n<\/ul>\n","protected":false},"excerpt":{"rendered":"<p>L\u2019\u00e9quipe de Communication et marketing est l\u00e0 pour vous aider \u00e0 rendre visible votre travail aupr\u00e8s des fonctionnaires, des parties prenantes et du public.\u00a0 Vous trouverez ci-dessous quelques ressources qui vous aideront dans cette d\u00e9marche. Vous ne trouvez pas ce que vous cherchez ?\u00a0Partager vos commentaires\u00a0ou\u00a0envoyez-nous un message sur Slack\u00a0\ud83d\udd12 \u2197\ufe0f\u00a0et nous nous occuperons de\u2026 <a class=\"read-more\" href=\"https:\/\/articles.alpha.canada.ca\/cds-intranet-employee-guide\/fr\/outils-de-communication\/\">Read more<span class=\"wb-sl\"> of Comment raconter nos histoires<\/span><\/a><\/p>\n","protected":false},"author":6,"featured_media":0,"parent":0,"menu_order":0,"comment_status":"closed","ping_status":"closed","template":"","meta":{"footnotes":""},"class_list":["post-332","page","type-page","status-publish","hentry"],"slug_en":"telling-our-stories","slug_fr":"outils-de-communication","id_en":327,"id_fr":332,"lang":"fr","_links":{"self":[{"href":"https:\/\/articles.alpha.canada.ca\/cds-intranet-employee-guide\/fr\/wp-json\/wp\/v2\/pages\/332","targetHints":{"allow":["GET"]}}],"collection":[{"href":"https:\/\/articles.alpha.canada.ca\/cds-intranet-employee-guide\/fr\/wp-json\/wp\/v2\/pages"}],"about":[{"href":"https:\/\/articles.alpha.canada.ca\/cds-intranet-employee-guide\/fr\/wp-json\/wp\/v2\/types\/page"}],"author":[{"embeddable":true,"href":"https:\/\/articles.alpha.canada.ca\/cds-intranet-employee-guide\/fr\/wp-json\/wp\/v2\/users\/6"}],"replies":[{"embeddable":true,"href":"https:\/\/articles.alpha.canada.ca\/cds-intranet-employee-guide\/fr\/wp-json\/wp\/v2\/comments?post=332"}],"version-history":[{"count":56,"href":"https:\/\/articles.alpha.canada.ca\/cds-intranet-employee-guide\/fr\/wp-json\/wp\/v2\/pages\/332\/revisions"}],"predecessor-version":[{"id":2034,"href":"https:\/\/articles.alpha.canada.ca\/cds-intranet-employee-guide\/fr\/wp-json\/wp\/v2\/pages\/332\/revisions\/2034"}],"wp:attachment":[{"href":"https:\/\/articles.alpha.canada.ca\/cds-intranet-employee-guide\/fr\/wp-json\/wp\/v2\/media?parent=332"}],"curies":[{"name":"wp","href":"https:\/\/api.w.org\/{rel}","templated":true}]}}