{"id":427,"date":"2022-04-08T15:25:00","date_gmt":"2022-04-08T15:25:00","guid":{"rendered":"https:\/\/articles.alpha.canada.ca\/cds-intranet-employee-guide\/pay-leave-and-benefits\/"},"modified":"2025-03-03T16:08:01","modified_gmt":"2025-03-03T16:08:01","slug":"pay-leave-and-benefits","status":"publish","type":"page","link":"https:\/\/articles.alpha.canada.ca\/cds-intranet-employee-guide\/fr\/pay-leave-and-benefits\/","title":{"rendered":"R\u00e9mun\u00e9ration, cong\u00e9s et avantages"},"content":{"rendered":"\n<p>Des liens utiles et des aper\u00e7us de votre r\u00e9mun\u00e9ration, de vos cong\u00e9s et de vos avantages sociaux au SNC.<\/p>\n\n\n\n<p>Si vous ne trouvez pas l&rsquo;information dont vous avez besoin ici, vous pouvez:<\/p>\n\n\n\n<ul class=\"wp-block-list\">\n<li>consulter <a href=\"https:\/\/iservice.prv\/fra\/rh\/remun\/index.shtml\" target=\"_blank\" rel=\"noreferrer noopener\">EDSC iService<\/a> (sur tablette seulement) \u2197\ufe0f\u00a0<\/li>\n\n\n\n<li>communiquer avec les \u00e9quipes des <a href=\"https:\/\/gcdigital.slack.com\/archives\/C5JP6731T\">talents <\/a>ou des <a href=\"https:\/\/gcdigital.slack.com\/archives\/CELJ86CHX\">op\u00e9rations internes<\/a> sur Slack \u2197\ufe0f<\/li>\n<\/ul>\n\n\n\n<p class=\"has-grey-background-color has-background\"><strong>Vous ne trouvez pas ce que vous cherchez ?&nbsp;<a href=\"https:\/\/forms-formulaires.alpha.canada.ca\/fr\/id\/clmjirh4s00jcyl6580mmz63h\">Partager vos commentaires<\/a>&nbsp;ou&nbsp;<a href=\"https:\/\/gcdigital.slack.com\/archives\/C5HNME1QC\" target=\"_blank\" rel=\"noreferrer noopener\">envoyez-nous un message sur Slack<\/a>&nbsp;\ud83d\udd12 \u2197\ufe0f<\/strong>&nbsp;<strong>et nous nous occuperons de l\u2019ajouter.<\/strong><\/p>\n\n\n\n<p><strong><strong><a href=\"https:\/\/articles.alpha.canada.ca\/cds-intranet-employee-guide\/fr\/votre-paye\/\">Votre paye<\/a><\/strong><\/strong><br>Comment nous sommes pay\u00e9s,  le calcul de votre salaire brut bihebdomadaire (avant d\u00e9ductions), et la soumission des heures suppl\u00e9mentaires.<\/p>\n\n\n\n<p><strong><strong><a href=\"https:\/\/articles.alpha.canada.ca\/cds-intranet-employee-guide\/fr\/apercu-des-avantages-sociaux-au-snc\/\">Aper\u00e7u des avantages sociaux au SNC<\/a><\/strong><\/strong><\/p>\n\n\n\n<p>D\u00e9couvrez quand votre couverture commence, ce qui est couvert et qui vous devez contacter si vous avez des questions. (Comprend les guides d&rsquo;accueil pour les soins de sant\u00e9 et les soins dentaires et les infos sur le r\u00e9gime de retraite.)&nbsp;&nbsp;<\/p>\n\n\n\n<p><strong><strong><a href=\"https:\/\/articles.alpha.canada.ca\/cds-intranet-employee-guide\/fr\/conge-des-employes\/\">Cong\u00e9s des employ\u00e9\u00b7e\u00b7s<\/a><\/strong><\/strong> <br>Apprenez-en davantage sur les cong\u00e9s pay\u00e9s, la fa\u00e7on de r\u00e9server des cong\u00e9s et les cong\u00e9s auxquels vous avez droit.<\/p>\n\n\n\n<p><strong><strong>Liens rapides:<\/strong>&nbsp;<\/strong><\/p>\n\n\n\n<ul class=\"wp-block-list\">\n<li><a href=\"https:\/\/docs.google.com\/document\/d\/17D8Wn-rR7CTiokC_VkinbWJetgpEjciqGwjDBmdvne0\/edit?usp=sharing\" target=\"_blank\" rel=\"noreferrer noopener\">Exemples de messages d&rsquo;absence du bureau<\/a> \ud83d\udd12 \u2197\ufe0f<\/li>\n\n\n\n<li><a href=\"https:\/\/www.tpsgc-pwgsc.gc.ca\/remuneration-compensation\/services-pension-services\/pension\/cn-cu-fra.html\">Centre des pensions du gouvernement du Canada<\/a> \u2197\ufe0f<\/li>\n\n\n\n<li><a href=\"https:\/\/articles.alpha.canada.ca\/cds-intranet-employee-guide\/fr\/outils-et-liens-utiles\/\">Guide rapide sur ce que vous pouvez acc\u00e9der sur votre tablette par rapport \u00e0 votre Macboo<\/a>k \ud83d\udea7<\/li>\n<\/ul>\n","protected":false},"excerpt":{"rendered":"<p>Des liens utiles et des aper\u00e7us de votre r\u00e9mun\u00e9ration, de vos cong\u00e9s et de vos avantages sociaux au SNC. Si vous ne trouvez pas l&rsquo;information dont vous avez besoin ici, vous pouvez: Vous ne trouvez pas ce que vous cherchez ?&nbsp;Partager vos commentaires&nbsp;ou&nbsp;envoyez-nous un message sur Slack&nbsp;\ud83d\udd12 \u2197\ufe0f&nbsp;et nous nous occuperons de l\u2019ajouter. Votre payeComment\u2026 <a class=\"read-more\" href=\"https:\/\/articles.alpha.canada.ca\/cds-intranet-employee-guide\/fr\/pay-leave-and-benefits\/\">Read more<span class=\"wb-sl\"> of R\u00e9mun\u00e9ration, cong\u00e9s et avantages<\/span><\/a><\/p>\n","protected":false},"author":6,"featured_media":0,"parent":0,"menu_order":0,"comment_status":"closed","ping_status":"closed","template":"","meta":{"footnotes":""},"class_list":["post-427","page","type-page","status-publish","hentry"],"slug_en":"pay-leave-and-benefits","slug_fr":"pay-leave-and-benefits","id_en":401,"id_fr":427,"lang":"fr","_links":{"self":[{"href":"https:\/\/articles.alpha.canada.ca\/cds-intranet-employee-guide\/fr\/wp-json\/wp\/v2\/pages\/427","targetHints":{"allow":["GET"]}}],"collection":[{"href":"https:\/\/articles.alpha.canada.ca\/cds-intranet-employee-guide\/fr\/wp-json\/wp\/v2\/pages"}],"about":[{"href":"https:\/\/articles.alpha.canada.ca\/cds-intranet-employee-guide\/fr\/wp-json\/wp\/v2\/types\/page"}],"author":[{"embeddable":true,"href":"https:\/\/articles.alpha.canada.ca\/cds-intranet-employee-guide\/fr\/wp-json\/wp\/v2\/users\/6"}],"replies":[{"embeddable":true,"href":"https:\/\/articles.alpha.canada.ca\/cds-intranet-employee-guide\/fr\/wp-json\/wp\/v2\/comments?post=427"}],"version-history":[{"count":23,"href":"https:\/\/articles.alpha.canada.ca\/cds-intranet-employee-guide\/fr\/wp-json\/wp\/v2\/pages\/427\/revisions"}],"predecessor-version":[{"id":2106,"href":"https:\/\/articles.alpha.canada.ca\/cds-intranet-employee-guide\/fr\/wp-json\/wp\/v2\/pages\/427\/revisions\/2106"}],"wp:attachment":[{"href":"https:\/\/articles.alpha.canada.ca\/cds-intranet-employee-guide\/fr\/wp-json\/wp\/v2\/media?parent=427"}],"curies":[{"name":"wp","href":"https:\/\/api.w.org\/{rel}","templated":true}]}}