{"id":458,"date":"2022-04-08T19:20:09","date_gmt":"2022-04-08T19:20:09","guid":{"rendered":"https:\/\/articles.alpha.canada.ca\/cds-intranet-employee-guide\/?page_id=458"},"modified":"2025-09-11T15:40:54","modified_gmt":"2025-09-11T15:40:54","slug":"apercu-des-avantages-sociaux-au-snc","status":"publish","type":"page","link":"https:\/\/articles.alpha.canada.ca\/cds-intranet-employee-guide\/fr\/pay-leave-and-benefits\/apercu-des-avantages-sociaux-au-snc\/","title":{"rendered":"Aper\u00e7u des avantages sociaux au SNC"},"content":{"rendered":"\n<p>En tant que partie int\u00e9grante de la fonction publique f\u00e9d\u00e9rale, le Service num\u00e9rique canadien offre un large \u00e9ventail d\u2019avantages \u00e0 ses employ\u00e9s. Voici ce \u00e0 quoi vous pouvez vous attendre&nbsp;:<\/p>\n\n\n\n<p><strong>Que dois-je savoir au sujet du transfert du RSSFP \u00e0 la Canada-Vie pr\u00e9vu pour le 1er juillet 2023 ?<\/strong><\/p>\n\n\n\n<p>La Communaut\u00e9 de pratique en conception de contenu a <a href=\"https:\/\/docs.google.com\/document\/d\/13-39VYjMNO0IgW2LcEu1JWR5dIU6u10MLYKGh5iSJz8\/edit\" target=\"_blank\" rel=\"noreferrer noopener\">tout r\u00e9sum\u00e9 pour vous<\/a>. Vous pouvez \u00e9galement consulter la Foire aux questions officielle sur le nouveau r\u00e9gime de soins de sant\u00e9 <a href=\"https:\/\/www.canada.ca\/fr\/secretariat-conseil-tresor\/services\/regimes-assurance\/regime-soins-sante\/foire-questions\/nouvel-rssfp-faq.html\" target=\"_blank\" rel=\"noreferrer noopener\">en cliquant ici<\/a>. \ud83d\udd12 \u2197\ufe0f<\/p>\n\n\n\n<p><strong>Quand serai-je admissible aux prestations de sant\u00e9?<\/strong><\/p>\n\n\n\n<p>La couverture commence le premier mois apr\u00e8s votre entr\u00e9e en fonction.<\/p>\n\n\n\n<p><strong>Que couvre-t-on?<\/strong><\/p>\n\n\n\n<ul class=\"wp-block-list\">\n<li>M\u00e9dicaments sur ordonnance, soins de la vue<\/li>\n\n\n\n<li>Lunettes ou lentilles de contact<\/li>\n\n\n\n<li>Psychologue<\/li>\n\n\n\n<li>Physioth\u00e9rapeute<\/li>\n\n\n\n<li>Massoth\u00e9rapeute, ost\u00e9opathe, naturopathe, podiatre\/podologue<\/li>\n\n\n\n<li>Chiropraticien, orthophoniste<\/li>\n\n\n\n<li>Services infirmiers<\/li>\n\n\n\n<li>Frais m\u00e9dicaux d\u2019urgence engag\u00e9s \u00e0 l\u2019ext\u00e9rieur de votre province :<\/li>\n\n\n\n<li>Soins dentaires<\/li>\n\n\n\n<li>Compl\u00e9ment de cong\u00e9 parental<\/li>\n<\/ul>\n\n\n\n<p>Pour une liste compl\u00e8te des prestations, rendez-vous au <a href=\"https:\/\/www.canada.ca\/fr\/secretariat-conseil-tresor\/services\/regimes-assurance\/regime-soins-sante\/votre-regime-soins-sante-fonction-publique-coup-oeil.html\" target=\"_blank\" rel=\"noreferrer noopener\">Sommaire du R\u00e9gime de soins de sant\u00e9 de la fonction publique<\/a>. \u2197\ufe0f<\/p>\n\n\n\n<p><strong>Pour s&rsquo;enregistrer :<\/strong><\/p>\n\n\n\n<p><a href=\"https:\/\/docs.google.com\/document\/d\/1BzpxBr4-WLr1pOq84EWZbfeNbXzGaVLUL9Uvut23M5c\/edit?usp=sharing\" target=\"_blank\" rel=\"noreferrer noopener\">Int\u00e9gration\u00a0\u2013 R\u00e9gime de soins de sant\u00e9 de la fonction publique (RSSFP)<\/a> \ud83d\udd12 \u2197\ufe0f<br><a href=\"https:\/\/docs.google.com\/document\/d\/1BzpxBr4-WLr1pOq84EWZbfeNbXzGaVLUL9Uvut23M5c\/edit?usp=sharing\" target=\"_blank\" rel=\"noreferrer noopener\">Int\u00e9gration\u00a0\u2013 R\u00e9gime de soins dentaires de la fonction publique (RSDFP)<\/a>\ud83d\udd12 \u2197\ufe0f<\/p>\n\n\n\n<p><strong>Ma famille peut-elle b\u00e9n\u00e9ficier de la couverture?<\/strong><\/p>\n\n\n\n<p>Oui, votre conjoint\u00b7e ou conjoint\u00b7e de fait ainsi que vos enfants \u00e0 charge sont couverts pour les frais m\u00e9dicaux et dentaires.<\/p>\n\n\n\n<p><strong>Y<\/strong> <strong>a-t-il un r\u00e9gime de retraite?&nbsp;<\/strong><\/p>\n\n\n\n<p>Oui. Tous les employ\u00e9s cotisent au r\u00e9gime de retraite. Si la dur\u00e9e totale de votre prestation de retraite de la fonction publique est inf\u00e9rieure \u00e0 2 ans, vous aurez droit \u00e0 un remboursement de vos cotisations, plus les int\u00e9r\u00eats. Si vous avez \u00e9t\u00e9 employ\u00e9 pendant plus de 2 ans, vos cotisations seront bloqu\u00e9es et vous aurez droit \u00e0 une pension (y compris une contribution de l\u2019employeur) lorsque vous prendrez votre retraite. Pour obtenir une estimation de votre r\u00e9gime de retraite, veuillez consulter <a href=\"https:\/\/www.canada.ca\/fr\/secretariat-conseil-tresor\/services\/regime-retraite\/participants-actifs\/admissibilite-prestation-retraite-age-65-ans-taux-cotisation.html\" target=\"_blank\" rel=\"noreferrer noopener\">la page suivante du SCT<\/a>. \u2197\ufe0f<\/p>\n","protected":false},"excerpt":{"rendered":"<p>En tant que partie int\u00e9grante de la fonction publique f\u00e9d\u00e9rale, le Service num\u00e9rique canadien offre un large \u00e9ventail d\u2019avantages \u00e0 ses employ\u00e9s. Voici ce \u00e0 quoi vous pouvez vous attendre&nbsp;: Que dois-je savoir au sujet du transfert du RSSFP \u00e0 la Canada-Vie pr\u00e9vu pour le 1er juillet 2023 ? La Communaut\u00e9 de pratique en conception\u2026 <a class=\"read-more\" href=\"https:\/\/articles.alpha.canada.ca\/cds-intranet-employee-guide\/fr\/pay-leave-and-benefits\/apercu-des-avantages-sociaux-au-snc\/\">Read more<span class=\"wb-sl\"> of Aper\u00e7u des avantages sociaux au SNC<\/span><\/a><\/p>\n","protected":false},"author":6,"featured_media":0,"parent":427,"menu_order":2,"comment_status":"closed","ping_status":"closed","template":"","meta":{"footnotes":""},"class_list":["post-458","page","type-page","status-publish","hentry"],"slug_en":"cds-benefits-at-a-glance","slug_fr":"apercu-des-avantages-sociaux-au-snc","id_en":435,"id_fr":458,"lang":"fr","_links":{"self":[{"href":"https:\/\/articles.alpha.canada.ca\/cds-intranet-employee-guide\/fr\/wp-json\/wp\/v2\/pages\/458","targetHints":{"allow":["GET"]}}],"collection":[{"href":"https:\/\/articles.alpha.canada.ca\/cds-intranet-employee-guide\/fr\/wp-json\/wp\/v2\/pages"}],"about":[{"href":"https:\/\/articles.alpha.canada.ca\/cds-intranet-employee-guide\/fr\/wp-json\/wp\/v2\/types\/page"}],"author":[{"embeddable":true,"href":"https:\/\/articles.alpha.canada.ca\/cds-intranet-employee-guide\/fr\/wp-json\/wp\/v2\/users\/6"}],"replies":[{"embeddable":true,"href":"https:\/\/articles.alpha.canada.ca\/cds-intranet-employee-guide\/fr\/wp-json\/wp\/v2\/comments?post=458"}],"version-history":[{"count":7,"href":"https:\/\/articles.alpha.canada.ca\/cds-intranet-employee-guide\/fr\/wp-json\/wp\/v2\/pages\/458\/revisions"}],"predecessor-version":[{"id":2228,"href":"https:\/\/articles.alpha.canada.ca\/cds-intranet-employee-guide\/fr\/wp-json\/wp\/v2\/pages\/458\/revisions\/2228"}],"up":[{"embeddable":true,"href":"https:\/\/articles.alpha.canada.ca\/cds-intranet-employee-guide\/fr\/wp-json\/wp\/v2\/pages\/427"}],"wp:attachment":[{"href":"https:\/\/articles.alpha.canada.ca\/cds-intranet-employee-guide\/fr\/wp-json\/wp\/v2\/media?parent=458"}],"curies":[{"name":"wp","href":"https:\/\/api.w.org\/{rel}","templated":true}]}}