{"id":526,"date":"2022-04-21T15:56:19","date_gmt":"2022-04-21T15:56:19","guid":{"rendered":"https:\/\/articles.alpha.canada.ca\/cds-intranet-employee-guide\/?page_id=526"},"modified":"2025-09-25T14:41:43","modified_gmt":"2025-09-25T14:41:43","slug":"formation-et-perfectionnement-professionnel","status":"publish","type":"page","link":"https:\/\/articles.alpha.canada.ca\/cds-intranet-employee-guide\/fr\/formation-et-perfectionnement-professionnel\/","title":{"rendered":"Formation et perfectionnement professionnel"},"content":{"rendered":"\n<p>Au SNC, nous savons que l\u2019apprentissage et le perfectionnement continus aident les employ\u00e9\u00b7e\u00b7s \u00e0 r\u00e9aliser leur potentiel et \u00e0 propulser leur carri\u00e8re. Consultez les ressources ci-dessous pour en savoir plus sur le perfectionnement professionnel et la formation linguistique au SNC.<\/p>\n\n\n\n<p class=\"has-grey-background-color has-background\"><strong>Vous ne trouvez pas ce que vous cherchez ?&nbsp;<a href=\"https:\/\/forms-formulaires.alpha.canada.ca\/fr\/id\/clmjirh4s00jcyl6580mmz63h\">Partager vos commentaires<\/a>&nbsp;ou&nbsp;<a href=\"https:\/\/gcdigital.slack.com\/archives\/C5HNME1QC\" target=\"_blank\" rel=\"noreferrer noopener\">envoyez-nous un message sur Slack<\/a>&nbsp;\ud83d\udd12 \u2197\ufe0f<\/strong>&nbsp;<strong>et nous nous occuperons de l\u2019ajouter.<\/strong><\/p>\n\n\n\n<p><strong>Le perfectionnement professionnel <\/strong> <strong>\ud83d\udd12 \u2197\ufe0f<\/strong><br>Un aper\u00e7u complet de la politique du SNC sur le perfectionnement professionnel et la formation, y compris des renseignements sur le budget de formation, ainsi que des liens et des formulaires utiles.&nbsp;<strong>&nbsp;<\/strong> <strong>&nbsp;<\/strong><\/p>\n\n\n\n<ul class=\"wp-block-list\">\n<li><strong>Liste des formations obligatoires du EDSC class\u00e9es par fonction<\/strong> <strong>\ud83d\udd12 \u2197\ufe0f<\/strong><\/li>\n\n\n\n<li><strong>Engagements obligatoires du Secr\u00e9tariat du Conseil du Tr\u00e9sor du Canada pour 2024\u201325 (de l&rsquo;infosite)\ud83d\udd12 \u2197\ufe0f<\/strong><\/li>\n\n\n\n<li><strong><a href=\"https:\/\/docs.google.com\/spreadsheets\/d\/14VTcHW9nck-Vz6-ksNbTZAEsraPOmzd09cDVqofaTmE\/edit#gid=0\" target=\"_blank\" rel=\"noreferrer noopener\">Ressource du formation au SNC (avec les contributions de vos coll\u00e8gues)<\/a><\/strong> <strong>\ud83d\udd12 \u2197\ufe0f<\/strong><\/li>\n\n\n\n<li><strong><a href=\"https:\/\/docs.google.com\/forms\/d\/1PWRJDFNgbLiL2c_tfgCEaauPH9Sw-CAdZjZG-Rw_Ab8\/viewform?edit_requested=true\">Demande de formation<\/a><\/strong> <strong>\ud83d\udd12 \u2197\ufe0f<\/strong><\/li>\n<\/ul>\n\n\n\n<p><strong><a href=\"https:\/\/docs.google.com\/document\/d\/17tu1UulvrfxecatYoQGSSZ9qZt3MQcDa\/edit#heading=h.gjdgxs\">Processus de formation aux langues officielles<\/a><\/strong>&nbsp;<strong>\ud83d\udd12 \u2197\ufe0f<\/strong><br>Les lignes directrices qui suivent s\u2019adressent aux gestionnaires qui aimeraient planifier une formation linguistique pour un ou une membre de leur \u00e9quipe. Des informations plus d\u00e9taill\u00e9es sont disponibles dans les <a href=\"https:\/\/iservice.prv\/fra\/college\/outils_et_ressources\/langue-seconde-officielle.shtml\">Lignes directrices en mati\u00e8re d\u2019apprentissage d\u2019une seconde langue officielle<\/a> (accessible de la tablette).&nbsp;<\/p>\n\n\n\n<p><a href=\"https:\/\/docs.google.com\/document\/d\/1j0KZ7N0IMXcY0oyFPVkwlNFkoEgmcwDfgb0WyRMeAY8\/edit\" target=\"_blank\" rel=\"noreferrer noopener\"><strong>Processus d\u2019approbation des demandes de d\u00e9placement et de formation au SNC<\/strong> <\/a><strong>\ud83d\udd12 \u2197\ufe0f<\/strong><br>D\u00e9couvrez qui doit autoriser les demandes de d\u00e9placement, et le processus de planification et de r\u00e9servation des d\u00e9placements.<\/p>\n\n\n\n<ul class=\"wp-block-list\">\n<li><strong><a href=\"https:\/\/docs.google.com\/document\/d\/1BqTcTXl_DKYDhQyp1fuEvjRYD8FqK7otWAgjGxXRoy8\/edit#bookmark=id.wxvbu9ofc14a\" target=\"_blank\" rel=\"noreferrer noopener\">Comment cr\u00e9er un compte de voyages<\/a><\/strong> <strong>\ud83d\udd12 \u2197\ufe0f<\/strong> dans le syst\u00e8me Services de voyage partag\u00e9s (SVP) de HRG<\/li>\n<\/ul>\n\n\n\n<p><\/p>\n\n\n\n<p>Vous voulez partager des id\u00e9es ou ressources pour la formation et le perfectionnement professionnel, ou vous voulez conseiller aux coll\u00e8gues de suivre un cours? Rendez-vous sur le canal <a href=\"https:\/\/gcdigital.slack.com\/archives\/C6E9D1G9X\">#learning<\/a> dans Slack.<\/p>\n","protected":false},"excerpt":{"rendered":"<p>Au SNC, nous savons que l\u2019apprentissage et le perfectionnement continus aident les employ\u00e9\u00b7e\u00b7s \u00e0 r\u00e9aliser leur potentiel et \u00e0 propulser leur carri\u00e8re. Consultez les ressources ci-dessous pour en savoir plus sur le perfectionnement professionnel et la formation linguistique au SNC. Vous ne trouvez pas ce que vous cherchez ?&nbsp;Partager vos commentaires&nbsp;ou&nbsp;envoyez-nous un message sur Slack&nbsp;\ud83d\udd12\u2026 <a class=\"read-more\" href=\"https:\/\/articles.alpha.canada.ca\/cds-intranet-employee-guide\/fr\/formation-et-perfectionnement-professionnel\/\">Read more<span class=\"wb-sl\"> of Formation et perfectionnement professionnel<\/span><\/a><\/p>\n","protected":false},"author":6,"featured_media":0,"parent":0,"menu_order":0,"comment_status":"closed","ping_status":"closed","template":"","meta":{"footnotes":""},"class_list":["post-526","page","type-page","status-publish","hentry"],"slug_en":"training-and-professional-development","slug_fr":"formation-et-perfectionnement-professionnel","id_en":524,"id_fr":526,"lang":"fr","_links":{"self":[{"href":"https:\/\/articles.alpha.canada.ca\/cds-intranet-employee-guide\/fr\/wp-json\/wp\/v2\/pages\/526","targetHints":{"allow":["GET"]}}],"collection":[{"href":"https:\/\/articles.alpha.canada.ca\/cds-intranet-employee-guide\/fr\/wp-json\/wp\/v2\/pages"}],"about":[{"href":"https:\/\/articles.alpha.canada.ca\/cds-intranet-employee-guide\/fr\/wp-json\/wp\/v2\/types\/page"}],"author":[{"embeddable":true,"href":"https:\/\/articles.alpha.canada.ca\/cds-intranet-employee-guide\/fr\/wp-json\/wp\/v2\/users\/6"}],"replies":[{"embeddable":true,"href":"https:\/\/articles.alpha.canada.ca\/cds-intranet-employee-guide\/fr\/wp-json\/wp\/v2\/comments?post=526"}],"version-history":[{"count":26,"href":"https:\/\/articles.alpha.canada.ca\/cds-intranet-employee-guide\/fr\/wp-json\/wp\/v2\/pages\/526\/revisions"}],"predecessor-version":[{"id":1867,"href":"https:\/\/articles.alpha.canada.ca\/cds-intranet-employee-guide\/fr\/wp-json\/wp\/v2\/pages\/526\/revisions\/1867"}],"wp:attachment":[{"href":"https:\/\/articles.alpha.canada.ca\/cds-intranet-employee-guide\/fr\/wp-json\/wp\/v2\/media?parent=526"}],"curies":[{"name":"wp","href":"https:\/\/api.w.org\/{rel}","templated":true}]}}