{"id":997,"date":"2022-07-13T13:29:58","date_gmt":"2022-07-13T13:29:58","guid":{"rendered":"https:\/\/articles.alpha.canada.ca\/cds-intranet-employee-guide\/?page_id=997"},"modified":"2026-03-23T11:39:35","modified_gmt":"2026-03-23T11:39:35","slug":"snc-intranet-2","status":"publish","type":"page","link":"https:\/\/articles.alpha.canada.ca\/cds-intranet-employee-guide\/fr\/","title":{"rendered":"Intranet du SNC"},"content":{"rendered":"\n<div class=\"wp-block-group alignwide\"><div class=\"wp-block-group__inner-container is-layout-flow wp-block-group-is-layout-flow\">\n<div class=\"wp-block-columns alignwide are-vertically-aligned-top has-white-color has-white-background-color has-text-color has-background has-link-color wp-elements-11cb2dfae6b22cfd62ffba616b0193bb is-layout-flex wp-container-core-columns-is-layout-9d6595d7 wp-block-columns-is-layout-flex\">\n<div class=\"wp-block-column is-layout-flow wp-block-column-is-layout-flow\" style=\"flex-basis:54%\">\n<p class=\"has-dark-grey-color has-text-color\" id=\"test-page-for-cds-handbook\">Bienvenue dans l&rsquo;\u00e9quipe du SNC! En tant qu&#8217;employ\u00e9\u00b7e du SNC, vous pouvez utiliser ce site pour trouver des formulaires, des guides, des gabarits et des renseignements sur notre organisme et sur l&rsquo;ensemble du gouvernement du Canada.<\/p>\n\n\n\n<p class=\"has-dark-grey-color has-text-color\">Vous souhaitez publier du contenu pour votre \u00e9quipe? Consultez <a href=\"https:\/\/docs.google.com\/document\/d\/15EopMqfMp87TzXk17jsisBNmvvDz5qbj5npK8T2zR8I\/edit?usp=sharing\" target=\"_blank\" rel=\"noreferrer noopener\">les directives relatives au contenu de l&rsquo;intranet<\/a> \ud83d\udd12 \u2197\ufe0f pour en savoir plus.<\/p>\n\n\n\n<div class=\"wp-block-group has-black-color has-text-color has-background\" style=\"background-color:#eeeeee\"><div class=\"wp-block-group__inner-container is-layout-flow wp-block-group-is-layout-flow\">\n<p class=\"has-dark-blue-color has-text-color\"><strong>Nouveaut\u00e9s<\/strong> :<\/p>\n\n\n\n<ul class=\"wp-block-list\">\n<li><a href=\"https:\/\/articles.alpha.canada.ca\/cds-intranet-employee-guide\/fr\/votre-carriere-au-snc\/entente-de-gestion-du-rendement-egr\/\" target=\"_blank\" rel=\"noreferrer noopener\">EGR : processus et conseils<\/a> \u2197\ufe0f<\/li>\n\n\n\n<li><a href=\"https:\/\/articles.alpha.canada.ca\/uploads\/sites\/5\/2026\/03\/20260313_WDCDSWW-table_fr.html\" target=\"_blank\" rel=\"noreferrer noopener\">Avec qui SNC travaille-t-il?<\/a> \u2197\ufe0f<\/li>\n\n\n\n<li><a href=\"https:\/\/articles.alpha.canada.ca\/cds-intranet-employee-guide\/fr\/a-propos-du-snc\/les-organigrammes-du-snc-la-suite\/\" target=\"_blank\" rel=\"noreferrer noopener\">Les organigrammes du SNC : la suite<\/a> (septembre 2025) \u2197\ufe0f<\/li>\n\n\n\n<li><a href=\"https:\/\/docs.google.com\/forms\/d\/e\/1FAIpQLSdivmXYZkueOmbpSeahboa0F-3z3ZmCjAp-1Lg4ykvlyxwqIg\/viewform\" target=\"_blank\" rel=\"noreferrer noopener\">Formulaire de demande de dotation<\/a> \ud83d\udd12 \u2197\ufe0f<\/li>\n\n\n\n<li><a href=\"https:\/\/us15.campaign-archive.com\/home\/?u=729a207773f7324e217a1d945&amp;id=8f7a74a417\" target=\"_blank\" rel=\"noreferrer noopener\">Courant continu<\/a> (infolettre interne) \u2197\ufe0f<\/li>\n<\/ul>\n<\/div><\/div>\n<\/div>\n\n\n\n<div class=\"wp-block-column has-black-color has-text-color has-background is-layout-flow wp-block-column-is-layout-flow\" style=\"background-color:#eeeeee;flex-basis:46%\">\n<p class=\"has-text-align-left has-dark-blue-color has-text-color\"><strong>Liens rapides:<\/strong><\/p>\n\n\n\n<ul class=\"wp-block-list\">\n<li><a href=\"https:\/\/support.cds-snc.ca\/home\/\" target=\"_blank\" rel=\"noreferrer noopener\">Portail de la TI<\/a> \ud83d\udd12 \u2197\ufe0f du SNC pour envoyer une demande d&rsquo;aide et pour les articles didactiques<\/li>\n\n\n\n<li><a href=\"https:\/\/articles.alpha.canada.ca\/cds-intranet-employee-guide\/fr\/ambassadrices-et-ambassadeurs-du-changement\/\">Ambassadrices et ambassadeurs du changement<\/a><\/li>\n\n\n\n<li><a href=\"https:\/\/articles.alpha.canada.ca\/cds-intranet-employee-guide\/fr\/lignes-directrices-en-matiere-de-communication-du-snc\/\">Comment on aime communiquer au SNC<\/a> \u2197\ufe0f Des conseils autour de comment utiliser Slack, Google calendar, Google Meet et d\u2019autres outils.<\/li>\n\n\n\n<li><a href=\"https:\/\/docs.google.com\/forms\/d\/e\/1FAIpQLScSHuopX34zSuoRlqZAF8AKU_JWBO7GEDkS-xRLYhU5JVKH3g\/viewform\">Demande de mat\u00e9riel et de fournitures<\/a> \ud83d\udd12 \u2197\ufe0f<\/li>\n\n\n\n<li><a href=\"https:\/\/cds-snc.github.io\/gc-simple-dictionary\/\" target=\"_blank\" rel=\"noreferrer noopener\"><\/a><a href=\"https:\/\/cds-snc.github.io\/gc-simple-dictionary\/#\">Dictionnaire simplifi\u00e9<\/a> (Github) \u2197\ufe0f<\/li>\n\n\n\n<li><a href=\"https:\/\/docs.google.com\/forms\/d\/e\/1FAIpQLSeU4FmZ9PUjemagx7HpWXnLk8xFQ_u59BvAK1NhwbeNKZFBXA\/viewform\" target=\"_blank\" rel=\"noreferrer noopener\">Demande de traduction<\/a> \ud83d\udd12 \u2197\ufe0f<\/li>\n\n\n\n<li><a href=\"https:\/\/docs.google.com\/forms\/d\/1PWRJDFNgbLiL2c_tfgCEaauPH9Sw-CAdZjZG-Rw_Ab8\/viewform?edit_requested=true\">Demande de formation<\/a> \ud83d\udd12 \u2197\ufe0f<\/li>\n\n\n\n<li><a href=\"https:\/\/drive.google.com\/file\/d\/1VZZ0D3rYnhMpWpwgkyoRO2QsIPr44xiS\/view?usp=sharing\" target=\"_blank\" rel=\"noreferrer noopener\">Demande de cong\u00e9 et rapport d&rsquo;absence (formulaire 178 du GC)<\/a> \ud83d\udd12 \u2197\ufe0f<\/li>\n\n\n\n<li><a href=\"https:\/\/articles.alpha.canada.ca\/uploads\/sites\/5\/2026\/03\/20260313_WDCDSWW-table_fr.html\" data-type=\"link\" data-id=\"https:\/\/articles.alpha.canada.ca\/uploads\/sites\/5\/2026\/03\/20260313_WDCDSWW-table_fr.html\" target=\"_blank\" rel=\"noreferrer noopener\">Avec qui SNC travaille-t-il?<\/a> \u2197\ufe0f<\/li>\n\n\n\n<li><a href=\"https:\/\/articles.alpha.canada.ca\/cds-intranet-employee-guide\/fr\/napperon-snc-101\/\">Napperon SNC &laquo; 101 &raquo;<\/a><\/li>\n\n\n\n<li><a href=\"https:\/\/articles.alpha.canada.ca\/cds-intranet-employee-guide\/fr\/les-mots-et-leurs-definitions\/\">Les mots et leurs d\u00e9finitions<\/a><\/li>\n<\/ul>\n<\/div>\n<\/div>\n\n\n\n<h2 class=\"wp-block-heading\" id=\"h-parcourir-par-theme\">Parcourir par th\u00e8me <\/h2>\n<\/div><\/div>\n\n\n\n<p><strong><strong><a href=\"https:\/\/articles.alpha.canada.ca\/cds-intranet-employee-guide\/fr\/a-propos-du-snc\/\">\u00c0 propos du SNC&nbsp;<\/a><\/strong><\/strong><br>Qui nous sommes, ce que nous faisons et comment nous travaillons<\/p>\n\n\n\n<p><strong><a href=\"https:\/\/articles.alpha.canada.ca\/cds-intranet-employee-guide\/fr\/formation-et-perfectionnement-professionnel\/\">Formation et perfectionnement professionnel<\/a><\/strong><br>Conseils en mati\u00e8re de formation, possibilit\u00e9s de perfectionnement professionnel et formation linguistique<\/p>\n\n\n\n<p><strong><a href=\"https:\/\/articles.alpha.canada.ca\/cds-intranet-employee-guide\/fr\/pay-leave-and-benefits\/\">R\u00e9mun\u00e9ration, cong\u00e9s et avantages<\/a><\/strong><br>Renseignements sur la r\u00e9mun\u00e9ration, les cong\u00e9s et les avantages sociaux<\/p>\n\n\n\n<p><strong><a href=\"https:\/\/articles.alpha.canada.ca\/cds-intranet-employee-guide\/fr\/votre-carriere-au-snc\/\">Votre carri\u00e8re au SNC<\/a><\/strong><br>Politiques internes et directives \u00e0 l\u2019intention du personnel, cheminements de carri\u00e8re, conventions collectives et renseignements sur le travail au sein du gouvernement du Canada<\/p>\n\n\n\n<p><strong><a href=\"https:\/\/articles.alpha.canada.ca\/cds-intranet-employee-guide\/fr\/outils-de-communication\/\">Comment raconter nos histoires<\/a><\/strong><br>D\u00e9couvrez comment l&rsquo;\u00e9quipe de Communication et marketing peut aider \u00e0 r\u00e9pondre \u00e0 tout besoin en mati\u00e8re de communication, qu&rsquo;il s&rsquo;agisse de pr\u00e9senter un expos\u00e9 lors d&rsquo;un \u00e9v\u00e9nement ou de communiquer son travail par le biais d&rsquo;un article de blogue ou des m\u00e9dias sociaux.&nbsp;<\/p>\n\n\n\n<p><span><b><a href=\"https:\/\/articles.alpha.canada.ca\/cds-intranet-employee-guide\/fr\/les-equipes-du-snc\/\">Les \u00e9quipes du SNC<\/a><\/b><\/span><br>Renseignements et documents utiles publi\u00e9s par les \u00e9quipes des politiques, des plateformes, de l\u2019ing\u00e9nierie de fiabilit\u00e9 des sites (IFS), des partenariats et plus encore<br><\/p>\n\n\n\n<p><strong>Vous ne trouvez pas ce que vous cherchez ? <a href=\"https:\/\/forms-formulaires.alpha.canada.ca\/fr\/id\/clmjirh4s00jcyl6580mmz63h\">Partager vos commentaires<\/a> ou <a href=\"https:\/\/gcdigital.slack.com\/archives\/C5HNME1QC\" target=\"_blank\" rel=\"noreferrer noopener\">envoyez-nous un message sur Slack<\/a> \ud83d\udd12 \u2197\ufe0f<\/strong> <strong>et nous nous occuperons de l&rsquo;ajouter.<\/strong><\/p>\n","protected":false},"excerpt":{"rendered":"<p>Bienvenue dans l&rsquo;\u00e9quipe du SNC! En tant qu&#8217;employ\u00e9\u00b7e du SNC, vous pouvez utiliser ce site pour trouver des formulaires, des guides, des gabarits et des renseignements sur notre organisme et sur l&rsquo;ensemble du gouvernement du Canada. Vous souhaitez publier du contenu pour votre \u00e9quipe? Consultez les directives relatives au contenu de l&rsquo;intranet \ud83d\udd12 \u2197\ufe0f pour\u2026 <a class=\"read-more\" href=\"https:\/\/articles.alpha.canada.ca\/cds-intranet-employee-guide\/fr\/\">Read more<span class=\"wb-sl\"> of Intranet du SNC<\/span><\/a><\/p>\n","protected":false},"author":6,"featured_media":0,"parent":0,"menu_order":0,"comment_status":"closed","ping_status":"open","template":"","meta":{"footnotes":""},"class_list":["post-997","page","type-page","status-publish","hentry"],"slug_en":"home-page","slug_fr":"snc-intranet-2","id_en":2,"id_fr":997,"lang":"fr","_links":{"self":[{"href":"https:\/\/articles.alpha.canada.ca\/cds-intranet-employee-guide\/fr\/wp-json\/wp\/v2\/pages\/997","targetHints":{"allow":["GET"]}}],"collection":[{"href":"https:\/\/articles.alpha.canada.ca\/cds-intranet-employee-guide\/fr\/wp-json\/wp\/v2\/pages"}],"about":[{"href":"https:\/\/articles.alpha.canada.ca\/cds-intranet-employee-guide\/fr\/wp-json\/wp\/v2\/types\/page"}],"author":[{"embeddable":true,"href":"https:\/\/articles.alpha.canada.ca\/cds-intranet-employee-guide\/fr\/wp-json\/wp\/v2\/users\/6"}],"replies":[{"embeddable":true,"href":"https:\/\/articles.alpha.canada.ca\/cds-intranet-employee-guide\/fr\/wp-json\/wp\/v2\/comments?post=997"}],"version-history":[{"count":115,"href":"https:\/\/articles.alpha.canada.ca\/cds-intranet-employee-guide\/fr\/wp-json\/wp\/v2\/pages\/997\/revisions"}],"predecessor-version":[{"id":2361,"href":"https:\/\/articles.alpha.canada.ca\/cds-intranet-employee-guide\/fr\/wp-json\/wp\/v2\/pages\/997\/revisions\/2361"}],"wp:attachment":[{"href":"https:\/\/articles.alpha.canada.ca\/cds-intranet-employee-guide\/fr\/wp-json\/wp\/v2\/media?parent=997"}],"curies":[{"name":"wp","href":"https:\/\/api.w.org\/{rel}","templated":true}]}}