{"id":1519,"date":"2023-09-19T13:05:11","date_gmt":"2023-09-19T13:05:11","guid":{"rendered":"https:\/\/articles.alpha.canada.ca\/forms-formulaires\/?page_id=1519"},"modified":"2025-01-02T17:40:18","modified_gmt":"2025-01-02T17:40:18","slug":"accueil","status":"publish","type":"page","link":"https:\/\/articles.alpha.canada.ca\/forms-formulaires\/fr\/","title":{"rendered":"Formulaires GC"},"content":{"rendered":"\n<div style=\"height:36px\" aria-hidden=\"true\" class=\"wp-block-spacer\"><\/div>\n\n\n\n<div class=\"wp-block-columns has-background is-layout-flex wp-container-core-columns-is-layout-bd2f809b wp-block-columns-is-layout-flex\" style=\"background-color:#cac1fa;padding-top:20px;padding-right:40px;padding-bottom:40px;padding-left:40px\">\n<div class=\"wp-block-column is-layout-flow wp-block-column-is-layout-flow\" style=\"flex-basis:60%\">\n<figure class=\"wp-block-image size-full\"><img decoding=\"async\" src=\"https:\/\/articles.alpha.canada.ca\/uploads\/sites\/11\/2023\/09\/Large-GC-Forms-1.svg\" alt=\"\" class=\"wp-image-1775\" \/><\/figure>\n\n\n\n<h2 class=\"wp-block-heading has-xx-large-font-size\" id=\"h-publiez-des-formulaires-gouvernementaux-en-ligne\">Publiez des formulaires gouvernementaux en ligne<\/h2>\n\n\n\n<p>Facilitez la soumission de renseignements \u00e0 votre service en cr\u00e9ant des formulaires en ligne simples et accessibles \u2014&nbsp;sans codage.<\/p>\n\n\n\n<div style=\"height:16px\" aria-hidden=\"true\" class=\"wp-block-spacer\"><\/div>\n\n\n\n<div class=\"wp-block-buttons has-custom-font-size wp-block-columns has-regular-font-size is-layout-flex wp-block-buttons-is-layout-flex\">\n<div class=\"wp-block-button has-custom-font-size has-regular-font-size\"><a class=\"wp-block-button__link has-white-color has-primary-blue-background-color has-text-color has-background wp-element-button\" href=\"https:\/\/articles.alpha.canada.ca\/forms-formulaires\/fr\/commencer\/\" style=\"border-radius:6px;padding-top:6px;padding-right:16px;padding-bottom:6px;padding-left:16px\">Commencer<\/a><\/div>\n\n\n\n<div class=\"wp-block-button has-custom-font-size is-style-outline has-regular-font-size is-style-outline--1\"><a class=\"wp-block-button__link has-primary-blue-color has-white-background-color has-text-color has-background wp-element-button\" href=\"https:\/\/forms-formulaires.alpha.canada.ca\/fr\/form-builder\/support\/contactus\" style=\"border-radius:6px;padding-top:6px;padding-right:16px;padding-bottom:6px;padding-left:16px\" target=\"_blank\" rel=\"noreferrer noopener\">Nous contacter <img decoding=\"async\" src=\"https:\/\/articles.alpha.canada.ca\/uploads\/sites\/11\/2023\/09\/external-icon-1.svg\" style=\"height:20px;width:20px\" alt=\"\" aria-hidden=\"true\"><\/a><\/div>\n<\/div>\n<\/div>\n\n\n\n<div class=\"wp-block-column is-layout-flow wp-block-column-is-layout-flow\" style=\"flex-basis:40%\">\n<figure class=\"wp-block-image size-full is-layout-flex\" style=\"height:100%;justify-content:center\"><img decoding=\"async\" src=\"https:\/\/articles.alpha.canada.ca\/uploads\/sites\/11\/2024\/03\/GC_Forms_Icon_001-1.svg\" alt=\"Illustration d\u2019un ordinateur portable et d\u2019un t\u00e9l\u00e9phone mobile avec des formulaires \u00e0 l\u2019\u00e9cran et un appel qui montre les champs de saisie et le mot-symbole du gouvernement du Canada.\" class=\"wp-image-1393\" style=\"align-self: center;max-width:300px;max-height:275px\" \/><\/figure>\n<\/div>\n<\/div>\n\n\n\n<div class=\"wp-block-columns is-layout-flex wp-container-core-columns-is-layout-9d6595d7 wp-block-columns-is-layout-flex\">\n<div class=\"wp-block-column is-layout-flow wp-block-column-is-layout-flow\">\n<div class=\"wp-block-columns is-layout-flex wp-container-core-columns-is-layout-6be2aae9 wp-block-columns-is-layout-flex\" style=\"padding-top:0px;padding-right:40px;padding-bottom:0px;padding-left:40px\">\n<div class=\"wp-block-column is-layout-flow wp-block-column-is-layout-flow\" style=\"flex-basis:60%\">\n<h2 class=\"wp-block-heading has-xx-large-font-size\" id=\"h-concu-pour-le-gouvernement-du-canada\">Con\u00e7u pour le gouvernement du Canada<\/h2>\n\n\n\n<p>Pour r\u00e9pondre aux normes gouvernementales et aux besoins du public :<\/p>\n\n\n\n<p>\u2713 <strong>Bilingue<\/strong> (fran\u00e7ais et anglais).<br>\u2713 <strong>S\u00e9curis\u00e9<\/strong> (pour des r\u00e9ponses jusqu\u2019au niveau Prot\u00e9g\u00e9 B).<br>\u2713 <strong>Accessible<\/strong> (formulaires conformes \u00e0 WCAG 2.1 AA).<\/p>\n\n\n\n<div style=\"height:16px\" aria-hidden=\"true\" class=\"wp-block-spacer\"><\/div>\n\n\n\n<p><a href=\"https:\/\/articles.alpha.canada.ca\/forms-formulaires\/fr\/pourquoi-formulaires-gc\/\">Pourquoi choisir Formulaires GC pour votre service<\/a><\/p>\n<\/div>\n\n\n\n<div class=\"wp-block-column is-layout-flow wp-block-column-is-layout-flow\" style=\"flex-basis:40%\">\n<figure class=\"wp-block-image size-full is-layout-flex\" style=\"height:100%;justify-content:center\"><img decoding=\"async\" src=\"https:\/\/articles.alpha.canada.ca\/uploads\/sites\/11\/2023\/09\/form-example.png\" alt=\"Illustration d\u2019un formulaire simple avec quelques champs de saisie et l\u2019image de marque du gouvernement du Canada.\" class=\"wp-image-1404\" style=\"align-self: center;max-width:300px;max-height:230px\" \/><\/figure>\n<\/div>\n<\/div>\n<\/div>\n<\/div>\n\n\n\n<div class=\"wp-block-columns has-background is-layout-flex wp-container-core-columns-is-layout-9d6595d7 wp-block-columns-is-layout-flex\" style=\"background-color:#f0f2f5\">\n<div class=\"wp-block-column is-layout-flow wp-block-column-is-layout-flow\" style=\"flex-basis:100%\">\n<div class=\"wp-block-columns is-layout-flex wp-container-core-columns-is-layout-9d6595d7 wp-block-columns-is-layout-flex\">\n<div class=\"wp-block-column is-layout-flow wp-block-column-is-layout-flow\" style=\"flex-basis:40%\">\n<figure class=\"wp-block-image size-full is-layout-flex\" style=\"height:100%;justify-content:center\"><img decoding=\"async\" src=\"https:\/\/articles.alpha.canada.ca\/uploads\/sites\/11\/2023\/09\/Form-1.png\" alt=\"Illustration d\u2019un formulaire gouvernemental comportant des boutons radio et des entr\u00e9es de texte.\" class=\"wp-image-1413\" style=\"align-self: center;max-width:300px;max-height:230px\" \/><\/figure>\n<\/div>\n\n\n\n<div class=\"wp-block-column is-layout-flow wp-block-column-is-layout-flow\" style=\"flex-basis:60%\">\n<h2 class=\"wp-block-heading has-xx-large-font-size\" id=\"h-ce-que-vous-pouvez-faire\">Ce que vous pouvez faire<\/h2>\n\n\n\n<p>Cr\u00e9er des formulaires pour diff\u00e9rents processus :<\/p>\n\n\n\n<ul class=\"wp-block-list\">\n<li>Mises en candidature.<\/li>\n\n\n\n<li>R\u00e9troactions.<\/li>\n\n\n\n<li>Inscriptions au programmes.<\/li>\n\n\n\n<li>Demandes de prestations.<\/li>\n\n\n\n<li>Signalements.<\/li>\n<\/ul>\n\n\n\n<p><a href=\"https:\/\/articles.alpha.canada.ca\/forms-formulaires\/fr\/modeles\/\">Commencer \u00e0 partir d\u2019un mod\u00e8le<\/a><\/p>\n<\/div>\n<\/div>\n<\/div>\n<\/div>\n\n\n\n<div class=\"wp-block-columns is-layout-flex wp-container-core-columns-is-layout-3fee07b8 wp-block-columns-is-layout-flex\" style=\"padding-top:0px;padding-right:40px;padding-bottom:0px;padding-left:40px\">\n<div class=\"wp-block-column is-layout-flow wp-block-column-is-layout-flow\">\n<div class=\"wp-block-columns is-layout-flex wp-container-core-columns-is-layout-d2115bae wp-block-columns-is-layout-flex\" style=\"padding-top:0px;padding-right:0px;padding-bottom:0px;padding-left:0px\">\n<div class=\"wp-block-column is-layout-flow wp-block-column-is-layout-flow\" style=\"flex-basis:60%\">\n<h2 class=\"wp-block-heading has-xx-large-font-size\" id=\"h-publiez-en-quelques-etapes\">Publiez en quelques \u00e9tapes<\/h2>\n\n\n\n<ol class=\"wp-block-list\">\n<li>Ajouter des champs pr\u00e9formatt\u00e9s \u00e0 votre formulaire.<\/li>\n\n\n\n<li>Modifier les traductions en c\u00f4te \u00e0 c\u00f4te.<\/li>\n\n\n\n<li>Tester le formulaire et la r\u00e9ception des r\u00e9ponses.<\/li>\n\n\n\n<li>Publier en ligne.<\/li>\n<\/ol>\n\n\n\n<div style=\"height:16px\" aria-hidden=\"true\" class=\"wp-block-spacer\"><\/div>\n\n\n\n<p><a href=\"https:\/\/articles.alpha.canada.ca\/forms-formulaires\/fr\/commencer\/\">Comment commencer \u00e0 utiliser Formulaires GC<\/a><\/p>\n<\/div>\n\n\n\n<div class=\"wp-block-column is-layout-flow wp-block-column-is-layout-flow\" style=\"flex-basis:40%\">\n<figure class=\"wp-block-image size-full is-layout-flex\" style=\"height:100%;justify-content:center\"><img decoding=\"async\" src=\"https:\/\/articles.alpha.canada.ca\/uploads\/sites\/11\/2023\/09\/Publish-steps.png\" alt=\"Illustration d\u2019un formulaire avec un appel qui met en \u00e9vidence le fait qu\u2019il ne faut pas de codage.\" class=\"wp-image-1467\" style=\"align-self: center;max-width:300px;max-height:230px\" \/><\/figure>\n<\/div>\n<\/div>\n<\/div>\n<\/div>\n\n\n\n<div class=\"wp-block-columns has-background is-layout-flex wp-container-core-columns-is-layout-48a00afe wp-block-columns-is-layout-flex\" style=\"background-color:#f0f2f5;padding-right:40px;padding-left:40px\">\n<div class=\"wp-block-column is-layout-flow wp-block-column-is-layout-flow\" style=\"flex-basis:100%\">\n<div class=\"wp-block-columns is-layout-flex wp-container-core-columns-is-layout-9d6595d7 wp-block-columns-is-layout-flex\">\n<div class=\"wp-block-column is-layout-flow wp-block-column-is-layout-flow\" style=\"flex-basis:40%\">\n<figure class=\"wp-block-image size-full is-layout-flex\" style=\"height:100%;justify-content:center\"><img decoding=\"async\" src=\"https:\/\/articles.alpha.canada.ca\/uploads\/sites\/11\/2023\/09\/workflow.png\" alt=\"Illustration d\u2019un flux de travail avec des personnes travaillant sur un formulaire num\u00e9rique.\" class=\"wp-image-1461\" style=\"align-self: center;max-width:300px;max-height:230px\"><\/figure>\n<\/div>\n\n\n\n<div class=\"wp-block-column is-layout-flow wp-block-column-is-layout-flow\" style=\"flex-basis:60%\">\n<h2 class=\"wp-block-heading has-xx-large-font-size\" id=\"h-simplifiez-votre-flux-de-travail\">Simplifiez votre flux de travail<\/h2>\n\n\n\n<ul class=\"wp-block-list\">\n<li>Acc\u00e9l\u00e9rer le d\u00e9lai de cr\u00e9ation d\u2019un formulaire.<\/li>\n\n\n\n<li>Publier en ligne sans ressources de d\u00e9veloppement.<\/li>\n\n\n\n<li>\u00c9viter la saisie manuelle des donn\u00e9es, source d\u2019erreurs.<\/li>\n\n\n\n<li>Recueillir des r\u00e9ponses plus pr\u00e9cises et de meilleure qualit\u00e9.<\/li>\n<\/ul>\n\n\n\n<div style=\"height:16px\" aria-hidden=\"true\" class=\"wp-block-spacer\"><\/div>\n\n\n\n<p><a href=\"https:\/\/articles.alpha.canada.ca\/forms-formulaires\/fr\/fonctionnalites\/\">En savoir plus sur les fonctionnalit\u00e9s<\/a><\/p>\n<\/div>\n<\/div>\n<\/div>\n<\/div>\n\n\n\n<div class=\"wp-block-columns is-layout-flex wp-container-core-columns-is-layout-9d6595d7 wp-block-columns-is-layout-flex\">\n<div class=\"wp-block-column is-layout-flow wp-block-column-is-layout-flow\">\n<div class=\"wp-block-columns is-layout-flex wp-container-core-columns-is-layout-6be2aae9 wp-block-columns-is-layout-flex\" style=\"padding-top:0px;padding-right:40px;padding-bottom:0px;padding-left:40px\">\n<div class=\"wp-block-column is-layout-flow wp-block-column-is-layout-flow\" style=\"flex-basis:60%\">\n<h2 class=\"wp-block-heading has-xx-large-font-size\" id=\"h-utilisation-gratuite\">Utilisation gratuite<\/h2>\n\n\n\n<p>Formulaires GC est g\u00e9r\u00e9 par le <a href=\"https:\/\/numerique.canada.ca\">Service num\u00e9rique canadien <img decoding=\"async\" src=\"https:\/\/articles.alpha.canada.ca\/uploads\/sites\/11\/2023\/09\/external-icon-1.svg\" style=\"height:20px;width:20px\" alt=\"\" aria-hidden=\"true\"><\/a> et est offert aux minist\u00e8res et organismes du gouvernement du Canada sans aucuns frais.<br><br>\u2713 Nul besoin d\u2019approvisionnement.<br>\u2713 Creation illimit\u00e9e de formulaires.<\/p>\n\n\n\n<p><a href=\"https:\/\/forms-formulaires.alpha.canada.ca\/fr\/sla\">Consulter l\u2019accord sur les niveaux de service <img decoding=\"async\" src=\"https:\/\/articles.alpha.canada.ca\/uploads\/sites\/11\/2023\/09\/external-icon-1.svg\" style=\"height:20px;width:20px\" alt=\"\" aria-hidden=\"true\"><\/a><\/p>\n<\/div>\n\n\n\n<div style=\"height:16px;width:0px\" aria-hidden=\"true\" class=\"wp-block-spacer wp-container-content-f9bd05ee\"><\/div>\n\n\n\n<div class=\"wp-block-column is-layout-flow wp-block-column-is-layout-flow\">\n<figure class=\"wp-block-image size-full is-layout-flex\" style=\"height:100%;justify-content:center\"><img decoding=\"async\" src=\"https:\/\/articles.alpha.canada.ca\/uploads\/sites\/11\/2023\/09\/Free-fr-632x1024.png\" alt=\"Illustration d\u2019un stylo et d\u2019un re\u00e7u indiquant 0 $.\" class=\"wp-image-1464\" style=\"align-self: center;max-width:300px;max-height:230px\" \/><\/figure>\n<\/div>\n<\/div>\n\n\n\n<div class=\"wp-block-group\"><div class=\"wp-block-group__inner-container is-layout-constrained wp-block-group-is-layout-constrained\">\n<div class=\"wp-block-columns is-layout-flex wp-container-core-columns-is-layout-9d6595d7 wp-block-columns-is-layout-flex\">\n<div class=\"wp-block-column is-layout-flow wp-block-column-is-layout-flow\" style=\"flex-basis:100%\">\n<div class=\"wp-block-column is-layout-flow wp-block-column-is-layout-flow\" style=\"flex-basis:40%\">\n<div class=\"wp-block-group\"><div class=\"wp-block-group__inner-container is-layout-constrained wp-block-group-is-layout-constrained\">\n<div class=\"wp-block-columns is-layout-flex wp-container-core-columns-is-layout-9d6595d7 wp-block-columns-is-layout-flex\">\n<div class=\"wp-block-column is-layout-flow wp-block-column-is-layout-flow\" style=\"flex-basis:100%\">\n<div class=\"wp-block-column is-layout-flow wp-block-column-is-layout-flow\" style=\"flex-basis:40%\">\n<div class=\"wp-block-columns is-layout-flex wp-container-core-columns-is-layout-b9169773 wp-block-columns-is-layout-flex\" style=\"padding-top:40px;padding-bottom:40px\">\n<div class=\"wp-block-column has-white-color has-text-color has-background is-layout-flow wp-block-column-is-layout-flow\" style=\"background-color:#5c4ea2;padding-top:30px;padding-right:40px;padding-bottom:40px;padding-left:20px\">\n<h2 class=\"wp-block-heading has-text-align-center has-white-color has-text-color has-xx-large-font-size\" id=\"h-explorez-formulaires-gc-sans-creer-de-compte\">Explorez Formulaires GC \u2014 sans cr\u00e9er de compte<\/h2>\n\n\n\n<div class=\"wp-block-buttons is-content-justification-center is-layout-flex wp-container-26 wp-block-buttons-is-layout-flex\">\n   <div class=\"wp-block-button is-style-outline has-text-align-center has-custom-font-size has-regular-font-size\" style=\"font-style:normal;font-weight:400\">\n      <a href=\"https:\/\/forms-formulaires.alpha.canada.ca\/fr\/form-builder\" target=\"_blank\" class=\"wp-block-button__link has-primary-blue-color has-white-background-color has-text-color has-background wp-element-button\" style=\"margin-top:16px;border-radius:6px;padding-top:6px;padding-right:16px;padding-bottom:6px;padding-left:16px\" rel=\"noopener\">Essayer maintenant<img decoding=\"async\" src=\"https:\/\/articles.alpha.canada.ca\/uploads\/sites\/11\/2023\/09\/external-icon-1.svg\" style=\"margin-left: 8px;height:20px;width:20px\" alt=\"\" aria-hidden=\"true\"><\/a>\n   <\/div>\n<\/div>\n\n\n\n<div class=\"wp-block-buttons is-content-justification-center is-layout-flex wp-container-26 wp-block-buttons-is-layout-flex\">\n   <div class=\"wp-block-button is-style-outline has-text-align-center has-custom-font-size has-regular-font-size\" style=\"font-style:normal;font-weight:400\">\n      <a href=\"https:\/\/articles.alpha.canada.ca\/forms-formulaires\/fr\/assister-a-une-demonstration-de-produit\/\" target=\"_blank\" class=\"wp-block-button__link has-primary-blue-color has-white-background-color has-text-color has-background wp-element-button\" style=\"margin-top:16px;border-radius:6px;padding-top:6px;padding-right:16px;padding-bottom:6px;padding-left:16px\" rel=\"noopener\">S&rsquo;inscrire \u00e0 une d\u00e9mo<img decoding=\"async\" src=\"https:\/\/articles.alpha.canada.ca\/uploads\/sites\/11\/2023\/09\/external-icon-1.svg\" style=\"margin-left: 8px;height:20px;width:20px\" alt=\"\" aria-hidden=\"true\"><\/a>\n   <\/div>\n<\/div>\n<\/div>\n<\/div>\n<\/div>\n<\/div>\n<\/div><\/div>\n<\/div>\n<\/div>\n<\/div>\n<\/div><\/div>\n<\/div>\n<\/div>\n","protected":false},"excerpt":{"rendered":"<p>Publiez des formulaires gouvernementaux en ligne Facilitez la soumission de renseignements \u00e0 votre service en cr\u00e9ant des formulaires en ligne simples et accessibles \u2014&nbsp;sans codage. Con\u00e7u pour le gouvernement du Canada Pour r\u00e9pondre aux normes gouvernementales et aux besoins du public : \u2713 Bilingue (fran\u00e7ais et anglais).\u2713 S\u00e9curis\u00e9 (pour des r\u00e9ponses jusqu\u2019au niveau Prot\u00e9g\u00e9 B).\u2713\u2026 <a class=\"read-more\" href=\"https:\/\/articles.alpha.canada.ca\/forms-formulaires\/fr\/\">Read more<span class=\"wb-sl\"> of Formulaires GC<\/span><\/a><\/p>\n","protected":false},"author":235,"featured_media":0,"parent":0,"menu_order":0,"comment_status":"closed","ping_status":"closed","template":"","meta":{"footnotes":""},"class_list":["post-1519","page","type-page","status-publish","hentry"],"slug_en":"home","slug_fr":"accueil","id_en":1383,"id_fr":1519,"lang":"fr","_links":{"self":[{"href":"https:\/\/articles.alpha.canada.ca\/forms-formulaires\/fr\/wp-json\/wp\/v2\/pages\/1519","targetHints":{"allow":["GET"]}}],"collection":[{"href":"https:\/\/articles.alpha.canada.ca\/forms-formulaires\/fr\/wp-json\/wp\/v2\/pages"}],"about":[{"href":"https:\/\/articles.alpha.canada.ca\/forms-formulaires\/fr\/wp-json\/wp\/v2\/types\/page"}],"author":[{"embeddable":true,"href":"https:\/\/articles.alpha.canada.ca\/forms-formulaires\/fr\/wp-json\/wp\/v2\/users\/235"}],"replies":[{"embeddable":true,"href":"https:\/\/articles.alpha.canada.ca\/forms-formulaires\/fr\/wp-json\/wp\/v2\/comments?post=1519"}],"version-history":[{"count":31,"href":"https:\/\/articles.alpha.canada.ca\/forms-formulaires\/fr\/wp-json\/wp\/v2\/pages\/1519\/revisions"}],"predecessor-version":[{"id":2765,"href":"https:\/\/articles.alpha.canada.ca\/forms-formulaires\/fr\/wp-json\/wp\/v2\/pages\/1519\/revisions\/2765"}],"wp:attachment":[{"href":"https:\/\/articles.alpha.canada.ca\/forms-formulaires\/fr\/wp-json\/wp\/v2\/media?parent=1519"}],"curies":[{"name":"wp","href":"https:\/\/api.w.org\/{rel}","templated":true}]}}