{"id":1521,"date":"2023-09-19T13:15:28","date_gmt":"2023-09-19T13:15:28","guid":{"rendered":"https:\/\/articles.alpha.canada.ca\/forms-formulaires\/?page_id=1521"},"modified":"2025-12-02T19:02:44","modified_gmt":"2025-12-02T19:02:44","slug":"modeles","status":"publish","type":"page","link":"https:\/\/articles.alpha.canada.ca\/forms-formulaires\/fr\/modeles\/","title":{"rendered":"Utiliser un mod\u00e8le pour cr\u00e9er un formulaire"},"content":{"rendered":"\n<div class=\"wp-block-columns is-layout-flex wp-container-core-columns-is-layout-9d6595d7 wp-block-columns-is-layout-flex\">\n<div class=\"wp-block-column is-layout-flow wp-block-column-is-layout-flow\" style=\"flex-basis:75%\">\n<p>Nous avons cr\u00e9\u00e9 quelques mod\u00e8les de formulaires communs modifiables pour que vous puissiez vous lancer plus rapidement. Vous pouvez \u00e9galement cr\u00e9er votre propre mod\u00e8le et le partager avec vos coll\u00e8gues.<\/p>\n<\/div>\n<\/div>\n\n\n\n<h3 class=\"wp-block-heading\" id=\"h-comment-commencer-a-partir-d-un-modele\">Comment commencer \u00e0 partir d\u2019un mod\u00e8le d&rsquo;exemple<\/h3>\n\n\n\n<div style=\"height:8px\" aria-hidden=\"true\" class=\"wp-block-spacer\"><\/div>\n\n\n\n<ol class=\"wp-block-list\">\n<li>T\u00e9l\u00e9chargez une copie de l\u2019un des fichiers de formulaire ci-dessous (ou de votre propre formulaires dans Formulaires GC).<\/li>\n\n\n\n<li>S\u00e9lectionnez l\u2019endroit o\u00f9 enregistrer le fichier (format JSON).<\/li>\n\n\n\n<li>Allez sur <a href=\"https:\/\/forms-formulaires.alpha.canada.ca\/fr\/form-builder\" target=\"_blank\" rel=\"noreferrer noopener\">Formulaires GC <img decoding=\"async\" src=\"https:\/\/articles.alpha.canada.ca\/uploads\/sites\/11\/2023\/09\/external-icon-1.svg\" style=\"height:20px;width:20px\" alt=\"\" aria-hidden=\"true\"><\/a> \u2014 aucun compte n\u2019est n\u00e9cessaire.<\/li>\n\n\n\n<li>S\u00e9lectionnez \u00ab Ouvrir un formulaire \u00bb.<\/li>\n\n\n\n<li>Importez le fichier t\u00e9l\u00e9charg\u00e9 et adaptez le mod\u00e8le de formulaire \u00e0 vos besoins.<\/li>\n<\/ol>\n\n\n\n<div style=\"height:40px\" aria-hidden=\"true\" class=\"wp-block-spacer\"><\/div>\n\n\n\n<div class=\"wp-block-columns is-layout-flex wp-container-core-columns-is-layout-9d6595d7 wp-block-columns-is-layout-flex\">\n<div class=\"wp-block-column is-layout-flow wp-block-column-is-layout-flow\">\n<article style=\"border: #D6D9DD solid 1px;padding: 1.5em;border-radius: 6px\">\n   <figure aria-hidden=\"true\" class=\"wp-block-image size-full is-resized\"><img loading=\"lazy\" decoding=\"async\" src=\"https:\/\/articles.alpha.canada.ca\/uploads\/sites\/11\/2023\/09\/contact.svg\" alt=\"Illustration d'un t\u00e9l\u00e9phone et d'une enveloppe.\" class=\"wp-image-1203\" style=\"object-fit:contain;width:80px;height:80px\" width=\"80\" height=\"80\" \/><\/figure>\n   <h3 id=\"h3-contact-form\" class=\"wp-block-heading\" style=\"font-style:normal;font-weight:400;margin-top: 0\">Formulaire de <span style=\"font-weight:700\">contact<\/span><\/h3>\n   <div class=\"wp-block-button has-custom-font-size has-regular-font-size\" style=\"font-style:normal;font-weight:400\">\n      <a href=\"https:\/\/articles.alpha.canada.ca\/uploads\/sites\/11\/2024\/08\/contact-us-nous-contacter.json\" aria-labelledby=\"h3-contact-form\" class=\"wp-block-button__link wp-element-button\" style=\"margin-top:16px;border-radius:6px;padding-top:6px;padding-right:16px;padding-bottom:6px;padding-left:16px\" download><img decoding=\"async\" src=\"https:\/\/articles.alpha.canada.ca\/uploads\/sites\/11\/2023\/09\/download.svg\" style=\"margin-right: 8px;height:20px;width:20px\" alt=\"\" aria-hidden=\"true\"><\/span>T\u00e9l\u00e9charger<\/a>\n   <\/div>\n   <div class=\"wp-block-button is-style-outline has-custom-font-size has-regular-font-size\" style=\"font-style:normal;font-weight:400\">\n      <a href=\"https:\/\/forms-formulaires.alpha.canada.ca\/fr\/id\/clzvj8fzb00226o90r2b7l1gt\" target=\"_blank\" aria-labelledby=\"h3-contact-form\" class=\"wp-block-button__link has-primary-blue-color has-text-color has-background has-white-background-color wp-element-button\" style=\"margin-top:16px;border-radius:6px;padding-top:6px;padding-right:16px;padding-bottom:6px;padding-left:16px\" rel=\"noopener\"><img decoding=\"async\" src=\"https:\/\/articles.alpha.canada.ca\/uploads\/sites\/11\/2023\/09\/preview.svg\" style=\"margin-right: 8px;height:20px;width:20px\" alt=\"\" aria-hidden=\"true\">Pr\u00e9visualiser<\/a>\n   <\/div>\n<\/article>\n<\/div>\n\n\n\n<div class=\"wp-block-column is-layout-flow wp-block-column-is-layout-flow\">\n<article style=\"border: #D6D9DD solid 1px;padding: 1.5em;border-radius: 6px\">\n   <figure aria-hidden=\"true\" class=\"wp-block-image size-full is-resized\"><img loading=\"lazy\" decoding=\"async\" src=\"https:\/\/articles.alpha.canada.ca\/uploads\/sites\/11\/2023\/09\/Feedback.svg\" alt=\"Illustration d'une bulle de dialogue et d'un crayon.\" class=\"wp-image-1208\" style=\"object-fit:contain;width:80px;height:80px\" width=\"80\" height=\"80\" \/><\/figure>\n   <h3 id=\"h3-Feedback-form\" class=\"wp-block-heading\" style=\"font-style:normal;font-weight:400;margin-top: 0\">Formulaire de <span style=\"font-weight:700\">r\u00e9troaction sur l&rsquo;accessibilit\u00e9<\/span><\/h3>\n   <div class=\"wp-block-button has-custom-font-size has-regular-font-size\" style=\"font-style:normal;font-weight:400\">\n      <a href=\"https:\/\/articles.alpha.canada.ca\/uploads\/sites\/11\/2024\/08\/accessibility-feedback-retroaction-accessibilite.json\" aria-labelledby=\"h3-Feedback-form\" class=\"wp-block-button__link wp-element-button\" style=\"margin-top:16px;border-radius:6px;padding-top:6px;padding-right:16px;padding-bottom:6px;padding-left:16px\" download><img decoding=\"async\" src=\"https:\/\/articles.alpha.canada.ca\/uploads\/sites\/11\/2023\/09\/download.svg\" style=\"margin-right: 8px;height:20px;width:20px\" alt=\"\" aria-hidden=\"true\">T\u00e9l\u00e9charger<\/a>\n   <\/div>\n   <div class=\"wp-block-button is-style-outline has-custom-font-size has-regular-font-size\" style=\"font-style:normal;font-weight:400\">\n      <a href=\"https:\/\/forms-formulaires.alpha.canada.ca\/fr\/id\/clzvo7awv003h6o90vgovasw6\" target=\"_blank\" aria-labelledby=\"h3-Feedback-form\" class=\"wp-block-button__link has-primary-blue-color has-text-color has-background has-white-background-color wp-element-button\" style=\"margin-top:16px;border-radius:6px;padding-top:6px;padding-right:16px;padding-bottom:6px;padding-left:16px\" rel=\"noopener\"><img decoding=\"async\" src=\"https:\/\/articles.alpha.canada.ca\/uploads\/sites\/11\/2023\/09\/preview.svg\" style=\"margin-right: 8px;height:20px;width:20px\" alt=\"\" aria-hidden=\"true\">Pr\u00e9visualiser<\/a>\n   <\/div>\n<\/article>\n<\/div>\n<\/div>\n\n\n\n<div class=\"wp-block-columns is-layout-flex wp-container-core-columns-is-layout-9d6595d7 wp-block-columns-is-layout-flex\">\n<div class=\"wp-block-column is-layout-flow wp-block-column-is-layout-flow\">\n<article style=\"border: #D6D9DD solid 1px;padding: 1.5em;border-radius: 6px\">\n   <figure aria-hidden=\"true\" class=\"wp-block-image size-full is-resized\"><img loading=\"lazy\" decoding=\"async\" src=\"https:\/\/articles.alpha.canada.ca\/uploads\/sites\/11\/2025\/11\/application.png\" alt=\"Une illustration d'un formulaire avec de l'argent.\" class=\"wp-image-1203\" style=\"object-fit:contain;width:80px;height:80px\" width=\"80\" height=\"80\" \/><\/figure>\n   <h3 id=\"h3-reporting-form\" class=\"wp-block-heading\" style=\"font-style:normal;font-weight:400;margin-top: 0\">Formulaire de <span style=\"font-weight:700\">demande de subvention<\/span><\/h3>\n   <div class=\"wp-block-button has-custom-font-size has-regular-font-size\" style=\"font-style:normal;font-weight:400\">\n      <a href=\"https:\/\/articles.alpha.canada.ca\/uploads\/sites\/11\/2025\/11\/application-form-your-grant-title-2025-11-26.json\" aria-labelledby=\"h3-application-form\" class=\"wp-block-button__link wp-element-button\" style=\"margin-top:16px;border-radius:6px;padding-top:6px;padding-right:16px;padding-bottom:6px;padding-left:16px\" download><img decoding=\"async\" src=\"https:\/\/articles.alpha.canada.ca\/uploads\/sites\/11\/2023\/09\/download.svg\" style=\"margin-right: 8px;height:20px;width:20px\" alt=\"\" aria-hidden=\"true\">T\u00e9l\u00e9charger<\/a>\n   <\/div>\n   <div class=\"wp-block-button is-style-outline has-custom-font-size has-regular-font-size\" style=\"font-style:normal;font-weight:400\">\n      <a href=\"https:\/\/forms-formulaires.alpha.canada.ca\/fr\/id\/cmiewy5qu006kxe01u38xeaal\" target=\"_blank\" aria-labelledby=\"h3-application-form\" class=\"wp-block-button__link has-primary-blue-color has-text-color has-background has-white-background-color wp-element-button\" style=\"margin-top:16px;border-radius:6px;padding-top:6px;padding-right:16px;padding-bottom:6px;padding-left:16px\" rel=\"noopener\"><img decoding=\"async\" src=\"https:\/\/articles.alpha.canada.ca\/uploads\/sites\/11\/2023\/09\/preview.svg\" style=\"margin-right: 8px;height:20px;width:20px\" alt=\"\" aria-hidden=\"true\">Pr\u00e9visualiser<\/a>\n   <\/div>\n<\/article>\n<\/div>\n\n\n\n<div class=\"wp-block-column is-layout-flow wp-block-column-is-layout-flow\">\n<article style=\"border: #D6D9DD solid 1px;padding: 1.5em;border-radius: 6px\">\n   <figure aria-hidden=\"true\" class=\"wp-block-image size-full is-resized\"><img loading=\"lazy\" decoding=\"async\" src=\"https:\/\/articles.alpha.canada.ca\/uploads\/sites\/11\/2023\/09\/Reporting.svg\" alt=\"Illustration d'un sifflet.\" class=\"wp-image-1206\" style=\"object-fit:contain;width:80px;height:80px\" width=\"80\" height=\"80\" \/><\/figure>\n   <h3 id=\"h3-reporting-form\" class=\"wp-block-heading\" style=\"font-style:normal;font-weight:400;margin-top: 0\">Formulaire de <span style=\"font-weight:700\">signalement de vuln\u00e9rabilit\u00e9<\/span><\/h3>\n   <div class=\"wp-block-button has-custom-font-size has-regular-font-size\" style=\"font-style:normal;font-weight:400\">\n      <a href=\"https:\/\/articles.alpha.canada.ca\/uploads\/sites\/11\/2024\/08\/report-signalement.json\" aria-labelledby=\"h3-reporting-form\" class=\"wp-block-button__link wp-element-button\" style=\"margin-top:16px;border-radius:6px;padding-top:6px;padding-right:16px;padding-bottom:6px;padding-left:16px\" download><img decoding=\"async\" src=\"https:\/\/articles.alpha.canada.ca\/uploads\/sites\/11\/2023\/09\/download.svg\" style=\"margin-right: 8px;height:20px;width:20px\" alt=\"\" aria-hidden=\"true\">T\u00e9l\u00e9charger<\/a>\n   <\/div>\n   <div class=\"wp-block-button is-style-outline has-custom-font-size has-regular-font-size\" style=\"font-style:normal;font-weight:400\">\n      <a href=\"https:\/\/forms-formulaires.alpha.canada.ca\/fr\/id\/clzwoevlv004e6o90exbn52vd\" aria-labelledby=\"h3-reporting-form\" target=\"_blank\" class=\"wp-block-button__link has-primary-blue-color has-text-color has-background has-white-background-color wp-element-button\" style=\"margin-top:16px;border-radius:6px;padding-top:6px;padding-right:16px;padding-bottom:6px;padding-left:16px\" rel=\"noopener\"><img decoding=\"async\" src=\"https:\/\/articles.alpha.canada.ca\/uploads\/sites\/11\/2023\/09\/preview.svg\" style=\"margin-right: 8px;height:20px;width:20px\" alt=\"\" aria-hidden=\"true\">Pr\u00e9visualiser<\/a>\n   <\/div>\n<\/article>\n<\/div>\n<\/div>\n\n\n\n<div class=\"wp-block-columns is-layout-flex wp-container-core-columns-is-layout-9d6595d7 wp-block-columns-is-layout-flex\">\n<div class=\"wp-block-column is-layout-flow wp-block-column-is-layout-flow\"><\/div>\n\n\n\n<div class=\"wp-block-column is-layout-flow wp-block-column-is-layout-flow\"><\/div>\n<\/div>\n\n\n\n<div class=\"wp-block-group has-background\" style=\"background-color:#5c4ea2\"><div class=\"wp-block-group__inner-container is-layout-constrained wp-block-group-is-layout-constrained\">\n<h2 class=\"wp-block-heading has-text-align-center has-white-color has-text-color has-link-color wp-elements-7a2b5e54d09893ef6b3a4d4d611314bb\" id=\"h-didn-t-find-what-you-re-looking-for\">Vous avez une id\u00e9e de mod\u00e8le utile?<\/h2>\n\n\n\n<div class=\"wp-block-buttons is-content-justification-center is-layout-flex wp-container-26 wp-block-buttons-is-layout-flex\">\n   <div class=\"wp-block-button is-style-outline has-text-align-center has-custom-font-size has-regular-font-size\" style=\"font-style:normal;font-weight:400\">\n      <a href=\"https:\/\/forms-formulaires.alpha.canada.ca\/fr\/contact\" target=\"_blank\" aria-labelledby=\"Dites-nous en plus\" class=\"wp-block-button__link has-primary-blue-color has-white-background-color has-text-color has-background wp-element-button\" style=\"margin-top:16px;border-radius:6px;padding-top:6px;padding-right:16px;padding-bottom:6px;padding-left:16px\" rel=\"noopener\">Nous contacter<img decoding=\"async\" src=\"https:\/\/articles.alpha.canada.ca\/uploads\/sites\/11\/2023\/09\/external-icon-1.svg\" style=\"margin-left: 8px;height:20px;width:20px\" alt=\"\" aria-hidden=\"true\"><\/a>\n   <\/div>\n<\/div>\n<\/br>\n<\/div><\/div>\n","protected":false},"excerpt":{"rendered":"<p>Nous avons cr\u00e9\u00e9 quelques mod\u00e8les de formulaires communs modifiables pour que vous puissiez vous lancer plus rapidement. Vous pouvez \u00e9galement cr\u00e9er votre propre mod\u00e8le et le partager avec vos coll\u00e8gues. Comment commencer \u00e0 partir d\u2019un mod\u00e8le d&rsquo;exemple Formulaire de contact T\u00e9l\u00e9charger Pr\u00e9visualiser Formulaire de r\u00e9troaction sur l&rsquo;accessibilit\u00e9 T\u00e9l\u00e9charger Pr\u00e9visualiser Formulaire de demande de subvention T\u00e9l\u00e9charger\u2026 <a class=\"read-more\" href=\"https:\/\/articles.alpha.canada.ca\/forms-formulaires\/fr\/modeles\/\">Read more<span class=\"wb-sl\"> of Utiliser un mod\u00e8le pour cr\u00e9er un formulaire<\/span><\/a><\/p>\n","protected":false},"author":235,"featured_media":0,"parent":0,"menu_order":0,"comment_status":"closed","ping_status":"closed","template":"","meta":{"footnotes":""},"class_list":["post-1521","page","type-page","status-publish","hentry"],"slug_en":"templates","slug_fr":"modeles","id_en":1158,"id_fr":1521,"lang":"fr","_links":{"self":[{"href":"https:\/\/articles.alpha.canada.ca\/forms-formulaires\/fr\/wp-json\/wp\/v2\/pages\/1521","targetHints":{"allow":["GET"]}}],"collection":[{"href":"https:\/\/articles.alpha.canada.ca\/forms-formulaires\/fr\/wp-json\/wp\/v2\/pages"}],"about":[{"href":"https:\/\/articles.alpha.canada.ca\/forms-formulaires\/fr\/wp-json\/wp\/v2\/types\/page"}],"author":[{"embeddable":true,"href":"https:\/\/articles.alpha.canada.ca\/forms-formulaires\/fr\/wp-json\/wp\/v2\/users\/235"}],"replies":[{"embeddable":true,"href":"https:\/\/articles.alpha.canada.ca\/forms-formulaires\/fr\/wp-json\/wp\/v2\/comments?post=1521"}],"version-history":[{"count":28,"href":"https:\/\/articles.alpha.canada.ca\/forms-formulaires\/fr\/wp-json\/wp\/v2\/pages\/1521\/revisions"}],"predecessor-version":[{"id":3174,"href":"https:\/\/articles.alpha.canada.ca\/forms-formulaires\/fr\/wp-json\/wp\/v2\/pages\/1521\/revisions\/3174"}],"wp:attachment":[{"href":"https:\/\/articles.alpha.canada.ca\/forms-formulaires\/fr\/wp-json\/wp\/v2\/media?parent=1521"}],"curies":[{"name":"wp","href":"https:\/\/api.w.org\/{rel}","templated":true}]}}