{"id":1527,"date":"2023-09-19T14:15:20","date_gmt":"2023-09-19T14:15:20","guid":{"rendered":"https:\/\/articles.alpha.canada.ca\/forms-formulaires\/?page_id=1527"},"modified":"2025-04-25T15:08:27","modified_gmt":"2025-04-25T15:08:27","slug":"commencer","status":"publish","type":"page","link":"https:\/\/articles.alpha.canada.ca\/forms-formulaires\/fr\/commencer\/","title":{"rendered":"Pour commencer"},"content":{"rendered":"\n<div style=\"height:20px\" aria-hidden=\"true\" class=\"wp-block-spacer\"><\/div>\n\n\n\n<p>Il y a quelques diff\u00e9rentes fa\u00e7ons de commencer \u00e0 utiliser Formulaires GC.<\/p>\n\n\n\n<ol style=\"font-size:1.8em;font-weight:700;padding-left: 1em\">\n   <li style=\"margin-bottom: 60px\">\n      <h2 style=\"font-size: inherit\">Faites-en l\u2019essai \u2014 aucun compte n\u2019est n\u00e9cessaire<\/h2>\n      <p style=\"font-size: 20px;font-weight: 400\">D\u00e9couvrez comment fonctionne la cr\u00e9ation d\u2019un formulaire avant de cr\u00e9er un compte.<\/p>\n      <div class=\"wp-block-button has-custom-font-size has-regular-font-size\" style=\"font-style:normal;font-weight:400\">\n         <a href=\"https:\/\/forms-formulaires.alpha.canada.ca\/fr\/form-builder\" target=\"_blank\" class=\"wp-block-button__link wp-element-button\" style=\"margin-top:16px;border-radius:6px;padding-top:6px;padding-right:16px;padding-bottom:6px;padding-left:16px;width:auto\" rel=\"noopener\">Cr\u00e9er un formulaire<img decoding=\"async\" src=\"https:\/\/articles.alpha.canada.ca\/uploads\/sites\/11\/2023\/09\/external-icon-w.svg\" style=\"margin-left: 8px;height:20px;width:20px\" alt=\"\" aria-hidden=\"true\"><\/a>\n      <\/div>\n   <\/li>\n   <li style=\"margin-bottom: 60px\">\n      <h2 style=\"font-size: inherit\">Cr\u00e9ez un compte \u2014 avec acc\u00e8s complet<\/h2>\n      <p style=\"font-size: 20px;font-weight: 400\">Explorez toutes les possibilit\u00e9s dans Formulaires GC : publier en ligne, g\u00e9rer les r\u00e9ponses et partager les formulaires.<\/p>\n      <div class=\"wp-block-button has-custom-font-size has-regular-font-size\" style=\"font-style:normal;font-weight:400\">\n         <a href=\"https:\/\/forms-formulaires.alpha.canada.ca\/fr\/auth\/register\" target=\"_blank\" class=\"wp-block-button__link wp-element-button\" style=\"margin-top:16px;border-radius:6px;padding-top:6px;padding-right:16px;padding-bottom:6px;padding-left:16px;width:auto\" rel=\"noopener\">Cr\u00e9er un compte<img decoding=\"async\" src=\"https:\/\/articles.alpha.canada.ca\/uploads\/sites\/11\/2023\/09\/external-icon-w.svg\" style=\"margin-left: 8px;height:20px;width:20px\" alt=\"\" aria-hidden=\"true\"><\/a>\n      <\/div>\n   <\/li>\n   <li style=\"margin-bottom: 60px\">\n      <h2 style=\"font-size: inherit\">Commencez \u00e0 partir d\u2019un mod\u00e8le<\/h2>\n      <p style=\"font-size: 20px;font-weight: 400\">T\u00e9l\u00e9versez un exemple de formulaire enti\u00e8rement modifiable dans Formulaires GC pour vous lancer plus rapidement (avec ou sans compte).<\/p>\n      <div class=\"wp-block-button has-custom-font-size has-regular-font-size\" style=\"font-style:normal;font-weight:400\">\n         <a href=\"https:\/\/articles.alpha.canada.ca\/forms-formulaires\/fr\/modeles\/\" class=\"wp-block-button__link wp-element-button\" style=\"margin-top:16px;border-radius:6px;padding-top:6px;padding-right:16px;padding-bottom:6px;padding-left:16px;width:auto\">Aller aux mod\u00e8les<\/a>\n      <\/div>\n   <\/li>\n   <li style=\"margin-bottom: 60px\">\n      <h2 style=\"font-size: inherit\">Assistez \u00e0 une d\u00e9mo du produit<\/h2>\n      <p style=\"font-size: 20px;font-weight: 400\">Rencontrez notre \u00e9quipe pour en savoir plus et leur poser des questions sp\u00e9cifiques.<\/p>\n      <div class=\"wp-block-button has-custom-font-size has-regular-font-size\" style=\"font-style:normal;font-weight:400;width:auto\">\n         <a href=\"https:\/\/articles.alpha.canada.ca\/forms-formulaires\/fr\/assister-a-une-demonstration-de-produit\/\" target=\"_blank\" class=\"wp-block-button__link wp-element-button\" style=\"margin-top:16px;border-radius:6px;padding-top:6px;padding-right:16px;padding-bottom:6px;padding-left:16px;width:auto\" rel=\"noopener\">S\u2019inscrire \u00e0 une d\u00e9mo<img decoding=\"async\" src=\"https:\/\/articles.alpha.canada.ca\/uploads\/sites\/11\/2023\/09\/external-icon-w.svg\" style=\"margin-left: 8px;height:20px;width:20px\" alt=\"\" aria-hidden=\"true\"><\/a>\n      <\/div>\n   <\/li>\n<\/ol>\n\n\n\n<div class=\"wp-block-group has-background\" style=\"background-color:#5c4ea2\"><div class=\"wp-block-group__inner-container is-layout-constrained wp-block-group-is-layout-constrained\">\n<h2 class=\"wp-block-heading has-text-align-center has-white-color has-text-color has-link-color wp-elements-5e68f7ffc550da5a0533ff0055ffaa73\" id=\"h-vous-n-avez-pas-trouve-ce-que-vous-cherchiez\">Vous n\u2019avez pas trouv\u00e9 ce que vous cherchiez?<\/h2>\n\n\n\n<div class=\"wp-block-buttons is-content-justification-center is-layout-flex wp-container-26 wp-block-buttons-is-layout-flex\">\n   <div class=\"wp-block-button is-style-outline has-text-align-center has-custom-font-size has-regular-font-size\" style=\"font-style:normal;font-weight:400\">\n      <a href=\"https:\/\/forms-formulaires.alpha.canada.ca\/fr\/form-builder\/support\" target=\"_blank\" aria-labelledby=\"Contacter l'\u00e9quipe de soutien\" class=\"wp-block-button__link has-primary-blue-color has-white-background-color has-text-color has-background wp-element-button\" style=\"margin-top:16px;border-radius:6px;padding-top:6px;padding-right:16px;padding-bottom:6px;padding-left:16px\" rel=\"noopener\">Contacter l&rsquo;\u00e9quipe de soutien<img decoding=\"async\" src=\"https:\/\/articles.alpha.canada.ca\/uploads\/sites\/11\/2023\/09\/external-icon-1.svg\" style=\"margin-left: 8px;height:20px;width:20px\" alt=\"\" aria-hidden=\"true\"><\/a>\n   <\/div>\n<\/div>\n<\/br>\n<\/div><\/div>\n","protected":false},"excerpt":{"rendered":"<p>Il y a quelques diff\u00e9rentes fa\u00e7ons de commencer \u00e0 utiliser Formulaires GC. Faites-en l\u2019essai \u2014 aucun compte n\u2019est n\u00e9cessaire D\u00e9couvrez comment fonctionne la cr\u00e9ation d\u2019un formulaire avant de cr\u00e9er un compte. Cr\u00e9er un formulaire Cr\u00e9ez un compte \u2014 avec acc\u00e8s complet Explorez toutes les possibilit\u00e9s dans Formulaires GC : publier en ligne, g\u00e9rer les r\u00e9ponses\u2026 <a class=\"read-more\" href=\"https:\/\/articles.alpha.canada.ca\/forms-formulaires\/fr\/commencer\/\">Read more<span class=\"wb-sl\"> of Pour commencer<\/span><\/a><\/p>\n","protected":false},"author":235,"featured_media":0,"parent":0,"menu_order":0,"comment_status":"closed","ping_status":"closed","template":"","meta":{"footnotes":""},"class_list":["post-1527","page","type-page","status-publish","hentry"],"slug_en":"get-started","slug_fr":"commencer","id_en":1124,"id_fr":1527,"lang":"fr","_links":{"self":[{"href":"https:\/\/articles.alpha.canada.ca\/forms-formulaires\/fr\/wp-json\/wp\/v2\/pages\/1527","targetHints":{"allow":["GET"]}}],"collection":[{"href":"https:\/\/articles.alpha.canada.ca\/forms-formulaires\/fr\/wp-json\/wp\/v2\/pages"}],"about":[{"href":"https:\/\/articles.alpha.canada.ca\/forms-formulaires\/fr\/wp-json\/wp\/v2\/types\/page"}],"author":[{"embeddable":true,"href":"https:\/\/articles.alpha.canada.ca\/forms-formulaires\/fr\/wp-json\/wp\/v2\/users\/235"}],"replies":[{"embeddable":true,"href":"https:\/\/articles.alpha.canada.ca\/forms-formulaires\/fr\/wp-json\/wp\/v2\/comments?post=1527"}],"version-history":[{"count":22,"href":"https:\/\/articles.alpha.canada.ca\/forms-formulaires\/fr\/wp-json\/wp\/v2\/pages\/1527\/revisions"}],"predecessor-version":[{"id":2984,"href":"https:\/\/articles.alpha.canada.ca\/forms-formulaires\/fr\/wp-json\/wp\/v2\/pages\/1527\/revisions\/2984"}],"wp:attachment":[{"href":"https:\/\/articles.alpha.canada.ca\/forms-formulaires\/fr\/wp-json\/wp\/v2\/media?parent=1527"}],"curies":[{"name":"wp","href":"https:\/\/api.w.org\/{rel}","templated":true}]}}