{"id":1539,"date":"2023-09-19T14:26:23","date_gmt":"2023-09-19T14:26:23","guid":{"rendered":"https:\/\/articles.alpha.canada.ca\/forms-formulaires\/?page_id=1539"},"modified":"2026-01-22T19:05:03","modified_gmt":"2026-01-22T19:05:03","slug":"pourquoi-formulaires-gc","status":"publish","type":"page","link":"https:\/\/articles.alpha.canada.ca\/forms-formulaires\/fr\/pourquoi-formulaires-gc\/","title":{"rendered":"Pourquoi Formulaires GC"},"content":{"rendered":"\n<div class=\"wp-block-columns is-layout-flex wp-container-core-columns-is-layout-9d6595d7 wp-block-columns-is-layout-flex\">\n<div class=\"wp-block-column is-layout-flow wp-block-column-is-layout-flow\" style=\"flex-basis:75%\">\n<p>Formulaires GC est con\u00e7u pour r\u00e9pondre aux besoins relatifs des services gouvernementaux. <a href=\"https:\/\/articles.alpha.canada.ca\/forms-formulaires\/fr\/commencer\/\">Commencer avec Formulaires GC<\/a>.<\/p>\n<\/div>\n<\/div>\n\n\n\n<div class=\"wp-block-columns is-layout-flex wp-container-core-columns-is-layout-994bf9a1 wp-block-columns-is-layout-flex\" style=\"padding-right:var(--wp--preset--spacing--70);padding-left:var(--wp--preset--spacing--70)\">\n<div class=\"wp-block-column is-layout-flow wp-block-column-is-layout-flow\" style=\"flex-basis:60px\">\n<figure class=\"wp-block-image size-full is-resized\"><img decoding=\"async\" src=\"https:\/\/articles.alpha.canada.ca\/uploads\/sites\/11\/2023\/09\/Checkmark.svg\" alt=\"\" class=\"wp-image-1222\" style=\"width:60px;height:39px\" \/><\/figure>\n<\/div>\n\n\n\n<div class=\"wp-block-column is-layout-flow wp-block-column-is-layout-flow\" style=\"flex-basis:65%\">\n<h2 class=\"wp-block-heading\" id=\"h-confidentialite-et-securite\">Confidentialit\u00e9 et s\u00e9curit\u00e9<\/h2>\n\n\n\n<p>Formulaires GC est s\u00e9curis\u00e9 de sorte \u00e0 permettre le traitement de renseignements jusqu\u2019au niveau <strong>Prot\u00e9g\u00e9 B<\/strong>, avec le stockage des informations pendant une dur\u00e9e limit\u00e9e pouvant aller jusqu&rsquo;\u00e0 45 jours. <a href=\"https:\/\/numerique.canada.ca\/2023\/06\/29\/comment-formulaires-gc-peut-aider-%C3%A0-recueillir-des-donn%C3%A9es-pour-les-services-publics\/\">En savoir plus sur comment nous prot\u00e9geons les renseignements personnels <img decoding=\"async\" aria-hidden=\"true\" style=\"height:20px;width:20px\" src=\"https:\/\/articles.alpha.canada.ca\/uploads\/sites\/11\/2023\/09\/external-icon-1.svg\" alt=\"\"><\/a>.<\/p>\n<\/div>\n<\/div>\n\n\n\n<div class=\"wp-block-columns is-layout-flex wp-container-core-columns-is-layout-994bf9a1 wp-block-columns-is-layout-flex\" style=\"padding-right:var(--wp--preset--spacing--70);padding-left:var(--wp--preset--spacing--70)\">\n<div class=\"wp-block-column is-layout-flow wp-block-column-is-layout-flow\" style=\"flex-basis:60px\">\n<figure class=\"wp-block-image size-full is-resized\"><img decoding=\"async\" src=\"https:\/\/articles.alpha.canada.ca\/uploads\/sites\/11\/2023\/09\/Checkmark.svg\" alt=\"\" class=\"wp-image-1222\" style=\"width:60px;height:39px\" \/><\/figure>\n<\/div>\n\n\n\n<div class=\"wp-block-column is-layout-flow wp-block-column-is-layout-flow\" style=\"flex-basis:65%\">\n<h2 class=\"wp-block-heading\" id=\"h-accessibilite\">Accessibilit\u00e9<\/h2>\n\n\n\n<p>Les formulaires sont conformes \u00e0 la <a href=\"https:\/\/www.tbs-sct.canada.ca\/pol\/doc-fra.aspx?id=23601\">Norme sur l&rsquo;accessibilit\u00e9 des sites Web <img decoding=\"async\" src=\"https:\/\/articles.alpha.canada.ca\/uploads\/sites\/11\/2023\/09\/external-icon-1.svg\" style=\"height:20px;width:20px\" alt=\"\" aria-hidden=\"true\"><\/a> et \u00e0 la norme <a href=\"https:\/\/www.w3.org\/TR\/WCAG21\/\">WCAG 2.1 niveau AA <img decoding=\"async\" src=\"https:\/\/articles.alpha.canada.ca\/uploads\/sites\/11\/2023\/09\/external-icon-1.svg\" style=\"height:20px;width:20px\" alt=\"\" aria-hidden=\"true\"><\/a>. Formulaires GC est \u00e9galement test\u00e9 avec des technologies d&rsquo;assistance. <a href=\"https:\/\/numerique.canada.ca\/2023\/02\/16\/comment-nous-concevons-formulaires-gc-nos-quatre-approches-accessibles\/\">En savoir plus sur nos approches en mati\u00e8re d\u2019accessibilit\u00e9 <img decoding=\"async\" src=\"https:\/\/articles.alpha.canada.ca\/uploads\/sites\/11\/2023\/09\/external-icon-1.svg\" style=\"height:20px;width:20px\" alt=\"\" aria-hidden=\"true\"><\/a>.<\/p>\n<\/div>\n<\/div>\n\n\n\n<div class=\"wp-block-columns is-layout-flex wp-container-core-columns-is-layout-994bf9a1 wp-block-columns-is-layout-flex\" style=\"padding-right:var(--wp--preset--spacing--70);padding-left:var(--wp--preset--spacing--70)\">\n<div class=\"wp-block-column is-layout-flow wp-block-column-is-layout-flow\" style=\"flex-basis:60px\">\n<figure class=\"wp-block-image size-full is-resized\"><img decoding=\"async\" src=\"https:\/\/articles.alpha.canada.ca\/uploads\/sites\/11\/2023\/09\/Checkmark.svg\" alt=\"\" class=\"wp-image-1222\" style=\"width:60px;height:39px\" \/><\/figure>\n<\/div>\n\n\n\n<div class=\"wp-block-column is-layout-flow wp-block-column-is-layout-flow\" style=\"flex-basis:65%\">\n<h2 class=\"wp-block-heading\" id=\"h-utilisation-gratuite\">Utilisation gratuite<\/h2>\n\n\n\n<p>Formulaires GC est un service con\u00e7u et g\u00e9r\u00e9 par le <a href=\"https:\/\/numerique.canada.ca\/\">Service num\u00e9rique canadien <img decoding=\"async\" src=\"https:\/\/articles.alpha.canada.ca\/uploads\/sites\/11\/2023\/09\/external-icon-1.svg\" style=\"height:20px;width:20px\" alt=\"\" aria-hidden=\"true\"><\/a>. Aucun co\u00fbt d\u2019installation et aucun achat externe n\u2019est n\u00e9cessaire pour les minist\u00e8res et organismes du gouvernement du Canada.<\/p>\n<\/div>\n<\/div>\n\n\n\n<div class=\"wp-block-columns is-layout-flex wp-container-core-columns-is-layout-994bf9a1 wp-block-columns-is-layout-flex\" style=\"padding-right:var(--wp--preset--spacing--70);padding-left:var(--wp--preset--spacing--70)\">\n<div class=\"wp-block-column is-layout-flow wp-block-column-is-layout-flow\" style=\"flex-basis:60px\">\n<figure class=\"wp-block-image size-full is-resized\"><img decoding=\"async\" src=\"https:\/\/articles.alpha.canada.ca\/uploads\/sites\/11\/2023\/09\/Checkmark.svg\" alt=\"\" class=\"wp-image-1222\" style=\"width:60px;height:39px\" \/><\/figure>\n<\/div>\n\n\n\n<div class=\"wp-block-column is-layout-flow wp-block-column-is-layout-flow\" style=\"flex-basis:65%\">\n<h2 class=\"wp-block-heading\" id=\"h-image-de-marque-du-gouvernement-du-canada\">Image de marque du gouvernement du Canada<\/h2>\n\n\n\n<p>Les formulaires publi\u00e9s portent la signature du gouvernement du Canada et le mot-symbole \u00ab Canada \u00bb par d\u00e9faut.<\/p>\n<\/div>\n<\/div>\n\n\n\n<div class=\"wp-block-columns is-layout-flex wp-container-core-columns-is-layout-994bf9a1 wp-block-columns-is-layout-flex\" style=\"padding-right:var(--wp--preset--spacing--70);padding-left:var(--wp--preset--spacing--70)\">\n<div class=\"wp-block-column is-layout-flow wp-block-column-is-layout-flow\" style=\"flex-basis:60px\">\n<figure class=\"wp-block-image size-full is-resized\"><img decoding=\"async\" src=\"https:\/\/articles.alpha.canada.ca\/uploads\/sites\/11\/2023\/09\/Checkmark.svg\" alt=\"\" class=\"wp-image-1222\" style=\"width:60px;height:39px\" \/><\/figure>\n<\/div>\n\n\n\n<div class=\"wp-block-column is-layout-flow wp-block-column-is-layout-flow\" style=\"flex-basis:65%\">\n<h2 class=\"wp-block-heading\" id=\"h-service-en-nuage-moderne\">Service en nuage moderne<\/h2>\n\n\n\n<p>Formulaires GC est une plateforme infonuagique extensible qui utilise <a href=\"https:\/\/aws.amazon.com\/fr\/\">Amazon Web Services (AWS) <img decoding=\"async\" aria-hidden=\"true\" style=\"height:20px;width:20px\" src=\"https:\/\/articles.alpha.canada.ca\/uploads\/sites\/11\/2023\/09\/external-icon-1.svg\" alt=\"\"><\/a>. Ses centres de donn\u00e9es sont situ\u00e9s au Canada.<\/p>\n<\/div>\n<\/div>\n\n\n\n<div class=\"wp-block-columns is-layout-flex wp-container-core-columns-is-layout-994bf9a1 wp-block-columns-is-layout-flex\" style=\"padding-right:var(--wp--preset--spacing--70);padding-left:var(--wp--preset--spacing--70)\">\n<div class=\"wp-block-column is-layout-flow wp-block-column-is-layout-flow\" style=\"flex-basis:60px\">\n<figure class=\"wp-block-image size-full is-resized\"><img decoding=\"async\" src=\"https:\/\/articles.alpha.canada.ca\/uploads\/sites\/11\/2023\/09\/Checkmark.svg\" alt=\"\" class=\"wp-image-1222\" style=\"width:60px;height:39px\" \/><\/figure>\n<\/div>\n\n\n\n<div class=\"wp-block-column is-layout-flow wp-block-column-is-layout-flow\" style=\"flex-basis:65%\">\n<h2 class=\"wp-block-heading\" id=\"h-soutien-technique\">Soutien technique<\/h2>\n\n\n\n<p>Vous aurez acc\u00e8s \u00e0 une <a href=\"https:\/\/forms-formulaires.alpha.canada.ca\/fr\/sla#aide\">\u00e9quipe d&rsquo;assistance d\u00e9di\u00e9e <img decoding=\"async\" src=\"https:\/\/articles.alpha.canada.ca\/uploads\/sites\/11\/2023\/09\/external-icon-1.svg\" style=\"height:20px;width:20px\" alt=\"\" aria-hidden=\"true\"><\/a> qui saura r\u00e9pondre \u00e0 vos questions.<\/p>\n<\/div>\n<\/div>\n\n\n\n<div class=\"wp-block-columns is-layout-flex wp-container-core-columns-is-layout-994bf9a1 wp-block-columns-is-layout-flex\" style=\"padding-right:var(--wp--preset--spacing--70);padding-left:var(--wp--preset--spacing--70)\">\n<div class=\"wp-block-column is-layout-flow wp-block-column-is-layout-flow\" style=\"flex-basis:60px\">\n<figure class=\"wp-block-image size-full is-resized\"><img decoding=\"async\" src=\"https:\/\/articles.alpha.canada.ca\/uploads\/sites\/11\/2023\/09\/Checkmark.svg\" alt=\"\" class=\"wp-image-1222\" style=\"width:60px;height:39px\" \/><\/figure>\n<\/div>\n\n\n\n<div class=\"wp-block-column is-layout-flow wp-block-column-is-layout-flow\" style=\"flex-basis:65%\">\n<h2 class=\"wp-block-heading\" id=\"h-mises-a-jour-continues\">Mises \u00e0 jour continues<\/h2>\n\n\n\n<p>Une \u00e9quipe de produit d\u00e9di\u00e9e, compos\u00e9e de concepteur\u00b7rice\u00b7s, de d\u00e9veloppeur\u00b7se\u00b7s et de gestionnaires de produit, travaille \u00e0 am\u00e9liorer les fonctionnalit\u00e9s du produit, et \u00e0 publier des mises \u00e0 jour fr\u00e9quentes.<\/p>\n<\/div>\n<\/div>\n\n\n\n<div class=\"wp-block-columns is-layout-flex wp-container-core-columns-is-layout-b9169773 wp-block-columns-is-layout-flex\" style=\"padding-top:40px;padding-bottom:40px\">\n<div class=\"wp-block-column has-white-color has-text-color has-background is-layout-flow wp-block-column-is-layout-flow\" style=\"background-color:#5c4ea2;padding-top:30px;padding-right:40px;padding-bottom:40px;padding-left:20px\">\n<h2 class=\"wp-block-heading has-text-align-center has-white-color has-text-color\" id=\"h-decouvrez-comment-formulaires-gc-peut-vous-etre-utile\">D\u00e9couvrez comment Formulaires GC peut vous \u00eatre utile<\/h2>\n\n\n\n<div class=\"wp-block-buttons is-content-justification-center is-layout-flex wp-container-26 wp-block-buttons-is-layout-flex\">\n   <div class=\"wp-block-button is-style-outline has-text-align-center has-custom-font-size has-regular-font-size\" style=\"font-style:normal;font-weight:400\">\n      <a href=\"https:\/\/articles.alpha.canada.ca\/forms-formulaires\/fr\/assister-a-une-demonstration-de-produit\/\" aria-labelledby=\"Demander une d\u00e9monstration\" class=\"wp-block-button__link has-primary-blue-color has-white-background-color has-text-color has-background wp-element-button\" style=\"margin-top:16px;border-radius:6px;padding-top:6px;padding-right:16px;padding-bottom:6px;padding-left:16px\">S&rsquo;inscrire \u00e0 une d\u00e9mo<img decoding=\"async\" src=\"https:\/\/articles.alpha.canada.ca\/uploads\/sites\/11\/2023\/09\/external-icon-1.svg\" style=\"margin-left: 8px;height:20px;width:20px\" alt=\"\" aria-hidden=\"true\"><\/a>\n   <\/div>\n<\/div>\n<\/div>\n<\/div>\n","protected":false},"excerpt":{"rendered":"<p>Formulaires GC est con\u00e7u pour r\u00e9pondre aux besoins relatifs des services gouvernementaux. Commencer avec Formulaires GC. Confidentialit\u00e9 et s\u00e9curit\u00e9 Formulaires GC est s\u00e9curis\u00e9 de sorte \u00e0 permettre le traitement de renseignements jusqu\u2019au niveau Prot\u00e9g\u00e9 B, avec le stockage des informations pendant une dur\u00e9e limit\u00e9e pouvant aller jusqu&rsquo;\u00e0 45 jours. En savoir plus sur comment nous\u2026 <a class=\"read-more\" href=\"https:\/\/articles.alpha.canada.ca\/forms-formulaires\/fr\/pourquoi-formulaires-gc\/\">Read more<span class=\"wb-sl\"> of Pourquoi Formulaires GC<\/span><\/a><\/p>\n","protected":false},"author":235,"featured_media":0,"parent":0,"menu_order":0,"comment_status":"closed","ping_status":"closed","template":"","meta":{"footnotes":""},"class_list":["post-1539","page","type-page","status-publish","hentry"],"slug_en":"why-gc-forms","slug_fr":"pourquoi-formulaires-gc","id_en":1219,"id_fr":1539,"lang":"fr","_links":{"self":[{"href":"https:\/\/articles.alpha.canada.ca\/forms-formulaires\/fr\/wp-json\/wp\/v2\/pages\/1539","targetHints":{"allow":["GET"]}}],"collection":[{"href":"https:\/\/articles.alpha.canada.ca\/forms-formulaires\/fr\/wp-json\/wp\/v2\/pages"}],"about":[{"href":"https:\/\/articles.alpha.canada.ca\/forms-formulaires\/fr\/wp-json\/wp\/v2\/types\/page"}],"author":[{"embeddable":true,"href":"https:\/\/articles.alpha.canada.ca\/forms-formulaires\/fr\/wp-json\/wp\/v2\/users\/235"}],"replies":[{"embeddable":true,"href":"https:\/\/articles.alpha.canada.ca\/forms-formulaires\/fr\/wp-json\/wp\/v2\/comments?post=1539"}],"version-history":[{"count":14,"href":"https:\/\/articles.alpha.canada.ca\/forms-formulaires\/fr\/wp-json\/wp\/v2\/pages\/1539\/revisions"}],"predecessor-version":[{"id":3311,"href":"https:\/\/articles.alpha.canada.ca\/forms-formulaires\/fr\/wp-json\/wp\/v2\/pages\/1539\/revisions\/3311"}],"wp:attachment":[{"href":"https:\/\/articles.alpha.canada.ca\/forms-formulaires\/fr\/wp-json\/wp\/v2\/media?parent=1539"}],"curies":[{"name":"wp","href":"https:\/\/api.w.org\/{rel}","templated":true}]}}