{"id":1855,"date":"2023-11-06T16:20:08","date_gmt":"2023-11-06T16:20:08","guid":{"rendered":"https:\/\/articles.alpha.canada.ca\/forms-formulaires\/?page_id=1855"},"modified":"2026-02-20T21:37:19","modified_gmt":"2026-02-20T21:37:19","slug":"assister-a-une-demonstration-de-produit","status":"publish","type":"page","link":"https:\/\/articles.alpha.canada.ca\/forms-formulaires\/fr\/assister-a-une-demonstration-de-produit\/","title":{"rendered":"S&rsquo;inscrire \u00e0 une d\u00e9mo de produit"},"content":{"rendered":"\n<div class=\"wp-block-columns is-layout-flex wp-container-core-columns-is-layout-9d6595d7 wp-block-columns-is-layout-flex\">\n<div class=\"wp-block-column is-layout-flow wp-block-column-is-layout-flow\" style=\"flex-basis:66.66%\">\n<p><strong>Vous souhaitez en savoir plus sur Formulaires GC avant de vous lancer?<\/strong><\/p>\n\n\n\n<p>Nous travaillons actuellement \u00e0 remettre en place des s\u00e9ances offertes uniquement en fran\u00e7ais.<\/p>\n\n\n\n<p>Entre-temps, <a href=\"https:\/\/gcxgce.sharepoint.com\/:v:\/t\/10002291\/IQB3C1BkRaVJTpIYKouEYFwoAeombEht2HuGGeajWgeudKo?e=1Z9zZe\">vous pouvez visionner l\u2019enregistrement de notre plus r\u00e9cente d\u00e9monstration en fran\u00e7ais sur GC\u00c9change<\/a> (accessible uniquement \u00e0 partir du r\u00e9seau du gouvernement du Canada).<\/p>\n\n\n\n<p>Nous vous invitons \u00e9galement \u00e0 vous inscrire \u00e0 une prochaine s\u00e9ance en direct afin de poser vos questions dans la langue officielle de votre choix.<\/p>\n<\/div>\n\n\n\n<div class=\"wp-block-column is-layout-flow wp-block-column-is-layout-flow\" style=\"flex-basis:33.33%\">\n<figure class=\"wp-block-image size-full\"><img loading=\"lazy\" decoding=\"async\" width=\"806\" height=\"790\" src=\"https:\/\/articles.alpha.canada.ca\/uploads\/sites\/11\/2023\/10\/image.png\" alt=\"\" class=\"wp-image-1831\" srcset=\"https:\/\/articles.alpha.canada.ca\/uploads\/sites\/11\/2023\/10\/image.png 806w, https:\/\/articles.alpha.canada.ca\/uploads\/sites\/11\/2023\/10\/image-300x294.png 300w, https:\/\/articles.alpha.canada.ca\/uploads\/sites\/11\/2023\/10\/image-768x753.png 768w\" sizes=\"auto, (max-width: 806px) 100vw, 806px\" \/><\/figure>\n<\/div>\n<\/div>\n\n\n\n<hr class=\"wp-block-separator has-alpha-channel-opacity is-style-wide\"\/>\n\n\n\n<h3 class=\"wp-block-heading\" id=\"h-choisissez-le-creneau-qui-vous-convient-nbsp\"><strong>Choisissez le cr\u00e9neau qui vous convient&nbsp;:<\/strong><\/h3>\n\n\n\n<h4>Avril<\/h4>\n<ul>\n  <li><a href=\"https:\/\/events.teams.microsoft.com\/event\/a176b5a4-fb32-45ca-9254-220db96eee89@9ed55846-8a81-4246-acd8-b1a01abfc0d1\">Mercredi 8 avril 2026 \u2013 10 h (HE) (en anglais)<\/a><\/li>\n  <li><a href=\"https:\/\/events.teams.microsoft.com\/event\/5481f48e-86a4-4e8a-b50a-44744c67ebd6@9ed55846-8a81-4246-acd8-b1a01abfc0d1\">Mercredi 22 avril 2026 \u2013 14 h (HE) (en anglais)<\/a><\/li>\n<\/ul>\n\n<h4>Mai<\/h4>\n<ul>\n  <li><a href=\"https:\/\/events.teams.microsoft.com\/event\/0d6b327b-3213-4e80-9d17-e83554efa0b0@9ed55846-8a81-4246-acd8-b1a01abfc0d1\">Mercredi 6 mai 2026 \u2013 10 h (HE) (en anglais)<\/a><\/li>\n  <li><a href=\"https:\/\/events.teams.microsoft.com\/event\/bd7c11ec-dbf0-47e3-9077-269b702218a7@9ed55846-8a81-4246-acd8-b1a01abfc0d1\">Mercredi 20 mai 2026 \u2013 14 h (HE) (en anglais)<\/a><\/li>\n<\/ul>\n\n<h4>Juin<\/h4>\n<ul>\n  <li><a href=\"https:\/\/events.teams.microsoft.com\/event\/69159c5b-e8ff-4324-8c33-dcd987a20713@9ed55846-8a81-4246-acd8-b1a01abfc0d1\">Mercredi 3 juin 2026 \u2013 10 h (HE) (en anglais)<\/a><\/li>\n  <li><a href=\"https:\/\/events.teams.microsoft.com\/event\/7352bb16-757d-481e-b230-f78ce3f0a391@9ed55846-8a81-4246-acd8-b1a01abfc0d1\">Mercredi 17 juin 2026 \u2013 14 h (HE) (en anglais)<\/a><\/li>\n<\/ul>\n\n<h4>Juillet<\/h4>\n<ul>\n  <li><a href=\"https:\/\/events.teams.microsoft.com\/event\/84ea9f03-662b-4373-9133-06c7d11fb834@9ed55846-8a81-4246-acd8-b1a01abfc0d1\">Mercredi 1 juillet 2026 \u2013 10 h (HE) (en anglais)<\/a><\/li>\n  <li><a href=\"https:\/\/events.teams.microsoft.com\/event\/6110b097-48ba-4dd5-a070-fd64a73dbcfb@9ed55846-8a81-4246-acd8-b1a01abfc0d1\">Mercredi 15 juillet 2026 \u2013 14 h (HE) (en anglais)<\/a><\/li>\n  <li><a href=\"https:\/\/events.teams.microsoft.com\/event\/72494a67-ecf1-4a27-aa56-c858c1ac5c05@9ed55846-8a81-4246-acd8-b1a01abfc0d1\">Mercredi 29 juillet 2026 \u2013 10 h (HE) (en anglais)<\/a><\/li>\n<\/ul>\n\n<h4>Septembre<\/h4>\n<ul>\n  <li><a href=\"https:\/\/events.teams.microsoft.com\/event\/467164f1-42f1-4943-b9ca-000e369d5dbb@9ed55846-8a81-4246-acd8-b1a01abfc0d1\">Mercredi 9 septembre 2026 \u2013 14 h (HE) (en anglais)<\/a><\/li>\n  <li><a href=\"https:\/\/events.teams.microsoft.com\/event\/a4f04d2a-5eb2-453f-b70e-61e192f1b977@9ed55846-8a81-4246-acd8-b1a01abfc0d1\">Mercredi 23 septembre 2026 \u2013 10 h (HE) (en anglais)<\/a><\/li>\n<\/ul>\n\n<h4>Octobre<\/h4>\n<ul>\n  <li><a href=\"https:\/\/events.teams.microsoft.com\/event\/38c6c6ea-27ee-4548-b3e7-5f519e997207@9ed55846-8a81-4246-acd8-b1a01abfc0d1\">Mercredi 7 octobre 2026 \u2013 14 h (HE) (en anglais)<\/a><\/li>\n  <li><a href=\"https:\/\/events.teams.microsoft.com\/event\/b8f1e785-db0c-4886-863c-2b822746d3ea@9ed55846-8a81-4246-acd8-b1a01abfc0d1\">Mercredi 21 octobre 2026 \u2013 10 h (HE) (en anglais)<\/a><\/li>\n<\/ul>\n\n<h4>Novembre<\/h4>\n<ul>\n  <li><a href=\"https:\/\/events.teams.microsoft.com\/event\/a159fd93-9b9c-4b4d-bb64-affc033f9b7b@9ed55846-8a81-4246-acd8-b1a01abfc0d1\">Mercredi 4 novembre 2026 \u2013 14 h (HE) (en anglais)<\/a><\/li>\n  <li><a href=\"https:\/\/events.teams.microsoft.com\/event\/85849534-21b1-4fbe-8e62-b49c3fc04902@9ed55846-8a81-4246-acd8-b1a01abfc0d1\">Mercredi 18 novembre 2026 \u2013 10 h (HE) (en anglais)<\/a><\/li>\n<\/ul>\n\n<h4>D\u00e9cembre<\/h4>\n<ul>\n  <li><a href=\"https:\/\/events.teams.microsoft.com\/event\/54dc85d5-2d61-434e-ac17-5298af046b81@9ed55846-8a81-4246-acd8-b1a01abfc0d1\">Mercredi 2 d\u00e9cembre 2026 \u2013 14 h (HE) (en anglais)<\/a><\/li>\n  <li><a href=\"https:\/\/events.teams.microsoft.com\/event\/a645766f-d82d-49ef-a6b0-3520e83d2fd9@9ed55846-8a81-4246-acd8-b1a01abfc0d1\">Mercredi 16 d\u00e9cembre 2026 \u2013 10 h (HE) (en anglais)<\/a><\/li>\n<\/ul>\n\n\n\n<hr class=\"wp-block-separator has-alpha-channel-opacity is-style-wide\"\/>\n\n\n\n<p>Vous ne trouvez pas d&rsquo;horaire qui vous convienne ? N&rsquo;h\u00e9sitez pas \u00e0 <a href=\"https:\/\/forms-formulaires.alpha.canada.ca\/fr\/form-builder\/support\/contactus\">nous contacter<\/a> et nous ferons de notre mieux pour vous accommoder.<\/p>\n","protected":false},"excerpt":{"rendered":"<p>Vous souhaitez en savoir plus sur Formulaires GC avant de vous lancer? Nous travaillons actuellement \u00e0 remettre en place des s\u00e9ances offertes uniquement en fran\u00e7ais. Entre-temps, vous pouvez visionner l\u2019enregistrement de notre plus r\u00e9cente d\u00e9monstration en fran\u00e7ais sur GC\u00c9change (accessible uniquement \u00e0 partir du r\u00e9seau du gouvernement du Canada). Nous vous invitons \u00e9galement \u00e0 vous\u2026 <a class=\"read-more\" href=\"https:\/\/articles.alpha.canada.ca\/forms-formulaires\/fr\/assister-a-une-demonstration-de-produit\/\">Read more<span class=\"wb-sl\"> of S&#039;inscrire \u00e0 une d\u00e9mo de produit<\/span><\/a><\/p>\n","protected":false},"author":84,"featured_media":0,"parent":0,"menu_order":0,"comment_status":"closed","ping_status":"closed","template":"","meta":{"footnotes":""},"class_list":["post-1855","page","type-page","status-publish","hentry"],"slug_en":"register-for-a-demo","slug_fr":"assister-a-une-demonstration-de-produit","id_en":1828,"id_fr":1855,"lang":"fr","_links":{"self":[{"href":"https:\/\/articles.alpha.canada.ca\/forms-formulaires\/fr\/wp-json\/wp\/v2\/pages\/1855","targetHints":{"allow":["GET"]}}],"collection":[{"href":"https:\/\/articles.alpha.canada.ca\/forms-formulaires\/fr\/wp-json\/wp\/v2\/pages"}],"about":[{"href":"https:\/\/articles.alpha.canada.ca\/forms-formulaires\/fr\/wp-json\/wp\/v2\/types\/page"}],"author":[{"embeddable":true,"href":"https:\/\/articles.alpha.canada.ca\/forms-formulaires\/fr\/wp-json\/wp\/v2\/users\/84"}],"replies":[{"embeddable":true,"href":"https:\/\/articles.alpha.canada.ca\/forms-formulaires\/fr\/wp-json\/wp\/v2\/comments?post=1855"}],"version-history":[{"count":64,"href":"https:\/\/articles.alpha.canada.ca\/forms-formulaires\/fr\/wp-json\/wp\/v2\/pages\/1855\/revisions"}],"predecessor-version":[{"id":3322,"href":"https:\/\/articles.alpha.canada.ca\/forms-formulaires\/fr\/wp-json\/wp\/v2\/pages\/1855\/revisions\/3322"}],"wp:attachment":[{"href":"https:\/\/articles.alpha.canada.ca\/forms-formulaires\/fr\/wp-json\/wp\/v2\/media?parent=1855"}],"curies":[{"name":"wp","href":"https:\/\/api.w.org\/{rel}","templated":true}]}}