{"id":2144,"date":"2024-03-14T20:45:01","date_gmt":"2024-03-14T20:45:01","guid":{"rendered":"https:\/\/articles.alpha.canada.ca\/forms-formulaires\/?page_id=2144"},"modified":"2026-01-13T19:27:28","modified_gmt":"2026-01-13T19:27:28","slug":"guidance","status":"publish","type":"page","link":"https:\/\/articles.alpha.canada.ca\/forms-formulaires\/fr\/guidance\/","title":{"rendered":"Guides de r\u00e9f\u00e9rence"},"content":{"rendered":"\n<div style=\"height:20px\" aria-hidden=\"true\" class=\"wp-block-spacer\"><\/div>\n\n\n\n<p><strong>Trouvez de la documentation de soutien sur l&rsquo;utilisation de Formulaires GC<\/strong><\/p>\n\n\n\n<div class=\"wp-block-columns is-layout-flex wp-container-core-columns-is-layout-9d6595d7 wp-block-columns-is-layout-flex\">\n<div class=\"wp-block-column is-layout-flow wp-block-column-is-layout-flow\">\n<article style=\"border: #D6D9DD solid 1px;padding: 1.5em;border-radius: 6px\">\n   <a href=\"https:\/\/articles.alpha.canada.ca\/forms-formulaires\/fr\/commencer\/\"><h3 id=\"h3-article-1\" class=\"wp-block-heading\" style=\"font-style:normal;font-weight:700;margin-top: 0\">Pour commencer<\/h3><\/a>\n<p>Comment se lancer avec Formulaires GC<\/p>\n<\/article>\n\n\n\n<article style=\"border: #D6D9DD solid 1px;padding: 1.5em;border-radius: 6px\">\n     <a href=\"https:\/\/articles.alpha.canada.ca\/forms-formulaires\/fr\/configurer-formulaire-avec-logique\"><h3 id=\"h3-article-1\" class=\"wp-block-heading\" style=\"font-style:normal;font-weight:700;margin-top: 0\">Configurer la logique conditionnelle<\/h3><\/a><p>Comment ajouter des pages et des embranchements<\/p>\n<\/article>\n\n\n\n<article style=\"border: #D6D9DD solid 1px;padding: 1.5em;border-radius: 6px\">\n     <a href=\"https:\/\/articles.alpha.canada.ca\/forms-formulaires\/fr\/mettre-a-jour-un-formulaire-publie\/\"><h3 id=\"h3-article-1\" class=\"wp-block-heading\" style=\"font-style:normal;font-weight:700;margin-top: 0\">Mettre \u00e0 jour un formulaire publi\u00e9<\/h3><\/a><p>Comment modifier un formulaire une fois en ligne<\/p>\n<\/article>\n\n\n\n<article style=\"border: #D6D9DD solid 1px;padding: 1.5em;border-radius: 6px\">\n     <a href=\"https:\/\/forms-formulaires.alpha.canada.ca\/fr\/id\/cmhxi3fam003rx20111btkj03\"><h3 id=\"h3-article-1\" class=\"wp-block-heading\" style=\"font-style:normal;font-weight:700;margin-top: 0\">Demander une autre image de marque<\/h3><\/a>\n<p>Comment personnaliser l&rsquo;en-t\u00eate du formulaire<\/p><\/article>\n\n\n\n<article style=\"border: #D6D9DD solid 1px;padding: 1.5em;border-radius: 6px\">\n     <a href=\"https:\/\/articles.alpha.canada.ca\/forms-formulaires\/fr\/reprise-de-formulaire-partiellement-rempli\/\"><h3 id=\"h3-article-1\" class=\"wp-block-heading\" style=\"font-style:normal;font-weight:700;margin-top: 0\">Permettre la reprise d&rsquo;un formulaire partiellement rempli<\/h3><\/a>\n<p>Comment sauvegarder et revenir \u00e0 un formulaire en cours<\/p><\/article>\n\n\n\n<article style=\"border: #D6D9DD solid 1px;padding: 1.5em;border-radius: 6px\">\n     <a href=\"https:\/\/articles.alpha.canada.ca\/forms-formulaires\/fr\/surveiller-les-reponses-en-retard\/\"><h3 id=\"h3-article-1\" class=\"wp-block-heading\" style=\"font-style:normal;font-weight:700;margin-top: 0\">\u00c9viter et g\u00e9rer les r\u00e9ponses en retard<\/h3><\/a>\n<p>Comment garantir une r\u00e9cup\u00e9ration rapide des donn\u00e9es du formulaire<\/p><\/article>\n\n\n\n<article style=\"border: #D6D9DD solid 1px;padding: 1.5em;border-radius: 6px\">\n     <a href=\"https:\/\/articles.alpha.canada.ca\/forms-formulaires\/fr\/integration-de-formulaires-gc-et-notification-gc\/\"><h3 id=\"h3-article-1\" class=\"wp-block-heading\" style=\"font-style:normal;font-weight:700;margin-top: 0\">Int\u00e9grer Formulaires GC et Notification GC<\/h3><\/a>\n<p>Comment envoyer des notifications \u00e0 partir d&rsquo;une action du formulaire<\/p><\/article>\n<\/div>\n\n\n\n<div class=\"wp-block-column is-layout-flow wp-block-column-is-layout-flow\">\n<article style=\"border: #D6D9DD solid 1px;padding: 1.5em;border-radius: 6px\">\n   <a href=\"https:\/\/articles.alpha.canada.ca\/forms-formulaires\/fr\/collaborer-dans-formulaires-gc\/ \"><h3 id=\"h3-article-1\" class=\"wp-block-heading\" style=\"font-style:normal;font-weight:700;margin-top: 0\">Collaborer dans Formulaires GC<\/h3><\/a>\n<p>Comment partager son travail avec ses coll\u00e8gues<\/p>\n<\/article>\n\n\n\n<article style=\"border: #D6D9DD solid 1px;padding: 1.5em;border-radius: 6px\">\n     <a href=\"https:\/\/articles.alpha.canada.ca\/forms-formulaires\/fr\/obtenir-les-reponses-aux-formulaires\/\"><h3 id=\"h3-article-1\" class=\"wp-block-heading\" style=\"font-style:normal;font-weight:700;margin-top: 0\">Obtenir les r\u00e9ponses aux formulaires<\/h3><\/a>\n<p>Comment r\u00e9cup\u00e9rer les donn\u00e9es de soumissions<\/p><\/article>\n\n\n\n<article style=\"border: #D6D9DD solid 1px;padding: 1.5em;border-radius: 6px\">\n   <a href=\"https:\/\/articles.alpha.canada.ca\/forms-formulaires\/fr\/modeles\/\"><h3 id=\"h3-article-1\" class=\"wp-block-heading\" style=\"font-style:normal;font-weight:700;margin-top: 0\">Utiliser un mod\u00e8le pour cr\u00e9er un formulaire<\/h3><\/a>\n<p>Comment importer un fichier de formulaire<\/p>\n<\/article>\n\n\n\n<article style=\"border: #D6D9DD solid 1px;padding: 1.5em;border-radius: 6px\">\n   <a href=\"https:\/\/articles.alpha.canada.ca\/forms-formulaires\/fr\/ensembles-recurrents\"><h3 id=\"h3-article-1\" class=\"wp-block-heading\" style=\"font-style:normal;font-weight:700;margin-top: 0\">Permettre des entr\u00e9es multiples<\/h3><\/a>\n<p>Comment ajouter et configurer un ensemble r\u00e9current<\/p>\n<\/article>\n\n\n\n<article style=\"border: #D6D9DD solid 1px;padding: 1.5em;border-radius: 6px\">\n   <a href=\"https:\/\/articles.alpha.canada.ca\/forms-formulaires\/fr\/fichiers-joints\/\"><h3 id=\"h3-article-1\" class=\"wp-block-heading\" style=\"font-style:normal;font-weight:700;margin-top: 0\">Ajouter des fichiers joints aux soumissions de formulaire<\/h3><\/a>\n<p>Comment recevoir des fichiers avec la r\u00e9cup\u00e9ration de donn\u00e9es par API<\/p>\n<\/article>\n\n\n\n<article style=\"border: #D6D9DD solid 1px;padding: 1.5em;border-radius: 6px\">\n   <a href=\"\/\/articles.alpha.canada.ca\/forms-formulaires\/fr\/ouvrir-des-reponses-en-format-csv-sur-un-poste-de-travail-francais\/\"><h3 id=\"h3-article-1\" class=\"wp-block-heading\" style=\"font-style:normal;font-weight:700;margin-top: 0\">Ouvrir des r\u00e9ponses en format CSV sur un poste de travail fran\u00e7ais<\/h3><\/a>\n<p>Comment configurer Excel pour analyser correctement les donn\u00e9es<\/p>\n<\/article>\n<\/div>\n<\/div>\n\n\n\n<div class=\"wp-block-group has-background\" style=\"background-color:#5c4ea2\"><div class=\"wp-block-group__inner-container is-layout-constrained wp-block-group-is-layout-constrained\">\n<h2 class=\"wp-block-heading has-text-align-center has-white-color has-text-color has-link-color wp-elements-5e68f7ffc550da5a0533ff0055ffaa73\" id=\"h-vous-n-avez-pas-trouve-ce-que-vous-cherchiez\">Vous n\u2019avez pas trouv\u00e9 ce que vous cherchiez?<\/h2>\n\n\n\n<div class=\"wp-block-buttons is-content-justification-center is-layout-flex wp-container-26 wp-block-buttons-is-layout-flex\">\n   <div class=\"wp-block-button is-style-outline has-text-align-center has-custom-font-size has-regular-font-size\" style=\"font-style:normal;font-weight:400\">\n      <a href=\"https:\/\/forms-formulaires.alpha.canada.ca\/fr\/form-builder\/support\" target=\"_blank\" aria-labelledby=\"Contacter l'\u00e9quipe de soutien\" class=\"wp-block-button__link has-primary-blue-color has-white-background-color has-text-color has-background wp-element-button\" style=\"margin-top:16px;border-radius:6px;padding-top:6px;padding-right:16px;padding-bottom:6px;padding-left:16px\" rel=\"noopener\">Contacter l&rsquo;\u00e9quipe de soutien<img decoding=\"async\" src=\"https:\/\/articles.alpha.canada.ca\/uploads\/sites\/11\/2023\/09\/external-icon-1.svg\" style=\"margin-left: 8px;height:20px;width:20px\" alt=\"\" aria-hidden=\"true\"><\/a>\n   <\/div>\n<\/div>\n<\/br>\n<\/div><\/div>\n","protected":false},"excerpt":{"rendered":"<p>Trouvez de la documentation de soutien sur l&rsquo;utilisation de Formulaires GC Pour commencer Comment se lancer avec Formulaires GC Configurer la logique conditionnelle Comment ajouter des pages et des embranchements Mettre \u00e0 jour un formulaire publi\u00e9 Comment modifier un formulaire une fois en ligne Demander une autre image de marque Comment personnaliser l&rsquo;en-t\u00eate du formulaire\u2026 <a class=\"read-more\" href=\"https:\/\/articles.alpha.canada.ca\/forms-formulaires\/fr\/guidance\/\">Read more<span class=\"wb-sl\"> of Guides de r\u00e9f\u00e9rence<\/span><\/a><\/p>\n","protected":false},"author":235,"featured_media":0,"parent":0,"menu_order":0,"comment_status":"closed","ping_status":"closed","template":"","meta":{"footnotes":""},"class_list":["post-2144","page","type-page","status-publish","hentry"],"slug_en":"guidance","slug_fr":"guidance","id_en":2022,"id_fr":2144,"lang":"fr","_links":{"self":[{"href":"https:\/\/articles.alpha.canada.ca\/forms-formulaires\/fr\/wp-json\/wp\/v2\/pages\/2144","targetHints":{"allow":["GET"]}}],"collection":[{"href":"https:\/\/articles.alpha.canada.ca\/forms-formulaires\/fr\/wp-json\/wp\/v2\/pages"}],"about":[{"href":"https:\/\/articles.alpha.canada.ca\/forms-formulaires\/fr\/wp-json\/wp\/v2\/types\/page"}],"author":[{"embeddable":true,"href":"https:\/\/articles.alpha.canada.ca\/forms-formulaires\/fr\/wp-json\/wp\/v2\/users\/235"}],"replies":[{"embeddable":true,"href":"https:\/\/articles.alpha.canada.ca\/forms-formulaires\/fr\/wp-json\/wp\/v2\/comments?post=2144"}],"version-history":[{"count":55,"href":"https:\/\/articles.alpha.canada.ca\/forms-formulaires\/fr\/wp-json\/wp\/v2\/pages\/2144\/revisions"}],"predecessor-version":[{"id":3298,"href":"https:\/\/articles.alpha.canada.ca\/forms-formulaires\/fr\/wp-json\/wp\/v2\/pages\/2144\/revisions\/3298"}],"wp:attachment":[{"href":"https:\/\/articles.alpha.canada.ca\/forms-formulaires\/fr\/wp-json\/wp\/v2\/media?parent=2144"}],"curies":[{"name":"wp","href":"https:\/\/api.w.org\/{rel}","templated":true}]}}