{"id":2157,"date":"2024-03-15T16:43:21","date_gmt":"2024-03-15T16:43:21","guid":{"rendered":"https:\/\/articles.alpha.canada.ca\/forms-formulaires\/?page_id=2157"},"modified":"2025-10-22T20:53:56","modified_gmt":"2025-10-22T20:53:56","slug":"collaborer-dans-formulaires-gc","status":"publish","type":"page","link":"https:\/\/articles.alpha.canada.ca\/forms-formulaires\/fr\/collaborer-dans-formulaires-gc\/","title":{"rendered":"Collaborer dans Formulaires GC"},"content":{"rendered":"\n<h2 class=\"wp-block-heading\" id=\"h-pour-collaborer-a-une-ebauche\"><strong>Pour collaborer \u00e0 une \u00e9bauche :<\/strong><\/h2>\n\n\n\n<p>Formulaires GC ne dispose pas encore d\u2019une fonctionnalit\u00e9 de collaboration permettant de modifier une \u00e9bauche de formulaire ensemble.<\/p>\n\n\n\n<ol class=\"wp-block-list\">\n<li>Connectez-vous \u00e0&nbsp;<a href=\"https:\/\/forms-formulaires.alpha.canada.ca\/\">Formulaires GC<\/a>.<\/li>\n\n\n\n<li>Dans&nbsp;<a href=\"https:\/\/forms-formulaires.alpha.canada.ca\/fr\/forms\/drafts\">Formulaires<\/a>, s\u00e9lectionnez l\u2019\u00e9bauche du formulaire que vous aimeriez partager avec vos coll\u00e8gues.<\/li>\n\n\n\n<li>Dans le menu sup\u00e9rieur, s\u00e9lectionnez \u00ab Partager \u00bb, puis \u00ab Partager par courriel \u00bb.<\/li>\n\n\n\n<li>Entrez l\u2019adresse courriel de votre coll\u00e8gue.\n<ul class=\"wp-block-list\">\n<li>Il doit s&rsquo;agir d&rsquo;une adresse \u00e9lectronique individuelle appartenant \u00e0 un\u00b7e employ\u00e9\u00b7e, et non d&rsquo;une bo\u00eete de r\u00e9ception partag\u00e9e.<\/li>\n<\/ul>\n<\/li>\n\n\n\n<li>Votre coll\u00e8gue recevra une copie du fichier du formulaire (en format JSON), qui pourra \u00eatre ouvert et modifi\u00e9 dans Formulaires&nbsp;GC \u00e0 partir de son compte.<\/li>\n\n\n\n<li>Ces \u00e9tapes peuvent \u00eatre r\u00e9p\u00e9t\u00e9es pour renvoyer un formulaire modifi\u00e9.<\/li>\n<\/ol>\n\n\n\n<h2 class=\"wp-block-heading\" id=\"h-pour-partager-l-acces-aux-reponses-d-un-formulaire-publie\"><strong>Pour partager l\u2019acc\u00e8s aux r\u00e9ponses d&rsquo;un formulaire publi\u00e9 :<\/strong><\/h2>\n\n\n\n<p>Il est possible de donner acc\u00e8s \u00e0 un formulaire \u00e0 plusieurs personnes une fois qu\u2019il est publi\u00e9. Cette option est utile si vous partagez la responsabilit\u00e9 du t\u00e9l\u00e9chargement des r\u00e9ponses parmi plusieurs coll\u00e8gues.<\/p>\n\n\n\n<p><strong>Pour partager la responsabilit\u00e9 de la r\u00e9cup\u00e9ration des r\u00e9ponses que vous t\u00e9l\u00e9chargez \u00e0 partir de Formulaires GC :<\/strong><\/p>\n\n\n\n<ol class=\"wp-block-list\">\n<li>Connectez-vous \u00e0&nbsp;<a href=\"https:\/\/forms-formulaires.alpha.canada.ca\/\">Formulaires GC<\/a>.<\/li>\n\n\n\n<li>Assurez-vous que toutes les personnes concern\u00e9es ont \u00e9galement un compte Formulaires GC.<\/li>\n\n\n\n<li>Dans&nbsp;<a href=\"https:\/\/forms-formulaires.alpha.canada.ca\/fr\/forms\/drafts\">Formulaires<\/a>, s\u00e9lectionnez le formulaire publi\u00e9 dont vous voulez partager l&rsquo;acc\u00e8s.<\/li>\n\n\n\n<li>Dans \u00ab R\u00e9ponses \u00bb, s\u00e9lectionnez \u00ab G\u00e9rer l&rsquo;acc\u00e8s \u00bb \u00e0 droite de l&rsquo;\u00e9cran.<\/li>\n\n\n\n<li>Saisissez l&rsquo;adresse courriel d&rsquo;un autre compte Formulaires GC au sein de votre d\u00e9partement ou agence pour l&rsquo;inviter \u00e0 vous aider \u00e0 g\u00e9rer les r\u00e9ponses.\n<ul class=\"wp-block-list\">\n<li>Il doit s&rsquo;agir d&rsquo;une adresse \u00e9lectronique individuelle appartenant \u00e0 un\u00b7e employ\u00e9\u00b7e, et non d&rsquo;une bo\u00eete de r\u00e9ception partag\u00e9e.<\/li>\n<\/ul>\n<\/li>\n<\/ol>\n\n\n\n<p><strong>Pour tout probl\u00e8me li\u00e9 \u00e0 l&rsquo;acc\u00e8s partag\u00e9 :<\/strong><\/p>\n\n\n\n<p>Contactez l\u2019<a href=\"https:\/\/forms-formulaires.alpha.canada.ca\/fr\/form-builder\/support\">\u00e9quipe de soutien<\/a>&nbsp;en indiquant les adresses courriel des membres de l\u2019\u00e9quipe qui acc\u00e9deront au formulaire publi\u00e9, ainsi que le lien URL du formulaire. Nous ferons de notre mieux pour vous r\u00e9pondre dans un d\u00e9lai de 2 jours ouvrables.<\/p>\n\n\n\n<div style=\"height:20px\" aria-hidden=\"true\" class=\"wp-block-spacer\"><\/div>\n\n\n\n<div class=\"wp-block-group has-background\" style=\"background-color:#5c4ea2\"><div class=\"wp-block-group__inner-container is-layout-constrained wp-block-group-is-layout-constrained\">\n<h2 class=\"wp-block-heading has-text-align-center has-white-color has-text-color has-link-color wp-elements-5e68f7ffc550da5a0533ff0055ffaa73\" id=\"h-vous-n-avez-pas-trouve-ce-que-vous-cherchiez\">Vous n\u2019avez pas trouv\u00e9 ce que vous cherchiez?<\/h2>\n\n\n\n<div class=\"wp-block-buttons is-content-justification-center is-layout-flex wp-container-26 wp-block-buttons-is-layout-flex\">\n   <div class=\"wp-block-button is-style-outline has-text-align-center has-custom-font-size has-regular-font-size\" style=\"font-style:normal;font-weight:400\">\n      <a href=\"https:\/\/forms-formulaires.alpha.canada.ca\/fr\/form-builder\/support\" target=\"_blank\" aria-labelledby=\"Contacter l'\u00e9quipe de soutien\" class=\"wp-block-button__link has-primary-blue-color has-white-background-color has-text-color has-background wp-element-button\" style=\"margin-top:16px;border-radius:6px;padding-top:6px;padding-right:16px;padding-bottom:6px;padding-left:16px\" rel=\"noopener\">Contacter l&rsquo;\u00e9quipe de soutien<img decoding=\"async\" src=\"https:\/\/articles.alpha.canada.ca\/uploads\/sites\/11\/2023\/09\/external-icon-1.svg\" style=\"margin-left: 8px;height:20px;width:20px\" alt=\"\" aria-hidden=\"true\"><\/a>\n   <\/div>\n<\/div>\n<\/br>\n<\/div><\/div>\n","protected":false},"excerpt":{"rendered":"<p>Pour collaborer \u00e0 une \u00e9bauche : Formulaires GC ne dispose pas encore d\u2019une fonctionnalit\u00e9 de collaboration permettant de modifier une \u00e9bauche de formulaire ensemble. Pour partager l\u2019acc\u00e8s aux r\u00e9ponses d&rsquo;un formulaire publi\u00e9 : Il est possible de donner acc\u00e8s \u00e0 un formulaire \u00e0 plusieurs personnes une fois qu\u2019il est publi\u00e9. Cette option est utile si\u2026 <a class=\"read-more\" href=\"https:\/\/articles.alpha.canada.ca\/forms-formulaires\/fr\/collaborer-dans-formulaires-gc\/\">Read more<span class=\"wb-sl\"> of Collaborer dans Formulaires GC<\/span><\/a><\/p>\n","protected":false},"author":235,"featured_media":0,"parent":0,"menu_order":0,"comment_status":"closed","ping_status":"closed","template":"","meta":{"footnotes":""},"class_list":["post-2157","page","type-page","status-publish","hentry"],"slug_en":"collaborating-in-gc-forms","slug_fr":"collaborer-dans-formulaires-gc","id_en":2062,"id_fr":2157,"lang":"fr","_links":{"self":[{"href":"https:\/\/articles.alpha.canada.ca\/forms-formulaires\/fr\/wp-json\/wp\/v2\/pages\/2157","targetHints":{"allow":["GET"]}}],"collection":[{"href":"https:\/\/articles.alpha.canada.ca\/forms-formulaires\/fr\/wp-json\/wp\/v2\/pages"}],"about":[{"href":"https:\/\/articles.alpha.canada.ca\/forms-formulaires\/fr\/wp-json\/wp\/v2\/types\/page"}],"author":[{"embeddable":true,"href":"https:\/\/articles.alpha.canada.ca\/forms-formulaires\/fr\/wp-json\/wp\/v2\/users\/235"}],"replies":[{"embeddable":true,"href":"https:\/\/articles.alpha.canada.ca\/forms-formulaires\/fr\/wp-json\/wp\/v2\/comments?post=2157"}],"version-history":[{"count":13,"href":"https:\/\/articles.alpha.canada.ca\/forms-formulaires\/fr\/wp-json\/wp\/v2\/pages\/2157\/revisions"}],"predecessor-version":[{"id":3072,"href":"https:\/\/articles.alpha.canada.ca\/forms-formulaires\/fr\/wp-json\/wp\/v2\/pages\/2157\/revisions\/3072"}],"wp:attachment":[{"href":"https:\/\/articles.alpha.canada.ca\/forms-formulaires\/fr\/wp-json\/wp\/v2\/media?parent=2157"}],"curies":[{"name":"wp","href":"https:\/\/api.w.org\/{rel}","templated":true}]}}