{"id":2196,"date":"2024-03-15T19:44:16","date_gmt":"2024-03-15T19:44:16","guid":{"rendered":"https:\/\/articles.alpha.canada.ca\/forms-formulaires\/?page_id=2196"},"modified":"2025-11-03T18:55:35","modified_gmt":"2025-11-03T18:55:35","slug":"mettre-a-jour-un-formulaire-publie","status":"publish","type":"page","link":"https:\/\/articles.alpha.canada.ca\/forms-formulaires\/fr\/mettre-a-jour-un-formulaire-publie\/","title":{"rendered":"Mettre \u00e0 jour un formulaire publi\u00e9"},"content":{"rendered":"\n<div style=\"height:20px\" aria-hidden=\"true\" class=\"wp-block-spacer\"><\/div>\n\n\n\n<p>Formulaires GC ne permet actuellement pas de modifier un formulaire publi\u00e9. Cependant, nous savons qu&rsquo;il peut s\u2019av\u00e9rer n\u00e9cessaire de mettre \u00e0 jour un formulaire que vous avez publi\u00e9. Bien que cette fonctionnalit\u00e9 d&rsquo;\u00e9dition ne soit pas disponible, il existe un autre moyen d\u2019apporter des modifications au contenu que vous avez en ligne. Cela n\u00e9cessite la publication d&rsquo;une nouvelle version, ce qui consiste \u00e0 t\u00e9l\u00e9charger une copie du formulaire publi\u00e9 et \u00e0 t\u00e9l\u00e9verser celle-ci pour modifier un nouveau formulaire.<\/p>\n\n\n\n<section class=\"wp-block-cds-snc-alert\"><details class=\"alert alert-warning\" open><summary class=\"h3\"><h3>Mettez \u00e0 jour tous les liens pointant vers le formulaire une fois republi\u00e9<\/h3><\/summary><p class=\"wp-block-cds-snc-alert\">Vous pourriez \u00e9galement envisager de fermer votre ancien formulaire afin qu&rsquo;il n&rsquo;accepte plus de soumissions.<\/p><\/details><\/section>\n\n\n\n<ol class=\"wp-block-list\">\n<li>Connectez-vous \u00e0&nbsp;<a href=\"https:\/\/forms-formulaires.alpha.canada.ca\/\">Formulaires GC<\/a>.<\/li>\n\n\n\n<li>Dans&nbsp;<a href=\"https:\/\/forms-formulaires.alpha.canada.ca\/forms\">Formulaires<\/a>, rep\u00e9rez la fiche du formulaire publi\u00e9 que vous voulez modifier.<\/li>\n\n\n\n<li>Dans le menu \u00ab Plus \u00bb en bas \u00e0 droite, s\u00e9lectionnez \u00ab Enregistrer \u00bb.<\/li>\n\n\n\n<li>Une fois le fichier enregistr\u00e9, s\u00e9lectionnez \u00ab Cr\u00e9er un nouveau formulaire \u00bb. <\/li>\n\n\n\n<li>S\u00e9lectionnez \u00ab Ouvrir un formulaire \u00bb.<\/li>\n\n\n\n<li>Choisissez le fichier qui vient d\u2019\u00eatre enregistr\u00e9.<\/li>\n\n\n\n<li>Dans le menu lat\u00e9ral gauche, allez dans \u00ab Modifier \u00bb pour apporter vos changements.<\/li>\n\n\n\n<li>Une fois termin\u00e9, allez dans \u00ab Publier \u00bb. \n<ul class=\"wp-block-list\">\n<li><strong>\u00c0 noter&nbsp;: de nouveaux liens URL seront g\u00e9n\u00e9r\u00e9s en anglais et en fran\u00e7ais.<\/strong><\/li>\n<\/ul>\n<\/li>\n\n\n\n<li>Vous devrez mettre \u00e0 jour toutes les instances des liens URL en utilisant les liens du nouveau formulaire.\n<ul class=\"wp-block-list\">\n<li>Nous vous sugg\u00e9rons \u00e9galement de <strong>fermer l&rsquo;ancien formulaire<\/strong> (dans Param\u00e8tres &gt; Options li\u00e9es aux r\u00e9ponses), une fois le nouveau formulaire publi\u00e9. Lors de la fermeture d\u2019un formulaire, vous pouvez ajouter un message de fermeture personnalis\u00e9 dans lequel vous pouvez <strong>inclure un lien vers le nouveau formulaire <\/strong>afin de rediriger les utilisateur\u00b7rice\u00b7s. Une fois le formulaire ferm\u00e9, seul le contenu du message de fermeture sera visible pour les utilisateur\u00b7rice\u00b7s.<\/li>\n<\/ul>\n<\/li>\n<\/ol>\n\n\n\n<div style=\"height:20px\" aria-hidden=\"true\" class=\"wp-block-spacer\"><\/div>\n\n\n\n<div class=\"wp-block-group has-background\" style=\"background-color:#5c4ea2\"><div class=\"wp-block-group__inner-container is-layout-constrained wp-block-group-is-layout-constrained\">\n<h2 class=\"wp-block-heading has-text-align-center has-white-color has-text-color has-link-color wp-elements-5e68f7ffc550da5a0533ff0055ffaa73\" id=\"h-vous-n-avez-pas-trouve-ce-que-vous-cherchiez\">Vous n\u2019avez pas trouv\u00e9 ce que vous cherchiez?<\/h2>\n\n\n\n<div class=\"wp-block-buttons is-content-justification-center is-layout-flex wp-container-26 wp-block-buttons-is-layout-flex\">\n   <div class=\"wp-block-button is-style-outline has-text-align-center has-custom-font-size has-regular-font-size\" style=\"font-style:normal;font-weight:400\">\n      <a href=\"https:\/\/forms-formulaires.alpha.canada.ca\/fr\/form-builder\/support\" target=\"_blank\" aria-labelledby=\"Contacter l'\u00e9quipe de soutien\" class=\"wp-block-button__link has-primary-blue-color has-white-background-color has-text-color has-background wp-element-button\" style=\"margin-top:16px;border-radius:6px;padding-top:6px;padding-right:16px;padding-bottom:6px;padding-left:16px\" rel=\"noopener\">Contacter l&rsquo;\u00e9quipe de soutien<img decoding=\"async\" src=\"https:\/\/articles.alpha.canada.ca\/uploads\/sites\/11\/2023\/09\/external-icon-1.svg\" style=\"margin-left: 8px;height:20px;width:20px\" alt=\"\" aria-hidden=\"true\"><\/a>\n   <\/div>\n<\/div>\n<\/br>\n<\/div><\/div>\n","protected":false},"excerpt":{"rendered":"<p>Formulaires GC ne permet actuellement pas de modifier un formulaire publi\u00e9. Cependant, nous savons qu&rsquo;il peut s\u2019av\u00e9rer n\u00e9cessaire de mettre \u00e0 jour un formulaire que vous avez publi\u00e9. Bien que cette fonctionnalit\u00e9 d&rsquo;\u00e9dition ne soit pas disponible, il existe un autre moyen d\u2019apporter des modifications au contenu que vous avez en ligne. Cela n\u00e9cessite la\u2026 <a class=\"read-more\" href=\"https:\/\/articles.alpha.canada.ca\/forms-formulaires\/fr\/mettre-a-jour-un-formulaire-publie\/\">Read more<span class=\"wb-sl\"> of Mettre \u00e0 jour un formulaire publi\u00e9<\/span><\/a><\/p>\n","protected":false},"author":235,"featured_media":0,"parent":0,"menu_order":0,"comment_status":"closed","ping_status":"closed","template":"","meta":{"footnotes":""},"class_list":["post-2196","page","type-page","status-publish","hentry"],"slug_en":"updating-a-published-form","slug_fr":"mettre-a-jour-un-formulaire-publie","id_en":2064,"id_fr":2196,"lang":"fr","_links":{"self":[{"href":"https:\/\/articles.alpha.canada.ca\/forms-formulaires\/fr\/wp-json\/wp\/v2\/pages\/2196","targetHints":{"allow":["GET"]}}],"collection":[{"href":"https:\/\/articles.alpha.canada.ca\/forms-formulaires\/fr\/wp-json\/wp\/v2\/pages"}],"about":[{"href":"https:\/\/articles.alpha.canada.ca\/forms-formulaires\/fr\/wp-json\/wp\/v2\/types\/page"}],"author":[{"embeddable":true,"href":"https:\/\/articles.alpha.canada.ca\/forms-formulaires\/fr\/wp-json\/wp\/v2\/users\/235"}],"replies":[{"embeddable":true,"href":"https:\/\/articles.alpha.canada.ca\/forms-formulaires\/fr\/wp-json\/wp\/v2\/comments?post=2196"}],"version-history":[{"count":9,"href":"https:\/\/articles.alpha.canada.ca\/forms-formulaires\/fr\/wp-json\/wp\/v2\/pages\/2196\/revisions"}],"predecessor-version":[{"id":3095,"href":"https:\/\/articles.alpha.canada.ca\/forms-formulaires\/fr\/wp-json\/wp\/v2\/pages\/2196\/revisions\/3095"}],"wp:attachment":[{"href":"https:\/\/articles.alpha.canada.ca\/forms-formulaires\/fr\/wp-json\/wp\/v2\/media?parent=2196"}],"curies":[{"name":"wp","href":"https:\/\/api.w.org\/{rel}","templated":true}]}}