{"id":2501,"date":"2024-07-26T15:23:20","date_gmt":"2024-07-26T15:23:20","guid":{"rendered":"https:\/\/articles.alpha.canada.ca\/forms-formulaires\/?page_id=2501"},"modified":"2026-01-05T17:31:56","modified_gmt":"2026-01-05T17:31:56","slug":"configurer-formulaire-avec-logique","status":"publish","type":"page","link":"https:\/\/articles.alpha.canada.ca\/forms-formulaires\/fr\/configurer-formulaire-avec-logique\/","title":{"rendered":"Configurer un formulaire avec la logique conditionnelle"},"content":{"rendered":"\n<div style=\"height:20px\" aria-hidden=\"true\" class=\"wp-block-spacer\"><\/div>\n\n\n\n<p>La logique conditionnelle modifie ce que les personnes voient lorsqu\u2019elles remplissent un formulaire, en fonction de leurs r\u00e9ponses pr\u00e9c\u00e9dentes. Cela am\u00e9liore l\u2019exp\u00e9rience, surtout lorsque le formulaire est long ou complexe. Le fait de diviser un formulaire Web en plusieurs pages et d\u2019y appliquer des conditions peut faciliter et acc\u00e9l\u00e9rer son remplissage. Autrement dit, c\u2019est possible de pr\u00e9senter certaines questions uniquement lorsqu\u2019elles sont pertinentes ou de faire emprunter aux gens diff\u00e9rents chemins. En retour, la qualit\u00e9 des donn\u00e9es recueillies s\u2019en trouve am\u00e9lior\u00e9e.<\/p>\n\n\n\n<div style=\"height:20px\" aria-hidden=\"true\" class=\"wp-block-spacer\"><\/div>\n\n\n\n<p>Formulaires GC offre deux types de logique conditionnelle.&nbsp;<\/p>\n\n\n\n<ul class=\"wp-block-list\">\n<li><strong><a href=\"#h-appliquer-une-logique-d-affichage-a-un-formulaire\">Logique d&rsquo;affichage<\/a>&nbsp;:<\/strong> permet d\u2019afficher une question en temps r\u00e9el apr\u00e8s qu\u2019une r\u00e9ponse pr\u00e9cise a \u00e9t\u00e9 choisie.<\/li>\n\n\n\n<li><strong><a href=\"#h-appliquer-une-logique-d-embranchement-a-un-formulaire\">Logique d\u2019embranchement<\/a>&nbsp;:<\/strong> permet d\u2019acheminer les gens sur diff\u00e9rents chemins en fonction de leurs choix de r\u00e9ponse.<\/li>\n<\/ul>\n\n\n\n<p>Pour faciliter la logique d\u2019embranchement, nous avons ajout\u00e9 la possibilit\u00e9 de diviser un formulaire en diff\u00e9rentes <strong><a href=\"#h-creer-un-formulaire-de-plusieurs-pages\">pages<\/a><\/strong>, ce qui vous permet de le structurer et d\u2019afficher des questions par groupe.<\/p>\n\n\n\n<div style=\"height:20px\" aria-hidden=\"true\" class=\"wp-block-spacer\"><\/div>\n\n\n\n<hr class=\"wp-block-separator has-alpha-channel-opacity\" \/>\n\n\n\n<h2 class=\"wp-block-heading\" id=\"h-creer-un-formulaire-de-plusieurs-pages\"><strong>Cr\u00e9er un formulaire de plusieurs pages<\/strong><\/h2>\n\n\n\n<p>Formulaires GC vous permet d\u00e9sormais de cr\u00e9er un formulaire de plusieurs pages. Il est g\u00e9n\u00e9ralement pr\u00e9f\u00e9rable que les formulaires Web ne posent que quelques questions par page. Le fait de se concentrer sur un seul sujet ou une seule question \u00e0 la fois permet de r\u00e9duire la charge cognitive des personnes qui remplissent le formulaire. Le formulaire est ainsi moins encombrant et plus facile \u00e0 comprendre et \u00e0 parcourir.<\/p>\n\n\n\n<h3 class=\"wp-block-heading\" id=\"h-ajouter-une-nouvelle-page-nbsp\">Ajouter une nouvelle page&nbsp;:<\/h3>\n\n\n\n<ol class=\"wp-block-list\">\n<li>Cr\u00e9ez un formulaire dans <a href=\"https:\/\/forms-formulaires.alpha.canada.ca\/fr\/form-builder\/0000\/edit\">Formulaires GC<\/a>.<\/li>\n\n\n\n<li>Ouvrez le panneau \u00ab&nbsp;Configuration du formulaire&nbsp;\u00bb sur le c\u00f4t\u00e9 droit de l\u2019\u00e9cran.<\/li>\n\n\n\n<li>Ouvrez l\u2019onglet \u00ab&nbsp;Pages&nbsp;\u00bb dans le panneau. \u00c0 partir de l\u00e0, vous pouvez ajouter une \u00ab&nbsp;Nouvelle page&nbsp;\u00bb.\n<ul class=\"wp-block-list\">\n<li>Les nouvelles pages seront ajout\u00e9es apr\u00e8s la <strong>Page de d\u00e9part<\/strong> (c\u2019est-\u00e0-dire la premi\u00e8re page par d\u00e9faut du formulaire, qui comprend une introduction et un avis de confidentialit\u00e9) et avant la <strong>Page r\u00e9capitulative<\/strong> (qui permet aux gens de r\u00e9viser leurs r\u00e9ponses avant de soumettre le formulaire), et, finalement la <strong>Page de confirmation<\/strong> (qui s&rsquo;affiche une fois le formulaire soumis).<\/li>\n<\/ul>\n<\/li>\n\n\n\n<li>Donnez \u00e0 votre page un nom pour r\u00e9f\u00e9rence interne et un titre de page qui sera affich\u00e9 aux personnes remplissant le formulaire.<\/li>\n\n\n\n<li>\u00c0 l\u2019int\u00e9rieur m\u00eame de l\u2019onglet \u00ab&nbsp;Pages&nbsp;\u00bb, glissez-d\u00e9posez les questions et les pages de fa\u00e7on \u00e0 organiser votre formulaire.&nbsp;<\/li>\n\n\n\n<li>Allez \u00e0 l\u2019onglet \u00ab&nbsp;Embranchements&nbsp;\u00bb pour visualiser toute la s\u00e9quence du formulaire et les connexions entre les pages.<\/li>\n<\/ol>\n\n\n\n<div style=\"height:20px\" aria-hidden=\"true\" class=\"wp-block-spacer\"><\/div>\n\n\n\n<figure class=\"wp-block-image size-full\"><img loading=\"lazy\" decoding=\"async\" width=\"1905\" height=\"957\" src=\"https:\/\/articles.alpha.canada.ca\/uploads\/sites\/11\/2024\/07\/Pages-FR.png\" alt=\"Capture d\u2019\u00e9cran de l\u2019interface de Formulaire GC permettant de modifier un formulaire comportant plusieurs pages. Le panneau de configuration du formulaire \u00e0 droite montre un aper\u00e7u de toutes les pages, et, si d\u00e9velopp\u00e9, les \u00e9l\u00e9ments de formulaires qu\u2019elles contiennent. La Page de d\u00e9part et la Page de confirmation sont des parties essentielles du formulaire qui cont pr\u00e9sentes par d\u00e9faut.\" class=\"wp-image-2506\" srcset=\"https:\/\/articles.alpha.canada.ca\/uploads\/sites\/11\/2024\/07\/Pages-FR.png 1905w, https:\/\/articles.alpha.canada.ca\/uploads\/sites\/11\/2024\/07\/Pages-FR-300x151.png 300w, https:\/\/articles.alpha.canada.ca\/uploads\/sites\/11\/2024\/07\/Pages-FR-1024x514.png 1024w, https:\/\/articles.alpha.canada.ca\/uploads\/sites\/11\/2024\/07\/Pages-FR-768x386.png 768w, https:\/\/articles.alpha.canada.ca\/uploads\/sites\/11\/2024\/07\/Pages-FR-1536x772.png 1536w\" sizes=\"auto, (max-width: 1905px) 100vw, 1905px\" \/><\/figure>\n\n\n\n<div style=\"height:20px\" aria-hidden=\"true\" class=\"wp-block-spacer\"><\/div>\n\n\n\n<hr class=\"wp-block-separator has-alpha-channel-opacity\" \/>\n\n\n\n<h2 class=\"wp-block-heading\" id=\"h-appliquer-une-logique-d-affichage-a-un-formulaire\"><strong>Appliquer une logique d\u2019affichage \u00e0 un formulaire<\/strong><\/h2>\n\n\n\n<p>La logique d\u2019affichage utilise des r\u00e8gles de type \u00ab&nbsp;si\/alors&nbsp;\u00bb ou \u00ab&nbsp;afficher\/masquer&nbsp;\u00bb pour afficher des questions en r\u00e9action \u00e0 des choix de r\u00e9ponse. Elle peut seulement s\u2019appliquer aux \u00e9l\u00e9ments de formulaire qui offrent un choix de r\u00e9ponses, dont les boutons radio, les cases \u00e0 cocher et la liste d\u00e9roulante.<\/p>\n\n\n\n<h3 class=\"wp-block-heading\" id=\"h-ajouter-des-regles-d-affichage-pour-les-questions-dependant-d-une-reponse-nbsp\">Ajouter des r\u00e8gles d\u2019affichage pour les questions d\u00e9pendant d\u2019une r\u00e9ponse&nbsp;:<\/h3>\n\n\n\n<ol class=\"wp-block-list\">\n<li>Cr\u00e9ez un formulaire dans <a href=\"https:\/\/forms-formulaires.alpha.canada.ca\/fr\/form-builder\/0000\/edit\">Formulaires GC<\/a>.<\/li>\n\n\n\n<li>Ajoutez un \u00e9l\u00e9ment de formulaire qui permet un choix de r\u00e9ponses (boutons radio, cases \u00e0 cocher ou liste d\u00e9roulante).<\/li>\n\n\n\n<li>Ajoutez plusieurs options de r\u00e9ponse \u00e0 la question.<\/li>\n\n\n\n<li>Ajoutez un autre \u00e9l\u00e9ment de formulaire qui d\u00e9pendra du choix de r\u00e9ponse fait \u00e0 la question pr\u00e9c\u00e9dente.<\/li>\n\n\n\n<li>S\u00e9lectionnez l\u2019option de r\u00e9ponse qui fera afficher une nouvelle question.<\/li>\n\n\n\n<li>Cliquez sur \u00ab&nbsp;Ajouter une r\u00e8gle&nbsp;\u00bb.<\/li>\n\n\n\n<li>Dans la fen\u00eatre \u00ab&nbsp;Ajouter une r\u00e8gle&nbsp;d\u2019affichage \u00bb, s\u00e9lectionnez l\u2019option qui fera afficher une question si elle est choisie.<\/li>\n\n\n\n<li>S\u00e9lectionnez la question qui s\u2019affichera en r\u00e9action \u00e0 la r\u00e9ponse choisie, puis enregistrez.<\/li>\n\n\n\n<li>Ajoutez autant de r\u00e8gles qu\u2019il le faut.\n<ul class=\"wp-block-list\">\n<li>Vous pouvez \u00e9galement utiliser le raccourci \u00ab&nbsp;Ajouter l\u2019option&nbsp; \u201cAutre\u201d&nbsp;\u00bb pour ajouter une question qui s\u2019affichera seulement si l\u2019option de r\u00e9ponse \u00ab&nbsp;Autre&nbsp;\u00bb est choisie.<\/li>\n<\/ul>\n<\/li>\n<\/ol>\n\n\n\n<blockquote class=\"wp-block-quote is-layout-flow wp-block-quote-is-layout-flow\">\n<p><strong>\u00c0 noter :<\/strong> Les r\u00e9ponses ne comprendront que les donn\u00e9es relatives aux questions qui ont \u00e9t\u00e9 pr\u00e9sent\u00e9es \u00e0 la personne qui a rempli le formulaire. Les questions masqu\u00e9es qui ne s&rsquo;appliquent pas n&rsquo;appara\u00eetront pas, tandis que les questions visibles mais non remplies appara\u00eetront sous forme d&rsquo;entr\u00e9es vides dans les donn\u00e9es de r\u00e9ponses.<\/p>\n<\/blockquote>\n\n\n\n<div style=\"height:20px\" aria-hidden=\"true\" class=\"wp-block-spacer\"><\/div>\n\n\n<div class=\"wp-block-image\">\n<figure class=\"aligncenter size-full\"><img loading=\"lazy\" decoding=\"async\" width=\"1897\" height=\"854\" src=\"https:\/\/articles.alpha.canada.ca\/uploads\/sites\/11\/2024\/07\/Display-FR.png\" alt=\"Capture d\u2019\u00e9cran de l\u2019interface de Formulaire GC permettant de modifier un formulaire avec une logique d\u2019affichage. La question avec un choix de boutons radio a une r\u00e8gle qui fait que si les personnes choisissent d\u2019\u00eatre contact\u00e9es, elles re\u00e7oivent une question ult\u00e9rieure leur demandant leur adresse courriel.\" class=\"wp-image-2528\" srcset=\"https:\/\/articles.alpha.canada.ca\/uploads\/sites\/11\/2024\/07\/Display-FR.png 1897w, https:\/\/articles.alpha.canada.ca\/uploads\/sites\/11\/2024\/07\/Display-FR-300x135.png 300w, https:\/\/articles.alpha.canada.ca\/uploads\/sites\/11\/2024\/07\/Display-FR-1024x461.png 1024w, https:\/\/articles.alpha.canada.ca\/uploads\/sites\/11\/2024\/07\/Display-FR-768x346.png 768w, https:\/\/articles.alpha.canada.ca\/uploads\/sites\/11\/2024\/07\/Display-FR-1536x691.png 1536w\" sizes=\"auto, (max-width: 1897px) 100vw, 1897px\" \/><\/figure>\n<\/div>\n\n\n<div style=\"height:20px\" aria-hidden=\"true\" class=\"wp-block-spacer\"><\/div>\n\n\n\n<hr class=\"wp-block-separator has-alpha-channel-opacity\" \/>\n\n\n\n<h2 class=\"wp-block-heading\" id=\"h-appliquer-une-logique-d-embranchement-a-un-formulaire\">Appliquer une logique d\u2019embranchement \u00e0 un formulaire<\/h2>\n\n\n\n<p>La logique d\u2019embranchement vous permet de faire emprunter aux gens des chemins diff\u00e9rents en fonction de leurs r\u00e9ponses. Vous pouvez cr\u00e9er diff\u00e9rents encha\u00eenements de pages, de sorte que les personnes ne voient que celles qui sont pertinentes. Cette option est disponible aux formulaires de plus d\u2019une page. Tout comme la logique d&rsquo;affichage, les embranchements s\u2019appliquent aux \u00e9l\u00e9ments de formulaire comprenant un choix de r\u00e9ponses, dont les boutons radio, les cases \u00e0 cocher et les listes d\u00e9roulantes.<\/p>\n\n\n\n<h3 class=\"wp-block-heading\" id=\"h-ajouter-des-embranchements-pour-acheminer-les-gens-sur-differents-chemins\">Ajouter des embranchements pour acheminer les gens sur diff\u00e9rents chemins<\/h3>\n\n\n\n<ol class=\"wp-block-list\">\n<li>Cr\u00e9ez un formulaire dans <a href=\"https:\/\/forms-formulaires.alpha.canada.ca\/fr\/form-builder\/0000\/edit\">Formulaires GC<\/a>.<\/li>\n\n\n\n<li>Ajoutez un \u00e9l\u00e9ment de formulaire qui permet un choix de r\u00e9ponses (boutons radio, cases \u00e0 cocher ou liste d\u00e9roulante).<\/li>\n\n\n\n<li>Ajoutez plusieurs options de r\u00e9ponse \u00e0 la question.<\/li>\n\n\n\n<li>Ajoutez une page \u00e0 laquelle une personne sera achemin\u00e9e en r\u00e9action \u00e0 la r\u00e9ponse choisie \u00e0 la question pr\u00e9c\u00e9dente.<\/li>\n\n\n\n<li>Ouvrez le panneau \u00ab&nbsp;Configuration du formulaire&nbsp;\u00bb sur le c\u00f4t\u00e9 droit de l\u2019\u00e9cran.<\/li>\n\n\n\n<li>Allez \u00e0 l\u2019onglet \u00ab&nbsp;Embranchements&nbsp;\u00bb.<\/li>\n\n\n\n<li>S\u00e9lectionnez une option (indiqu\u00e9e par l\u2019ic\u00f4ne en forme de fl\u00e8che coud\u00e9e verte).<\/li>\n\n\n\n<li>Cliquez sur \u00ab&nbsp;Ajouter une r\u00e8gle&nbsp;\u00bb pour cr\u00e9er un embranchement qui acheminera les personnes vers une page sp\u00e9cifique en fonction de l\u2019option choisie.\n<ul class=\"wp-block-list\">\n<li>L&rsquo;application de plusieurs \u00ab r\u00e8gles \u00bb ou instances de questions conditionnelles \u00e0 ramification sur une seule page peut rendre les formulaires confus et d\u00e9sordonn\u00e9s. Une bonne pratique consiste \u00e0 limiter le nombre de questions par page et \u00e0 n&rsquo;autoriser qu&rsquo;une seule question \u00e0 choix multiples qui embranche vers plusieurs chemins ind\u00e9pendants \u00e0 partir d&rsquo;un seul n\u0153ud.<\/li>\n<\/ul>\n<\/li>\n\n\n\n<li>Assurez-vous de tester tous les chemins avant de publier pour vous assurer que le formulaire fonctionne comme pr\u00e9vu. Vous pouvez tester votre formulaire en utilisant l\u2019option d&rsquo;aper\u00e7u appel\u00e9e \u00ab&nbsp;Tester&nbsp;\u00bb dans le menu lat\u00e9ral.&nbsp;\n<ul class=\"wp-block-list\">\n<li>Si vos embranchements deviennent trop complexes et tortueux, vous pouvez les supprimer en r\u00e9initialisant l\u2019encha\u00eenement pour qu\u2019il soit lin\u00e9aire. Vous trouverez ce bouton dans l\u2019onglet&nbsp; \u00ab&nbsp;Embranchements&nbsp;\u00bb du panneau \u00ab&nbsp;Configuration du formulaire&nbsp;\u00bb.&nbsp;<\/li>\n<\/ul>\n<\/li>\n\n\n\n<li>Les embranchements vous permettent de cr\u00e9er des chemins parall\u00e8les qui aboutissent \u00e0 la Page r\u00e9capitulative, puis \u00e0 la Page de confirmation.\n<ul class=\"wp-block-list\">\n<li>Si vous souhaitez que des personnes quittent le formulaire plus t\u00f4t parce qu\u2019elles ne sont pas admissibles, vous pouvez convertir une page en \u00ab&nbsp;page de sortie&nbsp;\u00bb apr\u00e8s avoir s\u00e9lectionn\u00e9 l&rsquo;ic\u00f4ne en forme de fl\u00e8che droite violette. Vous pouvez modifier le contenu de cette page de sortie dans l\u2019onglet \u00ab&nbsp;Pages&nbsp;\u00bb.<\/li>\n<\/ul>\n<\/li>\n<\/ol>\n\n\n\n<blockquote class=\"wp-block-quote is-layout-flow wp-block-quote-is-layout-flow\">\n<p><strong>\u00c0 noter :<\/strong> Les donn\u00e9es de r\u00e9ponses stock\u00e9es ne comprendront que les chemins d\u2019embranchement conditionnels suivis par la personne qui a rempli le formulaire. <\/p>\n<\/blockquote>\n\n\n\n<div style=\"height:20px\" aria-hidden=\"true\" class=\"wp-block-spacer\"><\/div>\n\n\n<div class=\"wp-block-image\">\n<figure class=\"aligncenter size-full\"><img loading=\"lazy\" decoding=\"async\" width=\"3556\" height=\"1774\" src=\"https:\/\/articles.alpha.canada.ca\/uploads\/sites\/11\/2024\/07\/Branching-FR.png\" alt=\"Capture d\u2019\u00e9cran de l\u2019interface de Formulaire GC permettant de modifier un formulaire avec une logique d\u2019embranchement. Une visualisation montre les diff\u00e9rents encha\u00eenements possibles ainsi qu\u2019une page de sortie en cas d'in\u00e9ligibilit\u00e9.\" class=\"wp-image-2593\" srcset=\"https:\/\/articles.alpha.canada.ca\/uploads\/sites\/11\/2024\/07\/Branching-FR.png 3556w, https:\/\/articles.alpha.canada.ca\/uploads\/sites\/11\/2024\/07\/Branching-FR-300x150.png 300w, https:\/\/articles.alpha.canada.ca\/uploads\/sites\/11\/2024\/07\/Branching-FR-1024x511.png 1024w, https:\/\/articles.alpha.canada.ca\/uploads\/sites\/11\/2024\/07\/Branching-FR-768x383.png 768w, https:\/\/articles.alpha.canada.ca\/uploads\/sites\/11\/2024\/07\/Branching-FR-1536x766.png 1536w, https:\/\/articles.alpha.canada.ca\/uploads\/sites\/11\/2024\/07\/Branching-FR-2048x1022.png 2048w\" sizes=\"auto, (max-width: 3556px) 100vw, 3556px\" \/><\/figure>\n<\/div>\n\n\n<div style=\"height:20px\" aria-hidden=\"true\" class=\"wp-block-spacer\"><\/div>\n\n\n\n<hr class=\"wp-block-separator has-alpha-channel-opacity\" \/>\n\n\n\n<div class=\"wp-block-group has-background\" style=\"background-color:#5c4ea2\"><div class=\"wp-block-group__inner-container is-layout-constrained wp-block-group-is-layout-constrained\">\n<h2 class=\"wp-block-heading has-text-align-center has-white-color has-text-color has-link-color wp-elements-5e68f7ffc550da5a0533ff0055ffaa73\" id=\"h-vous-n-avez-pas-trouve-ce-que-vous-cherchiez\">Vous n\u2019avez pas trouv\u00e9 ce que vous cherchiez?<\/h2>\n\n\n\n<div class=\"wp-block-buttons is-content-justification-center is-layout-flex wp-container-26 wp-block-buttons-is-layout-flex\">\n   <div class=\"wp-block-button is-style-outline has-text-align-center has-custom-font-size has-regular-font-size\" style=\"font-style:normal;font-weight:400\">\n      <a href=\"https:\/\/forms-formulaires.alpha.canada.ca\/fr\/form-builder\/support\" target=\"_blank\" aria-labelledby=\"Contacter l'\u00e9quipe de soutien\" class=\"wp-block-button__link has-primary-blue-color has-white-background-color has-text-color has-background wp-element-button\" style=\"margin-top:16px;border-radius:6px;padding-top:6px;padding-right:16px;padding-bottom:6px;padding-left:16px\" rel=\"noopener\">Contacter l&rsquo;\u00e9quipe de soutien<img decoding=\"async\" src=\"https:\/\/articles.alpha.canada.ca\/uploads\/sites\/11\/2023\/09\/external-icon-1.svg\" style=\"margin-left: 8px;height:20px;width:20px\" alt=\"\" aria-hidden=\"true\"><\/a>\n   <\/div>\n<\/div>\n<\/br>\n<\/div><\/div>\n\n\n\n<p><br><\/p>\n","protected":false},"excerpt":{"rendered":"<p>La logique conditionnelle modifie ce que les personnes voient lorsqu\u2019elles remplissent un formulaire, en fonction de leurs r\u00e9ponses pr\u00e9c\u00e9dentes. Cela am\u00e9liore l\u2019exp\u00e9rience, surtout lorsque le formulaire est long ou complexe. Le fait de diviser un formulaire Web en plusieurs pages et d\u2019y appliquer des conditions peut faciliter et acc\u00e9l\u00e9rer son remplissage. Autrement dit, c\u2019est possible\u2026 <a class=\"read-more\" href=\"https:\/\/articles.alpha.canada.ca\/forms-formulaires\/fr\/configurer-formulaire-avec-logique\/\">Read more<span class=\"wb-sl\"> of Configurer un formulaire avec la logique conditionnelle<\/span><\/a><\/p>\n","protected":false},"author":235,"featured_media":0,"parent":0,"menu_order":0,"comment_status":"closed","ping_status":"closed","template":"","meta":{"footnotes":""},"class_list":["post-2501","page","type-page","status-publish","hentry"],"slug_en":"setting-up-form-logic","slug_fr":"configurer-formulaire-avec-logique","id_en":2498,"id_fr":2501,"lang":"fr","_links":{"self":[{"href":"https:\/\/articles.alpha.canada.ca\/forms-formulaires\/fr\/wp-json\/wp\/v2\/pages\/2501","targetHints":{"allow":["GET"]}}],"collection":[{"href":"https:\/\/articles.alpha.canada.ca\/forms-formulaires\/fr\/wp-json\/wp\/v2\/pages"}],"about":[{"href":"https:\/\/articles.alpha.canada.ca\/forms-formulaires\/fr\/wp-json\/wp\/v2\/types\/page"}],"author":[{"embeddable":true,"href":"https:\/\/articles.alpha.canada.ca\/forms-formulaires\/fr\/wp-json\/wp\/v2\/users\/235"}],"replies":[{"embeddable":true,"href":"https:\/\/articles.alpha.canada.ca\/forms-formulaires\/fr\/wp-json\/wp\/v2\/comments?post=2501"}],"version-history":[{"count":29,"href":"https:\/\/articles.alpha.canada.ca\/forms-formulaires\/fr\/wp-json\/wp\/v2\/pages\/2501\/revisions"}],"predecessor-version":[{"id":3293,"href":"https:\/\/articles.alpha.canada.ca\/forms-formulaires\/fr\/wp-json\/wp\/v2\/pages\/2501\/revisions\/3293"}],"wp:attachment":[{"href":"https:\/\/articles.alpha.canada.ca\/forms-formulaires\/fr\/wp-json\/wp\/v2\/media?parent=2501"}],"curies":[{"name":"wp","href":"https:\/\/api.w.org\/{rel}","templated":true}]}}