{"id":2697,"date":"2024-12-03T17:57:15","date_gmt":"2024-12-03T17:57:15","guid":{"rendered":"https:\/\/articles.alpha.canada.ca\/forms-formulaires\/?page_id=2697"},"modified":"2025-12-30T21:06:10","modified_gmt":"2025-12-30T21:06:10","slug":"ensembles-recurrents","status":"publish","type":"page","link":"https:\/\/articles.alpha.canada.ca\/forms-formulaires\/fr\/ensembles-recurrents\/","title":{"rendered":"Permettre des entr\u00e9es multiples dans un formulaire"},"content":{"rendered":"\n<div style=\"height:20px\" aria-hidden=\"true\" class=\"wp-block-spacer\"><\/div>\n\n\n\n<p>Lorsque vous cr\u00e9ez des formulaires en ligne, vous devrez parfois permettre aux personnes qui remplissent le formulaire d&rsquo;ajouter plusieurs instances d&rsquo;une r\u00e9ponse, en particulier lorsque la question implique des informations r\u00e9p\u00e9t\u00e9es (par exemple : plusieurs num\u00e9ros de t\u00e9l\u00e9phone, toutes les adresses pr\u00e9c\u00e9dentes, ou une s\u00e9rie de questions qui se r\u00e9p\u00e8tent pour chaque personne \u00e0 charge).<\/p>\n\n\n\n<p>Dans Formulaires GC, les ensembles r\u00e9currents peuvent regrouper plusieurs \u00e9l\u00e9ments de formulaire en un ensemble qui est r\u00e9p\u00e9t\u00e9 autant de fois que n\u00e9cessaire par l&rsquo;utilisateur\u00b7rice. Cela permet de saisir des r\u00e9ponses diff\u00e9rentes pour plusieurs instances des m\u00eames questions, en offrant ainsi une certaine flexibilit\u00e9 en remplissant le formulaire.<\/p>\n\n\n\n<h2 class=\"wp-block-heading\" id=\"h-comment-ajouter-et-configurer-un-ensemble-recurrent\">Comment ajouter et configurer un ensemble r\u00e9current<\/h2>\n\n\n\n<p>Si vous d\u00e9terminez qu&rsquo;une question exige que les personnes qui remplissent le formulaire fournissent plusieurs r\u00e9ponses, ou si un groupe de questions doit \u00eatre r\u00e9p\u00e9t\u00e9, utilisez un ensemble r\u00e9current pour recueillir ces renseignements.<\/p>\n\n\n\n<h3 class=\"wp-block-heading\" id=\"h-ajouter-un-ensemble-recurrent-a-un-formulaire\">Ajouter un ensemble r\u00e9current \u00e0 un formulaire<\/h3>\n\n\n\n<ol class=\"wp-block-list\">\n<li>Cr\u00e9ez un formulaire dans&nbsp;<a href=\"https:\/\/forms-formulaires.alpha.canada.ca\/fr\/form-builder\/\">Formulaires GC<\/a>.<\/li>\n\n\n\n<li>Dans \u00ab Modifier \u00bb, s\u00e9lectionnez \u00ab Ajouter un \u00e9l\u00e9ment \u00bb.<\/li>\n\n\n\n<li>S\u00e9lectionnez \u00ab Ensemble r\u00e9current \u00bb dans la section \u00ab Autre \u00bb et \u00ab Ajouter un ensemble r\u00e9current \u00bb.<\/li>\n\n\n\n<li>Donnez un nom \u00e0 l&rsquo;ensemble. Il peut s&rsquo;agir de la cat\u00e9gorie de questions que vous poserez (par exemple : \u00ab Adresses \u00bb ou \u00ab Profils \u00bb).<\/li>\n\n\n\n<li>S\u00e9lectionnez \u00ab Ajouter un \u00e9l\u00e9ment \u00e0 l&rsquo;ensemble \u00bb et s\u00e9lectionnez quel type de question \u00e0 ajouter. Vous pouvez ajouter plusieurs questions qui se r\u00e9p\u00e9teront ensemble.  <\/li>\n\n\n\n<li>Saisissez le contenu de la question.<\/li>\n<\/ol>\n\n\n\n<h3 class=\"wp-block-heading\" id=\"h-adaptez-les-boutons-de-l-ensemble-recurrent\"><strong>Adaptez les boutons de l&rsquo;ensemble r\u00e9current<\/strong><\/h3>\n\n\n\n<ol class=\"wp-block-list\">\n<li>S\u00e9lectionnez \u00ab Adapter l&rsquo;ensemble r\u00e9current \u00bb.<\/li>\n\n\n\n<li>Donnez un nom \u00e0 l&rsquo;entr\u00e9e, en d\u00e9crivant ce qui sera demand\u00e9 plusieurs fois. Ce nom sera utilis\u00e9 pour num\u00e9roter chaque instance ou entr\u00e9e ajout\u00e9e lors du remplissage du formulaire (par exemple : \u00ab Adresse -1, Adresse -2, Adresse -3 \u00bb.<\/li>\n\n\n\n<li>Configurez le texte du bouton que les personnes verront pour \u00ab Ajouter un autre ____ \u00bb \u00e0 leurs r\u00e9ponses au formulaire. (par exemple : \u00ab Ajouter une autre adresse \u00bb).<\/li>\n\n\n\n<li> Configurez le texte du bouton que les personnes verront pour \u00ab Supprimer ____ \u00bb. (par exemple : \u00ab Supprimer l&rsquo;adresse \u00bb).<\/li>\n\n\n\n<li>Veillez \u00e0 mettre \u00e0 jour le contenu anglais et fran\u00e7ais en cons\u00e9quence.<\/li>\n\n\n\n<li>Testez votre formulaire pour vous assurer qu&rsquo;il fonctionne comme pr\u00e9vu.<\/li>\n<\/ol>\n\n\n\n<h3 class=\"wp-block-heading\" id=\"h-specifiez-le-nombre-maximum-de-reponses-qui-peuvent-etre-ajoutees\">Sp\u00e9cifiez le nombre maximum de r\u00e9ponses qui peuvent \u00eatre ajout\u00e9es<\/h3>\n\n\n\n<ol class=\"wp-block-list\">\n<li>Cliquez sur le \u00ab Nom de l&rsquo;ensemble \u00bb pour afficher l&rsquo;ensemble r\u00e9current au complet.<\/li>\n\n\n\n<li>Dans le menu, s\u00e9lectionnez \u00ab Plus \u00bb<\/li>\n\n\n\n<li>Dans la fen\u00eatre modale \u00ab Plus d&rsquo;options \u00bb, ajoutez un nombre maximum de r\u00e9ponses que les utilisateur\u00b7rice\u00b7s peuvent fournir pour cette question ou cet ensemble.<\/li>\n<\/ol>\n\n\n\n<blockquote class=\"wp-block-quote is-layout-flow wp-block-quote-is-layout-flow\">\n<p><strong>\u00c0 noter: <\/strong>Le nombre maximal d&rsquo;entr\u00e9es ou d&rsquo;instances pouvant \u00eatre ajout\u00e9es par les utilisateur\u00b7rice\u00b7s dans un ensemble r\u00e9current est de 50. <\/p>\n<\/blockquote>\n\n\n\n<div style=\"height:20px\" aria-hidden=\"true\" class=\"wp-block-spacer\"><\/div>\n\n\n\n<div class=\"wp-block-group has-background\" style=\"background-color:#5c4ea2\"><div class=\"wp-block-group__inner-container is-layout-constrained wp-block-group-is-layout-constrained\">\n<h2 class=\"wp-block-heading has-text-align-center has-white-color has-text-color has-link-color wp-elements-5e68f7ffc550da5a0533ff0055ffaa73\" id=\"h-vous-n-avez-pas-trouve-ce-que-vous-cherchiez\">Vous n\u2019avez pas trouv\u00e9 ce que vous cherchiez?<\/h2>\n\n\n\n<div class=\"wp-block-buttons is-content-justification-center is-layout-flex wp-container-26 wp-block-buttons-is-layout-flex\">\n   <div class=\"wp-block-button is-style-outline has-text-align-center has-custom-font-size has-regular-font-size\" style=\"font-style:normal;font-weight:400\">\n      <a href=\"https:\/\/forms-formulaires.alpha.canada.ca\/fr\/form-builder\/support\" target=\"_blank\" aria-labelledby=\"Contacter l'\u00e9quipe de soutien\" class=\"wp-block-button__link has-primary-blue-color has-white-background-color has-text-color has-background wp-element-button\" style=\"margin-top:16px;border-radius:6px;padding-top:6px;padding-right:16px;padding-bottom:6px;padding-left:16px\" rel=\"noopener\">Contacter l&rsquo;\u00e9quipe de soutien<img decoding=\"async\" src=\"https:\/\/articles.alpha.canada.ca\/uploads\/sites\/11\/2023\/09\/external-icon-1.svg\" style=\"margin-left: 8px;height:20px;width:20px\" alt=\"\" aria-hidden=\"true\"><\/a>\n   <\/div>\n<\/div>\n<\/br>\n<\/div><\/div>\n","protected":false},"excerpt":{"rendered":"<p>Lorsque vous cr\u00e9ez des formulaires en ligne, vous devrez parfois permettre aux personnes qui remplissent le formulaire d&rsquo;ajouter plusieurs instances d&rsquo;une r\u00e9ponse, en particulier lorsque la question implique des informations r\u00e9p\u00e9t\u00e9es (par exemple : plusieurs num\u00e9ros de t\u00e9l\u00e9phone, toutes les adresses pr\u00e9c\u00e9dentes, ou une s\u00e9rie de questions qui se r\u00e9p\u00e8tent pour chaque personne \u00e0 charge).\u2026 <a class=\"read-more\" href=\"https:\/\/articles.alpha.canada.ca\/forms-formulaires\/fr\/ensembles-recurrents\/\">Read more<span class=\"wb-sl\"> of Permettre des entr\u00e9es multiples dans un formulaire<\/span><\/a><\/p>\n","protected":false},"author":235,"featured_media":0,"parent":0,"menu_order":0,"comment_status":"closed","ping_status":"closed","template":"","meta":{"footnotes":""},"class_list":["post-2697","page","type-page","status-publish","hentry"],"slug_en":"repeating-sets","slug_fr":"ensembles-recurrents","id_en":2687,"id_fr":2697,"lang":"fr","_links":{"self":[{"href":"https:\/\/articles.alpha.canada.ca\/forms-formulaires\/fr\/wp-json\/wp\/v2\/pages\/2697","targetHints":{"allow":["GET"]}}],"collection":[{"href":"https:\/\/articles.alpha.canada.ca\/forms-formulaires\/fr\/wp-json\/wp\/v2\/pages"}],"about":[{"href":"https:\/\/articles.alpha.canada.ca\/forms-formulaires\/fr\/wp-json\/wp\/v2\/types\/page"}],"author":[{"embeddable":true,"href":"https:\/\/articles.alpha.canada.ca\/forms-formulaires\/fr\/wp-json\/wp\/v2\/users\/235"}],"replies":[{"embeddable":true,"href":"https:\/\/articles.alpha.canada.ca\/forms-formulaires\/fr\/wp-json\/wp\/v2\/comments?post=2697"}],"version-history":[{"count":12,"href":"https:\/\/articles.alpha.canada.ca\/forms-formulaires\/fr\/wp-json\/wp\/v2\/pages\/2697\/revisions"}],"predecessor-version":[{"id":3274,"href":"https:\/\/articles.alpha.canada.ca\/forms-formulaires\/fr\/wp-json\/wp\/v2\/pages\/2697\/revisions\/3274"}],"wp:attachment":[{"href":"https:\/\/articles.alpha.canada.ca\/forms-formulaires\/fr\/wp-json\/wp\/v2\/media?parent=2697"}],"curies":[{"name":"wp","href":"https:\/\/api.w.org\/{rel}","templated":true}]}}