{"id":3230,"date":"2025-12-30T20:04:29","date_gmt":"2025-12-30T20:04:29","guid":{"rendered":"https:\/\/articles.alpha.canada.ca\/forms-formulaires\/?page_id=3230"},"modified":"2026-01-13T19:30:29","modified_gmt":"2026-01-13T19:30:29","slug":"integration-de-formulaires-gc-et-notification-gc","status":"publish","type":"page","link":"https:\/\/articles.alpha.canada.ca\/forms-formulaires\/fr\/integration-de-formulaires-gc-et-notification-gc\/","title":{"rendered":"Int\u00e9grer Formulaires GC et Notification GC"},"content":{"rendered":"\n<div style=\"height:20px\" aria-hidden=\"true\" class=\"wp-block-spacer\"><\/div>\n\n\n\n<p>Un formulaire est rarement un moment isol\u00e9 : il s&rsquo;agit d&rsquo;une \u00e9tape dans un parcours de service plus large qui commence avant m\u00eame que l&rsquo;utilisateur final ne clique \u00ab Soumettre \u00bb et se poursuit longtemps apr\u00e8s. Les personnes remplissent un formulaire avec certaines attentes et un r\u00e9sultat souhait\u00e9.<\/p>\n\n\n\n<div style=\"height:20px\" aria-hidden=\"true\" class=\"wp-block-spacer\"><\/div>\n\n\n\n<p>Pour concevoir une exp\u00e9rience de bout en bout qui contribue \u00e0 garantir que le formulaire soit utile et r\u00e9ponde aux besoins des utilisateur\u00b7rice\u00b7s, vous pourriez envisager de relier la cr\u00e9ation du formulaire \u00e0 l&rsquo;envoi de notifications. Cela pourrait faire du processus de collecte de donn\u00e9es une interaction bidirectionnelle, susceptible de rassurer les utilisateur\u00b7rice\u00b7s et de soutenir l&rsquo;ensemble de leur parcours.<\/p>\n\n\n\n<div style=\"height:20px\" aria-hidden=\"true\" class=\"wp-block-spacer\"><\/div>\n\n\n\n<hr class=\"wp-block-separator has-alpha-channel-opacity\" \/>\n\n\n\n<div style=\"height:20px\" aria-hidden=\"true\" class=\"wp-block-spacer\"><\/div>\n\n\n\n<p>Les produits de la plateforme du Service num\u00e9rique canadien, Formulaires GC et Notification GC, peuvent fonctionner ensemble pour envoyer des notifications par courriel lors de la soumission d&rsquo;un formulaire, par exemple. Cela est possible gr\u00e2ce \u00e0 la fonctionnalit\u00e9 API de chacun de ces produits. Les deux API peuvent fonctionner ensemble, les soumissions de formulaires ou d&rsquo;autres \u00e9v\u00e9nements d\u00e9clencheurs envoyant automatiquement des courriels ou des messages textes en temps opportun.<\/p>\n\n\n\n<div style=\"height:20px\" aria-hidden=\"true\" class=\"wp-block-spacer\"><\/div>\n\n\n\n<p>Si quelqu&rsquo;un soumet un formulaire (via Formulaires GC), il est possible qu&rsquo;il re\u00e7oive automatiquement une notification par courriel (avec Notification GC), si d\u00e9sir\u00e9, pour confirmer la r\u00e9ception, indiquer les \u00e9tapes suivantes ou partager des mises \u00e0 jour pertinentes. <\/p>\n\n\n\n<div style=\"height:20px\" aria-hidden=\"true\" class=\"wp-block-spacer\"><\/div>\n\n\n\n<hr class=\"wp-block-separator has-alpha-channel-opacity\" \/>\n\n\n\n<div style=\"height:20px\" aria-hidden=\"true\" class=\"wp-block-spacer\"><\/div>\n\n\n\n<p>Pour cr\u00e9er ce type d&rsquo;exp\u00e9rience fluide, votre \u00e9quipe devra disposer d&rsquo;un\u00b7e d\u00e9veloppeur\u00b7e de logiciels, au sein de votre minist\u00e8re ou de votre organisme, capable d&rsquo;\u00e9crire du code personnalis\u00e9 permettant aux formulaires et aux notifications de fonctionner ensemble de mani\u00e8re programmatique :<\/p>\n\n\n\n<div style=\"height:20px\" aria-hidden=\"true\" class=\"wp-block-spacer\"><\/div>\n\n\n\n<blockquote class=\"wp-block-quote is-layout-flow wp-block-quote-is-layout-flow\">\n<ol class=\"wp-block-list\">\n<li><strong>Utilisation de l&rsquo;API de GC Forms pour rechercher de nouvelles r\u00e9ponses \u00e0 intervalles r\u00e9guliers (par exemple, toutes les minutes).<\/strong><\/li>\n<\/ol>\n\n\n\n<div class=\"wp-block-buttons is-layout-flex wp-block-buttons-is-layout-flex\">\n<div class=\"wp-block-button\"><a class=\"wp-block-button__link wp-element-button\" href=\"https:\/\/cds-snc.github.io\/forms-api\/accueil\">Documentation API de Formulaires GC<\/a><\/div>\n<\/div>\n<\/blockquote>\n\n\n\n<blockquote class=\"wp-block-quote is-layout-flow wp-block-quote-is-layout-flow\">\n<p>2. <strong>Utilisation de l&rsquo;API Notification GC pour envoyer un courriel d\u00e8s qu&rsquo;une r\u00e9ponse est re\u00e7ue.<\/strong><\/p>\n\n\n\n<div class=\"wp-block-buttons is-layout-flex wp-block-buttons-is-layout-flex\">\n<div class=\"wp-block-button\"><a class=\"wp-block-button__link wp-element-button\" href=\"https:\/\/documentation.notification.canada.ca\/fr\/\">Documentation API de Notification GC<\/a><\/div>\n<\/div>\n<\/blockquote>\n\n\n\n<div style=\"height:48px\" aria-hidden=\"true\" class=\"wp-block-spacer\"><\/div>\n\n\n\n<div class=\"wp-block-group has-background\" style=\"background-color:#5c4ea2\"><div class=\"wp-block-group__inner-container is-layout-constrained wp-block-group-is-layout-constrained\">\n<h2 class=\"wp-block-heading has-text-align-center has-white-color has-text-color has-link-color wp-elements-5e68f7ffc550da5a0533ff0055ffaa73\" id=\"h-vous-n-avez-pas-trouve-ce-que-vous-cherchiez\">Vous n\u2019avez pas trouv\u00e9 ce que vous cherchiez?<\/h2>\n\n\n\n<div class=\"wp-block-buttons is-content-justification-center is-layout-flex wp-container-26 wp-block-buttons-is-layout-flex\">\n   <div class=\"wp-block-button is-style-outline has-text-align-center has-custom-font-size has-regular-font-size\" style=\"font-style:normal;font-weight:400\">\n      <a href=\"https:\/\/forms-formulaires.alpha.canada.ca\/fr\/form-builder\/support\" target=\"_blank\" aria-labelledby=\"Contacter l'\u00e9quipe de soutien\" class=\"wp-block-button__link has-primary-blue-color has-white-background-color has-text-color has-background wp-element-button\" style=\"margin-top:16px;border-radius:6px;padding-top:6px;padding-right:16px;padding-bottom:6px;padding-left:16px\" rel=\"noopener\">Contacter l&rsquo;\u00e9quipe de soutien<img decoding=\"async\" src=\"https:\/\/articles.alpha.canada.ca\/uploads\/sites\/11\/2023\/09\/external-icon-1.svg\" style=\"margin-left: 8px;height:20px;width:20px\" alt=\"\" aria-hidden=\"true\"><\/a>\n   <\/div>\n<\/div>\n<\/br>\n<\/div><\/div>\n\n\n\n<p><\/p>\n","protected":false},"excerpt":{"rendered":"<p>Un formulaire est rarement un moment isol\u00e9 : il s&rsquo;agit d&rsquo;une \u00e9tape dans un parcours de service plus large qui commence avant m\u00eame que l&rsquo;utilisateur final ne clique \u00ab Soumettre \u00bb et se poursuit longtemps apr\u00e8s. Les personnes remplissent un formulaire avec certaines attentes et un r\u00e9sultat souhait\u00e9. Pour concevoir une exp\u00e9rience de bout en\u2026 <a class=\"read-more\" href=\"https:\/\/articles.alpha.canada.ca\/forms-formulaires\/fr\/integration-de-formulaires-gc-et-notification-gc\/\">Read more<span class=\"wb-sl\"> of Int\u00e9grer Formulaires GC et Notification GC<\/span><\/a><\/p>\n","protected":false},"author":235,"featured_media":0,"parent":0,"menu_order":0,"comment_status":"closed","ping_status":"closed","template":"","meta":{"footnotes":""},"class_list":["post-3230","page","type-page","status-publish","hentry"],"slug_en":"integrating-gc-forms-and-gc-notify","slug_fr":"integration-de-formulaires-gc-et-notification-gc","id_en":3225,"id_fr":3230,"lang":"fr","_links":{"self":[{"href":"https:\/\/articles.alpha.canada.ca\/forms-formulaires\/fr\/wp-json\/wp\/v2\/pages\/3230","targetHints":{"allow":["GET"]}}],"collection":[{"href":"https:\/\/articles.alpha.canada.ca\/forms-formulaires\/fr\/wp-json\/wp\/v2\/pages"}],"about":[{"href":"https:\/\/articles.alpha.canada.ca\/forms-formulaires\/fr\/wp-json\/wp\/v2\/types\/page"}],"author":[{"embeddable":true,"href":"https:\/\/articles.alpha.canada.ca\/forms-formulaires\/fr\/wp-json\/wp\/v2\/users\/235"}],"replies":[{"embeddable":true,"href":"https:\/\/articles.alpha.canada.ca\/forms-formulaires\/fr\/wp-json\/wp\/v2\/comments?post=3230"}],"version-history":[{"count":8,"href":"https:\/\/articles.alpha.canada.ca\/forms-formulaires\/fr\/wp-json\/wp\/v2\/pages\/3230\/revisions"}],"predecessor-version":[{"id":3302,"href":"https:\/\/articles.alpha.canada.ca\/forms-formulaires\/fr\/wp-json\/wp\/v2\/pages\/3230\/revisions\/3302"}],"wp:attachment":[{"href":"https:\/\/articles.alpha.canada.ca\/forms-formulaires\/fr\/wp-json\/wp\/v2\/media?parent=3230"}],"curies":[{"name":"wp","href":"https:\/\/api.w.org\/{rel}","templated":true}]}}