{"id":3253,"date":"2025-12-30T20:44:22","date_gmt":"2025-12-30T20:44:22","guid":{"rendered":"https:\/\/articles.alpha.canada.ca\/forms-formulaires\/?page_id=3253"},"modified":"2026-01-13T21:07:46","modified_gmt":"2026-01-13T21:07:46","slug":"ouvrir-des-reponses-en-format-csv-sur-un-poste-de-travail-francais","status":"publish","type":"page","link":"https:\/\/articles.alpha.canada.ca\/forms-formulaires\/fr\/ouvrir-des-reponses-en-format-csv-sur-un-poste-de-travail-francais\/","title":{"rendered":"Ouvrir des r\u00e9ponses en format CSV sur un poste de travail fran\u00e7ais"},"content":{"rendered":"\n<div style=\"height:20px\" aria-hidden=\"true\" class=\"wp-block-spacer\"><\/div>\n\n\n\n<p>Les diff\u00e9rentes langues ont des d\u00e9limiteurs et des s\u00e9parateurs diff\u00e9rents, ce qui peut parfois poser un probl\u00e8me lorsqu&rsquo;il s&rsquo;agit de r\u00e9pondre aux besoins de plusieurs publics.<\/p>\n\n\n\n<p>Si vous travaillez sur un poste de travail Windows en fran\u00e7ais, il est possible que vous rencontriez un probl\u00e8me d&rsquo;ouverture des fichiers CSV, dont les donn\u00e9es s&rsquo;affichent en lignes plut\u00f4t qu&rsquo;en colonnes.<\/p>\n\n\n\n<div style=\"height:20px\" aria-hidden=\"true\" class=\"wp-block-spacer\"><\/div>\n\n\n\n<figure class=\"wp-block-image size-full\"><img loading=\"lazy\" decoding=\"async\" width=\"763\" height=\"253\" src=\"https:\/\/articles.alpha.canada.ca\/uploads\/sites\/11\/2025\/12\/image.png\" alt=\"\" class=\"wp-image-3254\" srcset=\"https:\/\/articles.alpha.canada.ca\/uploads\/sites\/11\/2025\/12\/image.png 763w, https:\/\/articles.alpha.canada.ca\/uploads\/sites\/11\/2025\/12\/image-300x99.png 300w\" sizes=\"auto, (max-width: 763px) 100vw, 763px\" \/><\/figure>\n\n\n\n<div style=\"height:20px\" aria-hidden=\"true\" class=\"wp-block-spacer\"><\/div>\n\n\n\n<p>Cela rend les donn\u00e9es des r\u00e9ponses au formulaire difficiles \u00e0 analyser et \u00e0 utiliser. Cela se produit parce que certaines machines utilisent par d\u00e9faut des points-virgules \u00ab ; \u00bb comme d\u00e9limiteurs dans les fichiers CSV (valeurs s\u00e9par\u00e9es par des virgules) en fran\u00e7ais. Cependant, Formulaires GC utilise des virgules \u00ab , \u00bb car elles sont plus couramment utilis\u00e9es.<\/p>\n\n\n\n<p>Pour vous assurer que les questions s&rsquo;affichent correctement dans les colonnes plut\u00f4t que dans les lignes lorsque vous ouvrez les r\u00e9ponses t\u00e9l\u00e9charg\u00e9es au format CSV, vous devrez ajuster les param\u00e8tres r\u00e9gionaux du syst\u00e8me d&rsquo;op\u00e9ration et les options num\u00e9riques en fran\u00e7ais.<\/p>\n\n\n\n<div style=\"height:20px\" aria-hidden=\"true\" class=\"wp-block-spacer\"><\/div>\n\n\n\n<p><strong>Pour r\u00e9soudre ce probl\u00e8me, si vous le rencontrez :<\/strong><\/p>\n\n\n\n<ol class=\"wp-block-list\">\n<li>Ouvrez Microsoft Excel.<\/li>\n\n\n\n<li>Utilisez la fonction \u00ab Importer des donn\u00e9es \u00bb pour acc\u00e9der aux donn\u00e9es de r\u00e9ponse.<\/li>\n\n\n\n<li>S\u00e9lectionnez la virgule \u00ab , \u00bb comme d\u00e9limiteur \u00e0 la place du point-virgule \u00ab ; \u00bb.<\/li>\n\n\n\n<li>Allez dans les options Excel &gt; \u00ab Avanc\u00e9 \u00bb.<\/li>\n\n\n\n<li>D\u00e9cochez l&rsquo;option \u00ab Utiliser les s\u00e9parateurs syst\u00e8me \u00bb.<\/li>\n\n\n\n<li>Assurez-vous que vous avez un point \u00ab . \u00bb sous le s\u00e9parateur d\u00e9cimal.<\/li>\n\n\n\n<li>Assurez-vous que vous avez une virgule \u00ab , \u00bb sous le s\u00e9parateur de milliers.<\/li>\n\n\n\n<li>Dans le menu principal \u00ab D\u00e9marrer \u00bb de votre ordinateur, acc\u00e9dez au \u00ab Panneau de configuration \u00bb.<\/li>\n\n\n\n<li>Dans les param\u00e8tres \u00ab Horloge et r\u00e9gion \u00bb, s\u00e9lectionnez \u00ab Modifier les formats de date, d&rsquo;heure ou de nombre \u00bb.<\/li>\n\n\n\n<li>Dans l&rsquo;onglet \u00ab Formats \u00bb, allez dans \u00ab Param\u00e8tres suppl\u00e9mentaires&#8230; \u00bb.<\/li>\n\n\n\n<li>Dans l&rsquo;onglet \u00ab Nombres \u00bb, assurez-vous que le \u00ab S\u00e9parateur de liste \u00bb est r\u00e9gl\u00e9 sur une virgule &laquo; , &raquo;.<\/li>\n\n\n\n<li>Red\u00e9marrez votre ordinateur.<\/li>\n\n\n\n<li>Ouvrez le fichier de r\u00e9ponse en format CSV.<\/li>\n<\/ol>\n\n\n\n<div style=\"height:20px\" aria-hidden=\"true\" class=\"wp-block-spacer\"><\/div>\n\n\n\n<figure class=\"wp-block-image size-large\"><img loading=\"lazy\" decoding=\"async\" width=\"1024\" height=\"826\" src=\"https:\/\/articles.alpha.canada.ca\/uploads\/sites\/11\/2025\/12\/image-1-1024x826.png\" alt=\"\" class=\"wp-image-3256\" srcset=\"https:\/\/articles.alpha.canada.ca\/uploads\/sites\/11\/2025\/12\/image-1-1024x826.png 1024w, https:\/\/articles.alpha.canada.ca\/uploads\/sites\/11\/2025\/12\/image-1-300x242.png 300w, https:\/\/articles.alpha.canada.ca\/uploads\/sites\/11\/2025\/12\/image-1-768x619.png 768w, https:\/\/articles.alpha.canada.ca\/uploads\/sites\/11\/2025\/12\/image-1-1536x1238.png 1536w, https:\/\/articles.alpha.canada.ca\/uploads\/sites\/11\/2025\/12\/image-1-2048x1651.png 2048w\" sizes=\"auto, (max-width: 1024px) 100vw, 1024px\" \/><\/figure>\n\n\n\n<figure class=\"wp-block-image size-large\"><img loading=\"lazy\" decoding=\"async\" width=\"720\" height=\"1024\" src=\"https:\/\/articles.alpha.canada.ca\/uploads\/sites\/11\/2025\/12\/image-3-720x1024.png\" alt=\"\" class=\"wp-image-3260\" srcset=\"https:\/\/articles.alpha.canada.ca\/uploads\/sites\/11\/2025\/12\/image-3-720x1024.png 720w, https:\/\/articles.alpha.canada.ca\/uploads\/sites\/11\/2025\/12\/image-3-211x300.png 211w, https:\/\/articles.alpha.canada.ca\/uploads\/sites\/11\/2025\/12\/image-3-768x1092.png 768w, https:\/\/articles.alpha.canada.ca\/uploads\/sites\/11\/2025\/12\/image-3.png 802w\" sizes=\"auto, (max-width: 720px) 100vw, 720px\" \/><\/figure>\n\n\n\n<div style=\"height:20px\" aria-hidden=\"true\" class=\"wp-block-spacer\"><\/div>\n\n\n\n<div class=\"wp-block-group has-background\" style=\"background-color:#5c4ea2\"><div class=\"wp-block-group__inner-container is-layout-constrained wp-block-group-is-layout-constrained\">\n<h2 class=\"wp-block-heading has-text-align-center has-white-color has-text-color has-link-color wp-elements-5e68f7ffc550da5a0533ff0055ffaa73\" id=\"h-vous-n-avez-pas-trouve-ce-que-vous-cherchiez\">Vous n\u2019avez pas trouv\u00e9 ce que vous cherchiez?<\/h2>\n\n\n\n<div class=\"wp-block-buttons is-content-justification-center is-layout-flex wp-container-26 wp-block-buttons-is-layout-flex\">\n   <div class=\"wp-block-button is-style-outline has-text-align-center has-custom-font-size has-regular-font-size\" style=\"font-style:normal;font-weight:400\">\n      <a href=\"https:\/\/forms-formulaires.alpha.canada.ca\/fr\/form-builder\/support\" target=\"_blank\" aria-labelledby=\"Contacter l'\u00e9quipe de soutien\" class=\"wp-block-button__link has-primary-blue-color has-white-background-color has-text-color has-background wp-element-button\" style=\"margin-top:16px;border-radius:6px;padding-top:6px;padding-right:16px;padding-bottom:6px;padding-left:16px\" rel=\"noopener\">Contacter l&rsquo;\u00e9quipe de soutien<img decoding=\"async\" src=\"https:\/\/articles.alpha.canada.ca\/uploads\/sites\/11\/2023\/09\/external-icon-1.svg\" style=\"margin-left: 8px;height:20px;width:20px\" alt=\"\" aria-hidden=\"true\"><\/a>\n   <\/div>\n<\/div>\n<\/br>\n<\/div><\/div>\n","protected":false},"excerpt":{"rendered":"<p>Les diff\u00e9rentes langues ont des d\u00e9limiteurs et des s\u00e9parateurs diff\u00e9rents, ce qui peut parfois poser un probl\u00e8me lorsqu&rsquo;il s&rsquo;agit de r\u00e9pondre aux besoins de plusieurs publics. Si vous travaillez sur un poste de travail Windows en fran\u00e7ais, il est possible que vous rencontriez un probl\u00e8me d&rsquo;ouverture des fichiers CSV, dont les donn\u00e9es s&rsquo;affichent en lignes\u2026 <a class=\"read-more\" href=\"https:\/\/articles.alpha.canada.ca\/forms-formulaires\/fr\/ouvrir-des-reponses-en-format-csv-sur-un-poste-de-travail-francais\/\">Read more<span class=\"wb-sl\"> of Ouvrir des r\u00e9ponses en format CSV sur un poste de travail fran\u00e7ais<\/span><\/a><\/p>\n","protected":false},"author":235,"featured_media":0,"parent":0,"menu_order":0,"comment_status":"closed","ping_status":"closed","template":"","meta":{"footnotes":""},"class_list":["post-3253","page","type-page","status-publish","hentry"],"slug_en":"opening-a-csv-response-file-on-a-french-workstation","slug_fr":"ouvrir-des-reponses-en-format-csv-sur-un-poste-de-travail-francais","id_en":3263,"id_fr":3253,"lang":"fr","_links":{"self":[{"href":"https:\/\/articles.alpha.canada.ca\/forms-formulaires\/fr\/wp-json\/wp\/v2\/pages\/3253","targetHints":{"allow":["GET"]}}],"collection":[{"href":"https:\/\/articles.alpha.canada.ca\/forms-formulaires\/fr\/wp-json\/wp\/v2\/pages"}],"about":[{"href":"https:\/\/articles.alpha.canada.ca\/forms-formulaires\/fr\/wp-json\/wp\/v2\/types\/page"}],"author":[{"embeddable":true,"href":"https:\/\/articles.alpha.canada.ca\/forms-formulaires\/fr\/wp-json\/wp\/v2\/users\/235"}],"replies":[{"embeddable":true,"href":"https:\/\/articles.alpha.canada.ca\/forms-formulaires\/fr\/wp-json\/wp\/v2\/comments?post=3253"}],"version-history":[{"count":4,"href":"https:\/\/articles.alpha.canada.ca\/forms-formulaires\/fr\/wp-json\/wp\/v2\/pages\/3253\/revisions"}],"predecessor-version":[{"id":3308,"href":"https:\/\/articles.alpha.canada.ca\/forms-formulaires\/fr\/wp-json\/wp\/v2\/pages\/3253\/revisions\/3308"}],"wp:attachment":[{"href":"https:\/\/articles.alpha.canada.ca\/forms-formulaires\/fr\/wp-json\/wp\/v2\/media?parent=3253"}],"curies":[{"name":"wp","href":"https:\/\/api.w.org\/{rel}","templated":true}]}}