{"id":361,"date":"2022-07-14T14:34:46","date_gmt":"2022-07-14T14:34:46","guid":{"rendered":"https:\/\/articles.alpha.canada.ca\/?page_id=361"},"modified":"2022-07-14T14:34:49","modified_gmt":"2022-07-14T14:34:49","slug":"avis-de-confidentialite-%ef%bf%bc","status":"publish","type":"page","link":"https:\/\/articles.alpha.canada.ca\/fr\/avis-de-confidentialite-%ef%bf%bc\/","title":{"rendered":"Avis de confidentialit\u00e9\u00a0\u00a0\ufffc"},"content":{"rendered":"\n<p>Votre abonnement aux mises \u00e0 jour est g\u00e9r\u00e9 par le <a href=\"https:\/\/www.canada.ca\/fr\/secretariat-conseil-tresor.html\">Secr\u00e9tariat du Conseil du Tr\u00e9sor du Canada<\/a>. Vous recevrez un courriel de confirmation au moment de vous abonner. Si vous avez re\u00e7u un courriel de confirmation sans vous \u00eatre abonn\u00e9\u00b7e, il est possible qu\u2019un minist\u00e8re ou un organisme de l\u2019administration f\u00e9d\u00e9rale ait ajout\u00e9 votre adresse courriel dans notre syst\u00e8me en votre nom.&nbsp;<\/p>\n\n\n\n<h2 class=\"wp-block-heading\" id=\"h-protection-de-votre-vie-privee\"><strong>Protection de votre vie priv\u00e9e<\/strong><\/h2>\n\n\n\n<p>Votre abonnement n\u2019est pas obligatoire et n\u2019aura aucune incidence sur votre acc\u00e8s aux services et avantages offerts par le <a href=\"https:\/\/www.canada.ca\/\">gouvernement du Canada<\/a>. Seule votre adresse courriel est conserv\u00e9e lors de l\u2019abonnement. D\u2019ailleurs, l\u2019abonnement ne donne pas lieu \u00e0 la cr\u00e9ation de profils, et les adresses courriel sont conserv\u00e9es en toute s\u00e9curit\u00e9.&nbsp;<\/p>\n\n\n\n<h2 class=\"wp-block-heading\" id=\"h-se-desabonner-en-tout-temps\"><strong>Se d\u00e9sabonner en tout temps&nbsp;<\/strong><\/h2>\n\n\n\n<p>Vous trouverez \u00e0 la fin de chaque courriel un lien vous permettant de vous d\u00e9sabonner. Ce lien m\u00e8ne \u00e0 une page o\u00f9 vous recevrez une confirmation de d\u00e9sabonnement.&nbsp;<\/p>\n\n\n\n<p>La <a href=\"https:\/\/laws-lois.justice.gc.ca\/fra\/lois\/p-21\/index.html\"><em>Loi sur la protection des renseignements personnels<\/em><\/a> prot\u00e8ge votre droit de consulter, v\u00e9rifier et modifier vos renseignements personnels. Si vous faites une demande de correction de votre adresse courriel, le syst\u00e8me en fera automatiquement la mise \u00e0 jour.&nbsp;<\/p>\n\n\n\n<h2 class=\"wp-block-heading\" id=\"h-analytique-web-pour-ameliorer-votre-experience\"><strong>Analytique Web pour am\u00e9liorer votre exp\u00e9rience&nbsp;&nbsp;<\/strong><\/h2>\n\n\n\n<p>L\u2019analytique Web nous renseigne sur des donn\u00e9es telles que le type de navigateur utilis\u00e9 pour visiter le site Web, les pages visit\u00e9es et les liens suivis. Ces renseignements nous aident \u00e0 savoir comment s\u2019utilise notre site Web ainsi qu\u2019\u00e0 am\u00e9liorer votre exp\u00e9rience.<\/p>\n\n\n\n<p>Ce site a recours \u00e0 un fournisseur de services tiers, Google Inc. (Google Analytics). Nous n\u2019utilisons pas l\u2019analytique Web pour collecter des renseignements susceptibles de vous identifier ou vous localiser, comme votre adresse IP.<\/p>\n\n\n\n<h2 class=\"wp-block-heading\" id=\"h-a-notre-sujet\"><strong>\u00c0 notre sujet&nbsp;<\/strong><\/h2>\n\n\n\n<p>Le <a href=\"https:\/\/www.canada.ca\/fr\/secretariat-conseil-tresor.html\">Secr\u00e9tariat du Conseil du Tr\u00e9sor du Canada<\/a> fait partie du <a href=\"https:\/\/www.canada.ca\/\">gouvernement du Canada<\/a>. L\u2019article&nbsp;7 de la <a href=\"https:\/\/laws-lois.justice.gc.ca\/fra\/lois\/f-11\/\"><em>Loi sur la gestion des finances publiques<\/em><\/a><em> <\/em>nous autorise \u00e0 recueillir et \u00e0 stocker des renseignements personnels.<\/p>\n\n\n\n<h2 class=\"wp-block-heading\" id=\"h-questions-ou-plaintes\"><strong>Questions ou plaintes<\/strong><\/h2>\n\n\n\n<p>Pour toute question concernant l\u2019utilisation de vos renseignements personnels, veuillez communiquer avec le coordonnateur de l\u2019acc\u00e8s \u00e0 l\u2019information et de la protection des renseignements personnels du <a href=\"https:\/\/www.canada.ca\/fr\/secretariat-conseil-tresor.html\">Secr\u00e9tariat du Conseil du Tr\u00e9sor du Canada&nbsp;<\/a>:&nbsp;&nbsp;&nbsp;<\/p>\n\n\n\n<p><a href=\"mailto:ATIP.AIPRP@tbs-sct.gc.ca\">ATIP.AIPRP@tbs-sct.gc.ca<br><\/a>1&nbsp;866-312-1511<\/p>\n\n\n\n<p>Pour toute plainte concernant la gestion de vos renseignements personnels, veuillez communiquer avec le <a href=\"https:\/\/www.priv.gc.ca\/fr\/\">Commissariat \u00e0 la protection de la vie priv\u00e9e du Canada<\/a>.&nbsp;<\/p>\n\n\n\n<p><a href=\"mailto:info@priv.gc.ca\">info@priv.gc.ca<br><\/a>1-800-282-1376<\/p>\n","protected":false},"excerpt":{"rendered":"<p>Votre abonnement aux mises \u00e0 jour est g\u00e9r\u00e9 par le Secr\u00e9tariat du Conseil du Tr\u00e9sor du Canada. Vous recevrez un courriel de confirmation au moment de vous abonner. Si vous avez re\u00e7u un courriel de confirmation sans vous \u00eatre abonn\u00e9\u00b7e, il est possible qu\u2019un minist\u00e8re ou un organisme de l\u2019administration f\u00e9d\u00e9rale ait ajout\u00e9 votre adresse\u2026 <a class=\"read-more\" href=\"https:\/\/articles.alpha.canada.ca\/fr\/avis-de-confidentialite-%ef%bf%bc\/\">Read more<span class=\"wb-sl\"> of Avis de confidentialit\u00e9\u00a0\u00a0\ufffc<\/span><\/a><\/p>\n","protected":false},"author":2,"featured_media":0,"parent":0,"menu_order":0,"comment_status":"closed","ping_status":"closed","template":"","meta":{"footnotes":""},"class_list":["post-361","page","type-page","status-publish","hentry"],"slug_en":"subscriber-privacy-policy","slug_fr":"avis-de-confidentialite-%ef%bf%bc","id_en":247,"id_fr":361,"lang":"fr","_links":{"self":[{"href":"https:\/\/articles.alpha.canada.ca\/fr\/wp-json\/wp\/v2\/pages\/361","targetHints":{"allow":["GET"]}}],"collection":[{"href":"https:\/\/articles.alpha.canada.ca\/fr\/wp-json\/wp\/v2\/pages"}],"about":[{"href":"https:\/\/articles.alpha.canada.ca\/fr\/wp-json\/wp\/v2\/types\/page"}],"author":[{"embeddable":true,"href":"https:\/\/articles.alpha.canada.ca\/fr\/wp-json\/wp\/v2\/users\/2"}],"replies":[{"embeddable":true,"href":"https:\/\/articles.alpha.canada.ca\/fr\/wp-json\/wp\/v2\/comments?post=361"}],"version-history":[{"count":1,"href":"https:\/\/articles.alpha.canada.ca\/fr\/wp-json\/wp\/v2\/pages\/361\/revisions"}],"predecessor-version":[{"id":362,"href":"https:\/\/articles.alpha.canada.ca\/fr\/wp-json\/wp\/v2\/pages\/361\/revisions\/362"}],"wp:attachment":[{"href":"https:\/\/articles.alpha.canada.ca\/fr\/wp-json\/wp\/v2\/media?parent=361"}],"curies":[{"name":"wp","href":"https:\/\/api.w.org\/{rel}","templated":true}]}}