{"id":612,"date":"2022-10-12T18:41:08","date_gmt":"2022-10-12T18:41:08","guid":{"rendered":"https:\/\/articles.alpha.canada.ca\/?page_id=612"},"modified":"2024-08-06T13:36:34","modified_gmt":"2024-08-06T13:36:34","slug":"articles-gc","status":"publish","type":"page","link":"https:\/\/articles.alpha.canada.ca\/fr\/","title":{"rendered":"Articles GC"},"content":{"rendered":"\n<p>Articles GC a \u00e9t\u00e9 mis en mode maintenance en octobre 2022 et ferm\u00e9 le <strong>1er ao\u00fbt 2024<\/strong>.<\/p>\n\n\n\n<p>Si vous avez des questions, veuillez nous contacter \u00e0 l&rsquo;adresse&nbsp;<a href=\"mailto:platform-mvp@cds-snc.ca\">platform-mvp@cds-snc.ca<\/a>. Vous pouvez en apprendre plus sur nos autres produits sur le&nbsp;<a href=\"https:\/\/numerique.canada.ca\/\">site web du Service num\u00e9rique canadien<\/a>.<\/p>\n","protected":false},"excerpt":{"rendered":"<p>Articles GC a \u00e9t\u00e9 mis en mode maintenance en octobre 2022 et ferm\u00e9 le 1er ao\u00fbt 2024. Si vous avez des questions, veuillez nous contacter \u00e0 l&rsquo;adresse&nbsp;platform-mvp@cds-snc.ca. Vous pouvez en apprendre plus sur nos autres produits sur le&nbsp;site web du Service num\u00e9rique canadien.<\/p>\n","protected":false},"author":3,"featured_media":0,"parent":0,"menu_order":0,"comment_status":"closed","ping_status":"open","template":"","meta":{"footnotes":""},"class_list":["post-612","page","type-page","status-publish","hentry"],"slug_en":"gc-articles-home-page","slug_fr":"articles-gc","id_en":2,"id_fr":612,"lang":"fr","_links":{"self":[{"href":"https:\/\/articles.alpha.canada.ca\/fr\/wp-json\/wp\/v2\/pages\/612","targetHints":{"allow":["GET"]}}],"collection":[{"href":"https:\/\/articles.alpha.canada.ca\/fr\/wp-json\/wp\/v2\/pages"}],"about":[{"href":"https:\/\/articles.alpha.canada.ca\/fr\/wp-json\/wp\/v2\/types\/page"}],"author":[{"embeddable":true,"href":"https:\/\/articles.alpha.canada.ca\/fr\/wp-json\/wp\/v2\/users\/3"}],"replies":[{"embeddable":true,"href":"https:\/\/articles.alpha.canada.ca\/fr\/wp-json\/wp\/v2\/comments?post=612"}],"version-history":[{"count":13,"href":"https:\/\/articles.alpha.canada.ca\/fr\/wp-json\/wp\/v2\/pages\/612\/revisions"}],"predecessor-version":[{"id":766,"href":"https:\/\/articles.alpha.canada.ca\/fr\/wp-json\/wp\/v2\/pages\/612\/revisions\/766"}],"wp:attachment":[{"href":"https:\/\/articles.alpha.canada.ca\/fr\/wp-json\/wp\/v2\/media?parent=612"}],"curies":[{"name":"wp","href":"https:\/\/api.w.org\/{rel}","templated":true}]}}